{"id":1613,"date":"2015-08-10T05:53:49","date_gmt":"2015-08-10T05:53:49","guid":{"rendered":"http:\/\/yachtcharter-connection.com.w01e47c6.kasserver.com\/zadar-904\/"},"modified":"2018-01-06T14:27:17","modified_gmt":"2018-01-06T12:27:17","slug":"zadar-904","status":"publish","type":"page","link":"https:\/\/yachtcharter-connection.com\/es\/regiones\/mediterraneo\/alquiler-barcos-adriatico-norte\/zadar-904\/","title":{"rendered":"Zadar"},"content":{"rendered":"<h1><strong>Alquiler de barcos Zadar &#8211; veleros, motoras y yates de lujo<\/strong><\/h1>\n<p><img loading=\"lazy\" class=\"content-image\" src=\"https:\/\/yachtcharter-connection.com\/wp-content\/uploads\/converted_files\/20143\/20143-5624e0c97f7a9.jpg\" alt=\"Croacia-Kornati-Konoba\" width=\"300\" height=\"165\" \/>Zadar con casi 80.000 habitantes,un puerto con numerosas bases de Alquiler de barcos, se encuentra en el norte de Dalmacia en una lengua de tierra y al canal de Zadar &#8212; agua separa la ciudad de la tierra firme. Zadar mira atr\u00e1s a vario milas de a\u00f1os de historia y ofrece muchos monumentos y curiosidades tur\u00edsticas &#8211; comenzando con el foro romano hasta la catedral de la St. Anastasia en el estilo g\u00f3tico romano. De la torre de la catedral que tiene 56 metros de alto usted tiene una vista maravillosa de la ciudad vieja con muchos edificios en el estilo veneciano y plazas hist\u00f3ricas como la Piazza dei Signori.<\/p>\n<p>El puerto deportivo Zadar est\u00e1 directamente localizado al norte de la ciudad vieja. M\u00e1s de 300 islas est\u00e1n esperando muy cerca &#8211; los equipos que viajan en ch\u00e1rter est\u00e1n navegando generalmente de Zadar al parque nacional del archipi\u00e9lago de Kornati. Los parques nacionales Lagos de Plitvicer y Paklenica valen el ver tambi\u00e9n, y por supuesto el parque nacional de Krka con sus cascadas famosas es un punto de inter\u00e9s de muchos cruceros en esta regi\u00f3n.<\/p>\n","protected":false},"excerpt":{"rendered":"<p>Alquiler de barcos Zadar &#8211; veleros, motoras y yates de lujo Zadar con casi 80.000 habitantes,un puerto con numerosas bases de Alquiler de barcos, se encuentra en el norte de Dalmacia en una lengua de tierra y al canal de Zadar &#8212; agua separa la ciudad de la tierra firme.<\/p>\n","protected":false},"author":11,"featured_media":0,"parent":662,"menu_order":0,"comment_status":"open","ping_status":"open","template":"","meta":[],"aioseo_notices":[],"_links":{"self":[{"href":"https:\/\/yachtcharter-connection.com\/es\/wp-json\/wp\/v2\/pages\/1613"}],"collection":[{"href":"https:\/\/yachtcharter-connection.com\/es\/wp-json\/wp\/v2\/pages"}],"about":[{"href":"https:\/\/yachtcharter-connection.com\/es\/wp-json\/wp\/v2\/types\/page"}],"author":[{"embeddable":true,"href":"https:\/\/yachtcharter-connection.com\/es\/wp-json\/wp\/v2\/users\/11"}],"replies":[{"embeddable":true,"href":"https:\/\/yachtcharter-connection.com\/es\/wp-json\/wp\/v2\/comments?post=1613"}],"version-history":[{"count":3,"href":"https:\/\/yachtcharter-connection.com\/es\/wp-json\/wp\/v2\/pages\/1613\/revisions"}],"predecessor-version":[{"id":25803,"href":"https:\/\/yachtcharter-connection.com\/es\/wp-json\/wp\/v2\/pages\/1613\/revisions\/25803"}],"up":[{"embeddable":true,"href":"https:\/\/yachtcharter-connection.com\/es\/wp-json\/wp\/v2\/pages\/662"}],"wp:attachment":[{"href":"https:\/\/yachtcharter-connection.com\/es\/wp-json\/wp\/v2\/media?parent=1613"}],"curies":[{"name":"wp","href":"https:\/\/api.w.org\/{rel}","templated":true}]}}