{"id":1614,"date":"2015-08-10T05:53:49","date_gmt":"2015-08-10T05:53:49","guid":{"rendered":"http:\/\/yachtcharter-connection.com.w01e47c6.kasserver.com\/mallorca-palma-de-mallorca\/"},"modified":"2017-07-15T17:05:18","modified_gmt":"2017-07-15T15:05:18","slug":"mallorca-palma-de-mallorca","status":"publish","type":"page","link":"https:\/\/yachtcharter-connection.com\/es\/regiones\/mediterraneo\/alquiler-barcos-baleares-mallorca-menorca-ibiza\/mallorca-palma-de-mallorca\/","title":{"rendered":"Mallorca \/ Palma de Mallorca"},"content":{"rendered":"<h3>Alquiler de barcos Mallorca \/ Palma de Mallorca<\/h3>\n<p><a href=\"https:\/\/yachtcharter-connection.com\/wp-content\/uploads\/2015\/08\/Palma-Kathedrale-2-s.jpg\"><img loading=\"lazy\" class=\"alignleft  wp-image-24239\" src=\"https:\/\/yachtcharter-connection.com\/wp-content\/uploads\/2015\/08\/Palma-Kathedrale-2-s.jpg\" alt=\"Palma-Kathedrale-2-s\" width=\"564\" height=\"356\" srcset=\"https:\/\/yachtcharter-connection.com\/wp-content\/uploads\/2015\/08\/Palma-Kathedrale-2-s.jpg 600w, https:\/\/yachtcharter-connection.com\/wp-content\/uploads\/2015\/08\/Palma-Kathedrale-2-s-300x190.jpg 300w\" sizes=\"(max-width: 564px) 100vw, 564px\" \/><\/a>El puerto de Palma, que se extiende a lo largo del Paseo Mar\u00edtimo, lo conforman una serie de marinas y bases de Alquiler de barcos. Empezando por el Club de Mar en el oeste y pasando por la Marina Marina Cuarantena, el Pantal\u00e1n del Mediterr\u00e1neo, la marina pensada para superyates Marina Port de Mallorca y la Marina Naviera Balear con muchas companias de alquiler de barcos, hasta el Real Club N\u00e1utico en el este, donde encontramos, entre el Muelle Viejo y el contramuelle, adem\u00e1s la La Lonja Marina con bases de Alquiler de barcos.<\/p>\n<p>Todas se encuentran muy cerca del casco antiguo, con la catedral y los bares de tapas, y del Paseo Mar\u00edtimo y sus locales nocturnos, abiertos en verano hasta que despunta el alba y muy atractivo para los dem\u00e1s de los equipos de Alquiler de barcos.<\/p>\n<p><iframe loading=\"lazy\" src=\"https:\/\/www.youtube.com\/embed\/mv-1tKrCDaQ\" width=\"560\" height=\"315\" frameborder=\"0\" allowfullscreen=\"allowfullscreen\"><\/iframe><\/p>\n<p>&nbsp;<\/p>\n<p><strong><a href=\"https:\/\/yachtcharter-connection.com\/wp-content\/uploads\/2015\/08\/Palma-port-s.jpg\"><img loading=\"lazy\" class=\"alignleft  wp-image-24240\" src=\"https:\/\/yachtcharter-connection.com\/wp-content\/uploads\/2015\/08\/Palma-port-s.jpg\" alt=\"Palma-port-s\" width=\"561\" height=\"375\" srcset=\"https:\/\/yachtcharter-connection.com\/wp-content\/uploads\/2015\/08\/Palma-port-s.jpg 600w, https:\/\/yachtcharter-connection.com\/wp-content\/uploads\/2015\/08\/Palma-port-s-300x201.jpg 300w\" sizes=\"(max-width: 561px) 100vw, 561px\" \/><\/a>Yates de ch\u00e1rter Palma de Mallorca: En Palma de Mallorca se encontrar\u00e1 el yate perfecto para todos tipos de ch\u00e1rter: hay grandes flotas de yates de vela y catamaranes disponibles para sus vacaciones de alquiler en las Islas Baleares, as\u00ed como motoryachts, yates de ch\u00e1rter de lujo, s\u00faperyates y megayates.Se puede alquilar su mejor yate para navegar en Espa\u00f1a\u00a0 desde Palma de Mallorca online \u2013 o preg\u00fantenos por ofertas.<\/strong><\/p>\n","protected":false},"excerpt":{"rendered":"<p>Alquiler de barcos Mallorca \/ Palma de Mallorca El puerto de Palma, que se extiende a lo largo del Paseo Mar\u00edtimo, lo conforman una serie de marinas y bases de Alquiler de barcos. Empezando por el Club de Mar en el oeste y pasando por la Marina Marina Cuarantena, el<\/p>\n","protected":false},"author":11,"featured_media":0,"parent":667,"menu_order":0,"comment_status":"open","ping_status":"open","template":"","meta":[],"aioseo_notices":[],"_links":{"self":[{"href":"https:\/\/yachtcharter-connection.com\/es\/wp-json\/wp\/v2\/pages\/1614"}],"collection":[{"href":"https:\/\/yachtcharter-connection.com\/es\/wp-json\/wp\/v2\/pages"}],"about":[{"href":"https:\/\/yachtcharter-connection.com\/es\/wp-json\/wp\/v2\/types\/page"}],"author":[{"embeddable":true,"href":"https:\/\/yachtcharter-connection.com\/es\/wp-json\/wp\/v2\/users\/11"}],"replies":[{"embeddable":true,"href":"https:\/\/yachtcharter-connection.com\/es\/wp-json\/wp\/v2\/comments?post=1614"}],"version-history":[{"count":3,"href":"https:\/\/yachtcharter-connection.com\/es\/wp-json\/wp\/v2\/pages\/1614\/revisions"}],"predecessor-version":[{"id":24243,"href":"https:\/\/yachtcharter-connection.com\/es\/wp-json\/wp\/v2\/pages\/1614\/revisions\/24243"}],"up":[{"embeddable":true,"href":"https:\/\/yachtcharter-connection.com\/es\/wp-json\/wp\/v2\/pages\/667"}],"wp:attachment":[{"href":"https:\/\/yachtcharter-connection.com\/es\/wp-json\/wp\/v2\/media?parent=1614"}],"curies":[{"name":"wp","href":"https:\/\/api.w.org\/{rel}","templated":true}]}}