{"id":1615,"date":"2015-08-10T05:53:49","date_gmt":"2015-08-10T05:53:49","guid":{"rendered":"http:\/\/yachtcharter-connection.com.w01e47c6.kasserver.com\/mallorca-puerto-portals\/"},"modified":"2017-07-15T19:51:41","modified_gmt":"2017-07-15T17:51:41","slug":"mallorca-puerto-portals","status":"publish","type":"page","link":"https:\/\/yachtcharter-connection.com\/es\/regiones\/mediterraneo\/alquiler-barcos-baleares-mallorca-menorca-ibiza\/mallorca-puerto-portals\/","title":{"rendered":"Mallorca \/ Puerto Portals"},"content":{"rendered":"<h3>Alquiler de barcos Mallorca \/ Puerto Portals<\/h3>\n<p>\n<img loading=\"lazy\" class=\"content-image\"  width=\"300\" height=\"187\" alt=\"Ch\u00e1rter_Yates_De_Lujo_en_Puerto_Portals\" src=\"https:\/\/yachtcharter-connection.com\/wp-content\/uploads\/converted_files\/20145\/20145-5624e0cc65a17.jpg\" \/>Puerto Portals es un lugar elegante, meca del turismo de yates a motor, un lugar en el que dejarse ver, donde  se encuentra el famoso restaurante Tristan. <\/p>\n<p>Debido a los numerosos islotes y calas que se sit\u00faan enfrente, siempre encontramos un hermoso lugar en el que fondear; pero uno de los fondeaderos m\u00e1s apreciados y concurridos es el de la llamada Bah\u00eda de Tres Dedos en Portals Vells. Si fondeamos en illetas podemos pedir que nos traigan la comida a bordo desde el Beach Club. Y si elegimos Palmanova como lugar para fondear disfrutaremos de la playa. <\/p>\n<p><b>Ofrecemos varios yates de motor y yates de lujo con base en Puerto Portals. No dude en contactarnos.<\/b><\/p>\n<p><iframe loading=\"lazy\" width=\"560\" height=\"315\" src=\"https:\/\/www.youtube.com\/embed\/GtXX8-FW6fc\" frameborder=\"0\" allowfullscreen><\/iframe><\/p>\n<p><\/p>\n","protected":false},"excerpt":{"rendered":"<p>Alquiler de barcos Mallorca \/ Puerto Portals Puerto Portals es un lugar elegante, meca del turismo de yates a motor, un lugar en el que dejarse ver, donde se encuentra el famoso restaurante Tristan. Debido a los numerosos islotes y calas que se sit\u00faan enfrente, siempre encontramos un hermoso lugar<\/p>\n","protected":false},"author":11,"featured_media":0,"parent":667,"menu_order":0,"comment_status":"open","ping_status":"open","template":"","meta":[],"aioseo_notices":[],"_links":{"self":[{"href":"https:\/\/yachtcharter-connection.com\/es\/wp-json\/wp\/v2\/pages\/1615"}],"collection":[{"href":"https:\/\/yachtcharter-connection.com\/es\/wp-json\/wp\/v2\/pages"}],"about":[{"href":"https:\/\/yachtcharter-connection.com\/es\/wp-json\/wp\/v2\/types\/page"}],"author":[{"embeddable":true,"href":"https:\/\/yachtcharter-connection.com\/es\/wp-json\/wp\/v2\/users\/11"}],"replies":[{"embeddable":true,"href":"https:\/\/yachtcharter-connection.com\/es\/wp-json\/wp\/v2\/comments?post=1615"}],"version-history":[{"count":1,"href":"https:\/\/yachtcharter-connection.com\/es\/wp-json\/wp\/v2\/pages\/1615\/revisions"}],"predecessor-version":[{"id":14192,"href":"https:\/\/yachtcharter-connection.com\/es\/wp-json\/wp\/v2\/pages\/1615\/revisions\/14192"}],"up":[{"embeddable":true,"href":"https:\/\/yachtcharter-connection.com\/es\/wp-json\/wp\/v2\/pages\/667"}],"wp:attachment":[{"href":"https:\/\/yachtcharter-connection.com\/es\/wp-json\/wp\/v2\/media?parent=1615"}],"curies":[{"name":"wp","href":"https:\/\/api.w.org\/{rel}","templated":true}]}}