{"id":1616,"date":"2015-08-10T05:53:49","date_gmt":"2015-08-10T05:53:49","guid":{"rendered":"http:\/\/yachtcharter-connection.com.w01e47c6.kasserver.com\/mallorca-puerto-adriano\/"},"modified":"2017-09-19T15:01:15","modified_gmt":"2017-09-19T13:01:15","slug":"mallorca-puerto-adriano","status":"publish","type":"page","link":"https:\/\/yachtcharter-connection.com\/es\/regiones\/mediterraneo\/alquiler-barcos-baleares-mallorca-menorca-ibiza\/mallorca-puerto-adriano\/","title":{"rendered":"Mallorca \/ Puerto Adriano"},"content":{"rendered":"<h3>Alquiler de barcos Mallorca \/ Puerto Adriano &#8211; Port Adriano<\/h3>\n<p><a href=\"https:\/\/yachtcharter-connection.com\/wp-content\/uploads\/2015\/08\/Port-Adriano-3wh-600.jpg\"><img loading=\"lazy\" class=\"alignleft size-full wp-image-24716\" src=\"https:\/\/yachtcharter-connection.com\/wp-content\/uploads\/2015\/08\/Port-Adriano-3wh-600.jpg\" alt=\"Port-Adriano-3wh-600\" width=\"600\" height=\"433\" srcset=\"https:\/\/yachtcharter-connection.com\/wp-content\/uploads\/2015\/08\/Port-Adriano-3wh-600.jpg 600w, https:\/\/yachtcharter-connection.com\/wp-content\/uploads\/2015\/08\/Port-Adriano-3wh-600-300x217.jpg 300w\" sizes=\"(max-width: 600px) 100vw, 600px\" \/><\/a>Port Adriano, tambi\u00e9n llamado El Toro, parte de Santa Ponsa en la parte suroeste de Mallorca, tiene mucho que ofrecer: la parte m\u00e1s antigua del puerto deportivo, que consta de edificios de estilo espa\u00f1ol con bares y restaurantes, oficinas de venta de yates, etc. &#8211; y la nueva parte, el famoso puerto deportivo de superyates dise\u00f1ado por Philippe Starck, as\u00ed como muchos amarres para superyates y megayates. El elegante edificio de la marina est\u00e1 lleno de tiendas de dise\u00f1o, una tienda de juguetes acu\u00e1ticos, inmobiliarias, restaurantes de todos los estilos y empresas de venta de yates &#8230; Los turistas de alquiler de yates tambi\u00e9n pueden disfrutar de la playa directamente al lado del puerto, hacer las compras en los supermercados en El Toro, el pueblo sobre el puerto.<\/p>\n<p>Algunos yates de lujo de alquiler con tripulaci\u00f3n se basan en Port Adriano &#8211; y tambi\u00e9n hay algunos yates de motor para alquiler sin tripulaci\u00f3n.<\/p>\n<p>&nbsp;<\/p>\n<p><a href=\"https:\/\/yachtcharter-connection.com\/wp-content\/uploads\/2015\/08\/Port-Adriano-totalewh-600.jpg\"><img loading=\"lazy\" class=\"alignleft size-full wp-image-24717\" src=\"https:\/\/yachtcharter-connection.com\/wp-content\/uploads\/2015\/08\/Port-Adriano-totalewh-600.jpg\" alt=\"Port Adriano\" width=\"600\" height=\"339\" srcset=\"https:\/\/yachtcharter-connection.com\/wp-content\/uploads\/2015\/08\/Port-Adriano-totalewh-600.jpg 600w, https:\/\/yachtcharter-connection.com\/wp-content\/uploads\/2015\/08\/Port-Adriano-totalewh-600-300x170.jpg 300w\" sizes=\"(max-width: 600px) 100vw, 600px\" \/><\/a><\/p>\n","protected":false},"excerpt":{"rendered":"<p>Alquiler de barcos Mallorca \/ Puerto Adriano &#8211; Port Adriano Port Adriano, tambi\u00e9n llamado El Toro, parte de Santa Ponsa en la parte suroeste de Mallorca, tiene mucho que ofrecer: la parte m\u00e1s antigua del puerto deportivo, que consta de edificios de estilo espa\u00f1ol con bares y restaurantes, oficinas de<\/p>\n","protected":false},"author":11,"featured_media":0,"parent":667,"menu_order":0,"comment_status":"open","ping_status":"open","template":"","meta":[],"aioseo_notices":[],"_links":{"self":[{"href":"https:\/\/yachtcharter-connection.com\/es\/wp-json\/wp\/v2\/pages\/1616"}],"collection":[{"href":"https:\/\/yachtcharter-connection.com\/es\/wp-json\/wp\/v2\/pages"}],"about":[{"href":"https:\/\/yachtcharter-connection.com\/es\/wp-json\/wp\/v2\/types\/page"}],"author":[{"embeddable":true,"href":"https:\/\/yachtcharter-connection.com\/es\/wp-json\/wp\/v2\/users\/11"}],"replies":[{"embeddable":true,"href":"https:\/\/yachtcharter-connection.com\/es\/wp-json\/wp\/v2\/comments?post=1616"}],"version-history":[{"count":3,"href":"https:\/\/yachtcharter-connection.com\/es\/wp-json\/wp\/v2\/pages\/1616\/revisions"}],"predecessor-version":[{"id":24723,"href":"https:\/\/yachtcharter-connection.com\/es\/wp-json\/wp\/v2\/pages\/1616\/revisions\/24723"}],"up":[{"embeddable":true,"href":"https:\/\/yachtcharter-connection.com\/es\/wp-json\/wp\/v2\/pages\/667"}],"wp:attachment":[{"href":"https:\/\/yachtcharter-connection.com\/es\/wp-json\/wp\/v2\/media?parent=1616"}],"curies":[{"name":"wp","href":"https:\/\/api.w.org\/{rel}","templated":true}]}}