{"id":1617,"date":"2015-08-10T05:53:49","date_gmt":"2015-08-10T05:53:49","guid":{"rendered":"http:\/\/yachtcharter-connection.com.w01e47c6.kasserver.com\/mallorca-ca-n-pastilla\/"},"modified":"2017-07-15T16:55:31","modified_gmt":"2017-07-15T14:55:31","slug":"mallorca-ca-n-pastilla","status":"publish","type":"page","link":"https:\/\/yachtcharter-connection.com\/es\/regiones\/mediterraneo\/alquiler-barcos-baleares-mallorca-menorca-ibiza\/mallorca-ca-n-pastilla\/","title":{"rendered":"Mallorca \/ Ca\u2019 n Pastilla"},"content":{"rendered":"<h3>Alquiler de barcos Mallorca \/ Ca&#8217;n Pastilla<\/h3>\n<p>\n<img loading=\"lazy\" class=\"content-image\"  width=\"300\" height=\"200\" alt=\"Cala Estancia al lado de Can Pastilla\" src=\"https:\/\/yachtcharter-connection.com\/wp-content\/uploads\/converted_files\/20149\/20149-5624e0cde7f5e.jpg\" \/>Ca&#8217;n Pastilla es un suburbio animado de Palma igualmente popular entre los que viven y trabajan aqu\u00ed y los turistas, situado cerca del aeropuerto. Aqu\u00ed, directamente al club Mar\u00edtimo San Antonio de la Playa del puerto deportivo, es el extremo norte\u00f1o de la playa famosa Playa de Palma. La bah\u00eda Cala Estancia est\u00e1 situado al lado del puerto deportivo con varias bases del Alquiler de barcos. <\/p>\n<p>En Ca&#8217;n Pastilla hay todas las clases de tiendas y supermercados, barras y los restaurantes, los caf\u00e9s del Internet, y usted pueden relajarse en el club con estilo de Puro Beach. <\/p>\n<p>Las instalaciones del servicio ofrecen a los navegantes todo que necesitan. Y la terraza de la barra en el Club es el lugar ideal para el \u00faltimo desayuno antes de navegar, con la vista al puerto deportivo y a la bah\u00eda.<\/p>\n<p><iframe loading=\"lazy\" width=\"560\" height=\"315\" src=\"https:\/\/www.youtube.com\/embed\/HAzc-u02O6Y\" frameborder=\"0\" allowfullscreen><\/iframe><\/p>\n<p><\/p>\n","protected":false},"excerpt":{"rendered":"<p>Alquiler de barcos Mallorca \/ Ca&#8217;n Pastilla Ca&#8217;n Pastilla es un suburbio animado de Palma igualmente popular entre los que viven y trabajan aqu\u00ed y los turistas, situado cerca del aeropuerto. Aqu\u00ed, directamente al club Mar\u00edtimo San Antonio de la Playa del puerto deportivo, es el extremo norte\u00f1o de la<\/p>\n","protected":false},"author":11,"featured_media":0,"parent":667,"menu_order":0,"comment_status":"open","ping_status":"open","template":"","meta":[],"aioseo_notices":[],"_links":{"self":[{"href":"https:\/\/yachtcharter-connection.com\/es\/wp-json\/wp\/v2\/pages\/1617"}],"collection":[{"href":"https:\/\/yachtcharter-connection.com\/es\/wp-json\/wp\/v2\/pages"}],"about":[{"href":"https:\/\/yachtcharter-connection.com\/es\/wp-json\/wp\/v2\/types\/page"}],"author":[{"embeddable":true,"href":"https:\/\/yachtcharter-connection.com\/es\/wp-json\/wp\/v2\/users\/11"}],"replies":[{"embeddable":true,"href":"https:\/\/yachtcharter-connection.com\/es\/wp-json\/wp\/v2\/comments?post=1617"}],"version-history":[{"count":1,"href":"https:\/\/yachtcharter-connection.com\/es\/wp-json\/wp\/v2\/pages\/1617\/revisions"}],"predecessor-version":[{"id":14182,"href":"https:\/\/yachtcharter-connection.com\/es\/wp-json\/wp\/v2\/pages\/1617\/revisions\/14182"}],"up":[{"embeddable":true,"href":"https:\/\/yachtcharter-connection.com\/es\/wp-json\/wp\/v2\/pages\/667"}],"wp:attachment":[{"href":"https:\/\/yachtcharter-connection.com\/es\/wp-json\/wp\/v2\/media?parent=1617"}],"curies":[{"name":"wp","href":"https:\/\/api.w.org\/{rel}","templated":true}]}}