{"id":1618,"date":"2015-08-10T05:53:49","date_gmt":"2015-08-10T05:53:49","guid":{"rendered":"http:\/\/yachtcharter-connection.com.w01e47c6.kasserver.com\/mallorca-puerto-de-alcudia\/"},"modified":"2017-07-15T19:33:19","modified_gmt":"2017-07-15T17:33:19","slug":"mallorca-puerto-de-alcudia","status":"publish","type":"page","link":"https:\/\/yachtcharter-connection.com\/es\/regiones\/mediterraneo\/alquiler-barcos-baleares-mallorca-menorca-ibiza\/mallorca-puerto-de-alcudia\/","title":{"rendered":"Mallorca \/ Puerto de Alc\u00fadia"},"content":{"rendered":"<h3>Alquiler de barcos Puerto de Alcudia<\/h3>\n<p>\n<img class=\"content-image\"  style=\"width: 300px; height: 206px;\" alt=\"Mallorca-ch\u00e1rter de yates-Puerto de Alcudia\" src=\"https:\/\/yachtcharter-connection.com\/wp-content\/uploads\/converted_files\/20152\/20152-5624e0cf57a84.jpg\" \/>Alcudiamar, el puerto deportivo de Puerto de Alcudia, ofrece al navegante ch\u00e1rter todo lo necesario: amarres, todo lo que se necesita a bordo, la posibilidad de ir de compras o salir a cenar, y lugares muy atractivos para visitar en la zona, como son Alcudia, con sus ruinas romanas, o Pollensa. \u00c9sta es tambi\u00e9n la regi\u00f3n donde est\u00e1n las mejores fincas. <\/p>\n<p>Puerto de Alcudia es una comunidad tur\u00edsica con mucha vida en verano &#8211; con una grande selecci\u00f3n de restaurantes y bares &#8211; y una playa fant\u00e1stica muy larga que comienza directamente al puerto deportivo. Los navegantes que comienzan su viaje en ch\u00e1rter en Puerto de Alcudia, a veces s\u00f3lo se quedan en las bah\u00edas de Alcudia y Pollensa para disfrutar las calas ancleando y los buenos vientos en las bah\u00edas &#8211; o navegan direcci\u00f3n Port Soller, pasando el fascinante Cabo de Formentor &#8211; o toman rumbo hasta la isla de Menorca&#8230;.<\/p>\n<h3><strong>Yates de ch\u00e1rter Puerto de Alcudia<\/strong><\/h3>\n<p>\nPara ch\u00e1rter de yates en Puerto de Alcudia, hay una flota de veleros desde 32 hasta 55 pies &#8211; los dem\u00e1s de Jeanneau tipo Sun Odyssey y de Bavaria.<br \/>\n<img class=\"content-image\"  style=\"width: 300px; height: 225px;\" alt=\"Puerto_Alcudia_playa.JPG\" src=\"https:\/\/yachtcharter-connection.com\/wp-content\/uploads\/converted_files\/20152\/20152-5624e0d09a5a8.jpg\" \/><\/p>\n","protected":false},"excerpt":{"rendered":"<p>Alquiler de barcos Puerto de Alcudia Alcudiamar, el puerto deportivo de Puerto de Alcudia, ofrece al navegante ch\u00e1rter todo lo necesario: amarres, todo lo que se necesita a bordo, la posibilidad de ir de compras o salir a cenar, y lugares muy atractivos para visitar en la zona, como son<\/p>\n","protected":false},"author":11,"featured_media":0,"parent":667,"menu_order":0,"comment_status":"open","ping_status":"open","template":"","meta":[],"aioseo_notices":[],"_links":{"self":[{"href":"https:\/\/yachtcharter-connection.com\/es\/wp-json\/wp\/v2\/pages\/1618"}],"collection":[{"href":"https:\/\/yachtcharter-connection.com\/es\/wp-json\/wp\/v2\/pages"}],"about":[{"href":"https:\/\/yachtcharter-connection.com\/es\/wp-json\/wp\/v2\/types\/page"}],"author":[{"embeddable":true,"href":"https:\/\/yachtcharter-connection.com\/es\/wp-json\/wp\/v2\/users\/11"}],"replies":[{"embeddable":true,"href":"https:\/\/yachtcharter-connection.com\/es\/wp-json\/wp\/v2\/comments?post=1618"}],"version-history":[{"count":1,"href":"https:\/\/yachtcharter-connection.com\/es\/wp-json\/wp\/v2\/pages\/1618\/revisions"}],"predecessor-version":[{"id":14190,"href":"https:\/\/yachtcharter-connection.com\/es\/wp-json\/wp\/v2\/pages\/1618\/revisions\/14190"}],"up":[{"embeddable":true,"href":"https:\/\/yachtcharter-connection.com\/es\/wp-json\/wp\/v2\/pages\/667"}],"wp:attachment":[{"href":"https:\/\/yachtcharter-connection.com\/es\/wp-json\/wp\/v2\/media?parent=1618"}],"curies":[{"name":"wp","href":"https:\/\/api.w.org\/{rel}","templated":true}]}}