{"id":1619,"date":"2015-08-10T05:53:49","date_gmt":"2015-08-10T05:53:49","guid":{"rendered":"http:\/\/yachtcharter-connection.com.w01e47c6.kasserver.com\/mallorca-el-arenal\/"},"modified":"2017-07-15T17:00:52","modified_gmt":"2017-07-15T15:00:52","slug":"mallorca-el-arenal","status":"publish","type":"page","link":"https:\/\/yachtcharter-connection.com\/es\/regiones\/mediterraneo\/alquiler-barcos-baleares-mallorca-menorca-ibiza\/mallorca-el-arenal\/","title":{"rendered":"Mallorca \/ El Arenal"},"content":{"rendered":"<p>Alquiler de barcos Mallorca &#8211; El Arenal<\/p>\n<p><img class=\"content-image\"  src=\"https:\/\/yachtcharter-connection.com\/wp-content\/uploads\/converted_files\/20153\/20153-5624e0d1dd809.jpg\" alt=\"Alquiler-barcos-El-Arenal.JPG\" style=\"width: 300px; height: 225px;\" \/>El puerto deportivo de El Arenal, con su base de alquiler de barcos, est\u00e1 situado en el extremo sur de la larga Playa de Palma &#8211; muy bien ajardinada con palmeras y piscina, buen restaurante &#8211; y justo al lado de la playa de arena. Desde el aeropuerto de El Arenal, es muy cerca, s\u00f3lo unos 10 minutos en coche. La antigua ciudad de El Arenal est\u00e1 menos influenciado por los turistas alemanes (que se adhieren a algunos Balnearios m\u00e1s al norte), m\u00e1s que por los lugare\u00f1os y los turistas espa\u00f1oles. Hay muchas tiendas y bares para las tripulaciones de alquiler de barcos, e incluso un antiguo pueblo espa\u00f1ol.<\/p>\n<p>La base de alquiler de barcos en el puerto de Arenal opera una moderna flota de monocascos y especialmente catamaranes.<\/p>\n<p><iframe loading=\"lazy\" width=\"560\" height=\"315\" src=\"https:\/\/www.youtube.com\/embed\/YM4l9ShkWAE\" frameborder=\"0\" allowfullscreen><\/iframe><\/p>\n<p><\/p>\n","protected":false},"excerpt":{"rendered":"<p>Alquiler de barcos Mallorca &#8211; El Arenal El puerto deportivo de El Arenal, con su base de alquiler de barcos, est\u00e1 situado en el extremo sur de la larga Playa de Palma &#8211; muy bien ajardinada con palmeras y piscina, buen restaurante &#8211; y justo al lado de la playa<\/p>\n","protected":false},"author":11,"featured_media":0,"parent":667,"menu_order":0,"comment_status":"open","ping_status":"open","template":"","meta":[],"aioseo_notices":[],"_links":{"self":[{"href":"https:\/\/yachtcharter-connection.com\/es\/wp-json\/wp\/v2\/pages\/1619"}],"collection":[{"href":"https:\/\/yachtcharter-connection.com\/es\/wp-json\/wp\/v2\/pages"}],"about":[{"href":"https:\/\/yachtcharter-connection.com\/es\/wp-json\/wp\/v2\/types\/page"}],"author":[{"embeddable":true,"href":"https:\/\/yachtcharter-connection.com\/es\/wp-json\/wp\/v2\/users\/11"}],"replies":[{"embeddable":true,"href":"https:\/\/yachtcharter-connection.com\/es\/wp-json\/wp\/v2\/comments?post=1619"}],"version-history":[{"count":1,"href":"https:\/\/yachtcharter-connection.com\/es\/wp-json\/wp\/v2\/pages\/1619\/revisions"}],"predecessor-version":[{"id":14183,"href":"https:\/\/yachtcharter-connection.com\/es\/wp-json\/wp\/v2\/pages\/1619\/revisions\/14183"}],"up":[{"embeddable":true,"href":"https:\/\/yachtcharter-connection.com\/es\/wp-json\/wp\/v2\/pages\/667"}],"wp:attachment":[{"href":"https:\/\/yachtcharter-connection.com\/es\/wp-json\/wp\/v2\/media?parent=1619"}],"curies":[{"name":"wp","href":"https:\/\/api.w.org\/{rel}","templated":true}]}}