{"id":1621,"date":"2015-08-10T05:53:49","date_gmt":"2015-08-10T05:53:49","guid":{"rendered":"http:\/\/yachtcharter-connection.com.w01e47c6.kasserver.com\/ibiza-eivissa-646\/"},"modified":"2017-10-15T23:01:59","modified_gmt":"2017-10-15T21:01:59","slug":"ibiza-eivissa-646","status":"publish","type":"page","link":"https:\/\/yachtcharter-connection.com\/es\/regiones\/mediterraneo\/alquiler-barcos-baleares-mallorca-menorca-ibiza\/ibiza-eivissa-646\/","title":{"rendered":"Ibiza \/ Eivissa"},"content":{"rendered":"<h3>Alquiler de barcos Ibiza \/ Eivissa<\/h3>\n<p>\n<img loading=\"lazy\" class=\"content-image\"  height=\"199\" width=\"300\" src=\"https:\/\/yachtcharter-connection.com\/wp-content\/uploads\/converted_files\/20155\/20155-5624e0d3396e4.jpg\" alt=\"Navegar_Islas_Baleares_Puerto_Ibiza\" \/>Port d&rsquo;Eivissa es el puerto que enmarca Ibiza Ciudad y que nos impresiona desde lejos por su belleza. Este lugar fue fundado hace 2.500 a\u00f1os por los cartagineses y en \u00e9l encontramos peque\u00f1as construcciones c\u00fabicas como enganchadas en la pendiente que coronan la parte de la ciudad amurallada que se conoce con el nombre de Dalt Vila y la catedral. Si tenemos suerte fuera de la temporada alta podemos conseguir un sitio en el  club n\u00e1utico. Desde aqu\u00ed el camino al casco antiguo es mucho m\u00e1s corto que desde el puerto nuevo o la marina Botafoch, que adem\u00e1s es muy cara. <\/p>\n<p>Y es que visitar la ciuda antigua es casi una obligaci\u00f3n. Entre las estrechas callejuelas descubrimos un mundo de color en el que bares y locales abren hasta el amanecer. Pero cuidado: la temporada es m\u00e1s corta que en Mallorca, va de mayo a septiembre. <\/p>\n","protected":false},"excerpt":{"rendered":"<p>Alquiler de barcos Ibiza \/ Eivissa Port d&rsquo;Eivissa es el puerto que enmarca Ibiza Ciudad y que nos impresiona desde lejos por su belleza. Este lugar fue fundado hace 2.500 a\u00f1os por los cartagineses y en \u00e9l encontramos peque\u00f1as construcciones c\u00fabicas como enganchadas en la pendiente que coronan la parte<\/p>\n","protected":false},"author":11,"featured_media":0,"parent":667,"menu_order":0,"comment_status":"open","ping_status":"open","template":"","meta":[],"aioseo_notices":[],"_links":{"self":[{"href":"https:\/\/yachtcharter-connection.com\/es\/wp-json\/wp\/v2\/pages\/1621"}],"collection":[{"href":"https:\/\/yachtcharter-connection.com\/es\/wp-json\/wp\/v2\/pages"}],"about":[{"href":"https:\/\/yachtcharter-connection.com\/es\/wp-json\/wp\/v2\/types\/page"}],"author":[{"embeddable":true,"href":"https:\/\/yachtcharter-connection.com\/es\/wp-json\/wp\/v2\/users\/11"}],"replies":[{"embeddable":true,"href":"https:\/\/yachtcharter-connection.com\/es\/wp-json\/wp\/v2\/comments?post=1621"}],"version-history":[{"count":1,"href":"https:\/\/yachtcharter-connection.com\/es\/wp-json\/wp\/v2\/pages\/1621\/revisions"}],"predecessor-version":[{"id":14178,"href":"https:\/\/yachtcharter-connection.com\/es\/wp-json\/wp\/v2\/pages\/1621\/revisions\/14178"}],"up":[{"embeddable":true,"href":"https:\/\/yachtcharter-connection.com\/es\/wp-json\/wp\/v2\/pages\/667"}],"wp:attachment":[{"href":"https:\/\/yachtcharter-connection.com\/es\/wp-json\/wp\/v2\/media?parent=1621"}],"curies":[{"name":"wp","href":"https:\/\/api.w.org\/{rel}","templated":true}]}}