{"id":1622,"date":"2015-08-10T05:53:49","date_gmt":"2015-08-10T05:53:49","guid":{"rendered":"http:\/\/yachtcharter-connection.com.w01e47c6.kasserver.com\/menorca-mahon\/"},"modified":"2018-03-01T13:36:32","modified_gmt":"2018-03-01T11:36:32","slug":"menorca-mahon","status":"publish","type":"page","link":"https:\/\/yachtcharter-connection.com\/es\/regiones\/mediterraneo\/alquiler-barcos-baleares-mallorca-menorca-ibiza\/menorca-mahon\/","title":{"rendered":"Menorca \/ Mah\u00f3n"},"content":{"rendered":"<h1><strong>Alquiler de barcos Menorca \/ Mahon &#8211; Ma\u00f3<br \/>\n<\/strong><\/h1>\n<p><img class=\"content-image\" style=\"width: 300px; height: 201px;\" src=\"https:\/\/yachtcharter-connection.com\/wp-content\/uploads\/converted_files\/20156\/20156-5624e0d49c44f.jpg\" alt=\"Alquiler de barcos_Menorca_Mahon-2.jpg\" \/>Mah\u00f3n es el puerto m\u00e1s oriental de Espa\u00f1a y, despu\u00e9s de Pearl Harbour, el puerto natural m\u00e1s grande del mundo, que acoge la Isla del Rey e Isla Lazareto. Aqu\u00ed se encuentran barcos comerciales, ferris, ch\u00e1rteres y yates de paso en su ruta hacia C\u00f3rcega o Cerde\u00f1a. El puerto nos ofrece muchas posibilidades para amarrar o echar el ancla: varios muelles, un club mar\u00edtimo, amarres privados y pantalanes en islas flotantes.<\/p>\n<p>La imagen de la ciudad, en la que en otro tiempo dominaba un estilo m\u00e1s \u00e1rabe, se sigue caracterizando por el color blanco que impregna tambi\u00e9n los edificios modernistas catalanes y la arquitectura de corte ingl\u00e9s. Hay que visitar el castillo de San Felipe, la colegiata de Santa Mar\u00eda la Mayor, el Museo de Menorca y los talayots prehist\u00f3ricos que se encuentran en las cercan\u00edas de la ciudad.<\/p>\n<p>&nbsp;<\/p>\n<h3><strong>Yates de ch\u00e1rter Menorca &#8211; Mah\u00f3n<\/strong><\/h3>\n<p>En Menorca, ofrecemos ch\u00e1rter de yates de lujo, barcos de motor, veleros y catamaranes desde Mah\u00f3n \/ Ma\u00f3. Preguntenos por ofertas!<\/p>\n","protected":false},"excerpt":{"rendered":"<p>Alquiler de barcos Menorca \/ Mahon &#8211; Ma\u00f3 Mah\u00f3n es el puerto m\u00e1s oriental de Espa\u00f1a y, despu\u00e9s de Pearl Harbour, el puerto natural m\u00e1s grande del mundo, que acoge la Isla del Rey e Isla Lazareto. Aqu\u00ed se encuentran barcos comerciales, ferris, ch\u00e1rteres y yates de paso en su<\/p>\n","protected":false},"author":11,"featured_media":0,"parent":667,"menu_order":0,"comment_status":"open","ping_status":"open","template":"","meta":[],"aioseo_notices":[],"_links":{"self":[{"href":"https:\/\/yachtcharter-connection.com\/es\/wp-json\/wp\/v2\/pages\/1622"}],"collection":[{"href":"https:\/\/yachtcharter-connection.com\/es\/wp-json\/wp\/v2\/pages"}],"about":[{"href":"https:\/\/yachtcharter-connection.com\/es\/wp-json\/wp\/v2\/types\/page"}],"author":[{"embeddable":true,"href":"https:\/\/yachtcharter-connection.com\/es\/wp-json\/wp\/v2\/users\/11"}],"replies":[{"embeddable":true,"href":"https:\/\/yachtcharter-connection.com\/es\/wp-json\/wp\/v2\/comments?post=1622"}],"version-history":[{"count":3,"href":"https:\/\/yachtcharter-connection.com\/es\/wp-json\/wp\/v2\/pages\/1622\/revisions"}],"predecessor-version":[{"id":26099,"href":"https:\/\/yachtcharter-connection.com\/es\/wp-json\/wp\/v2\/pages\/1622\/revisions\/26099"}],"up":[{"embeddable":true,"href":"https:\/\/yachtcharter-connection.com\/es\/wp-json\/wp\/v2\/pages\/667"}],"wp:attachment":[{"href":"https:\/\/yachtcharter-connection.com\/es\/wp-json\/wp\/v2\/media?parent=1622"}],"curies":[{"name":"wp","href":"https:\/\/api.w.org\/{rel}","templated":true}]}}