{"id":1624,"date":"2015-08-10T05:53:49","date_gmt":"2015-08-10T05:53:49","guid":{"rendered":"http:\/\/yachtcharter-connection.com.w01e47c6.kasserver.com\/barcelona-614\/"},"modified":"2017-07-16T05:33:05","modified_gmt":"2017-07-16T03:33:05","slug":"barcelona-614","status":"publish","type":"page","link":"https:\/\/yachtcharter-connection.com\/es\/regiones\/mediterraneo\/alquiler-barcos-costa-espanola-barcelona\/barcelona-614\/","title":{"rendered":"Barcelona"},"content":{"rendered":"<h3>Alquiler de barcos Barcelona<\/h3>\n<p>\n<img loading=\"lazy\" class=\"content-image\"  width=\"300\" height=\"200\" alt=\"Barcelona_Puerto\" src=\"https:\/\/yachtcharter-connection.com\/wp-content\/uploads\/converted_files\/20158\/20158-5624e0d61b59b.jpg\" \/>Barcelona, capital de la provincia espa\u00f1ola de Catalu\u00f1a, es un punto de partida importante para las tripulaciones de barcos para navegar en la costa mediterr\u00e1nea espa\u00f1ola. Aqu\u00ed las competiciones de vela de los Juegos Ol\u00edmpicos de 1992 se llevaron a cabo. La ciudad de Barcelona en los \u00faltimos a\u00f1os ha ganado mucha importancia como destino tur\u00edstico m\u00e1s popular. Los navegantes que viajan en ch\u00e1rter pueden disfrutar &#8211; antes o durante su crucero &#8211; de la oportunidad de pasear por las Ramblas, con sus numerosos caf\u00e9s, bares y puestos de mercado. La Barceloneta, el antiguo barrio de los trabajadores del puerto, vale la pena una visita. Para ir de compras, el centro moderno de la vuelta de la Plaza de Catalu\u00f1a, como la calle comercial de Paseo de Gracia, invita a los navegantes y turistas. Los que tienen un poco de tiempo, pueden tomar el telef\u00e9rico desde el Port Vell al Montjuic y obtener de all\u00ed una vista maravillosa &#8211; o explorar el Barrio G\u00f3tico, en el centro hist\u00f3rico de la ciudad. Una visita obligatoria para amantes de la arquitectura: varios edificios de Antoni Gaud\u00ed, liderado por la bas\u00edlica de la Sagrada Familia. En el extremo sur de Las Ramblas, hay una estatua de Crist\u00f3bal Col\u00f3n, que marca la entrada al Port Vell.<\/p>\n<p>Dos puertos son interesantes para los turistas de ch\u00e1rter: el viejo Port Vell con su base de alquiler de barcos  que est\u00e1 en el centro de la Ciudad Vieja y el Port Olimpic, que est\u00e1 un poco m\u00e1s al noroeste. El Port Vell, a principios de noviembre es siempre un centro de deportes acu\u00e1ticos con el Sal\u00f3n N\u00e1utico de Barcelona. El puerto deportivo donde hay bases de ch\u00e1rter es parte del puerto comercial d\u00f3nde hay los ferrys y buques comercial, pero un poco separado: La entrada est\u00e1 dominada por un puente con architectura muy interesante  que se abre cada hora. En su extremo hay el centro comercial Maremagnum, con restaurantes, tiendas y el cine IMAX.<\/p>\n<p>La entrada del Port Olimpic est\u00e1 dominado por dos grandes torres. El puerto deportivo con todos los servicios importantes para el turismo de ch\u00e1rter de yates se considera relativamente barato y est\u00e1 situado directamente al lado de la playa de arena.<\/p>\n","protected":false},"excerpt":{"rendered":"<p>Alquiler de barcos Barcelona Barcelona, capital de la provincia espa\u00f1ola de Catalu\u00f1a, es un punto de partida importante para las tripulaciones de barcos para navegar en la costa mediterr\u00e1nea espa\u00f1ola. Aqu\u00ed las competiciones de vela de los Juegos Ol\u00edmpicos de 1992 se llevaron a cabo. La ciudad de Barcelona en<\/p>\n","protected":false},"author":11,"featured_media":0,"parent":647,"menu_order":0,"comment_status":"open","ping_status":"open","template":"","meta":[],"aioseo_notices":[],"_links":{"self":[{"href":"https:\/\/yachtcharter-connection.com\/es\/wp-json\/wp\/v2\/pages\/1624"}],"collection":[{"href":"https:\/\/yachtcharter-connection.com\/es\/wp-json\/wp\/v2\/pages"}],"about":[{"href":"https:\/\/yachtcharter-connection.com\/es\/wp-json\/wp\/v2\/types\/page"}],"author":[{"embeddable":true,"href":"https:\/\/yachtcharter-connection.com\/es\/wp-json\/wp\/v2\/users\/11"}],"replies":[{"embeddable":true,"href":"https:\/\/yachtcharter-connection.com\/es\/wp-json\/wp\/v2\/comments?post=1624"}],"version-history":[{"count":1,"href":"https:\/\/yachtcharter-connection.com\/es\/wp-json\/wp\/v2\/pages\/1624\/revisions"}],"predecessor-version":[{"id":14248,"href":"https:\/\/yachtcharter-connection.com\/es\/wp-json\/wp\/v2\/pages\/1624\/revisions\/14248"}],"up":[{"embeddable":true,"href":"https:\/\/yachtcharter-connection.com\/es\/wp-json\/wp\/v2\/pages\/647"}],"wp:attachment":[{"href":"https:\/\/yachtcharter-connection.com\/es\/wp-json\/wp\/v2\/media?parent=1624"}],"curies":[{"name":"wp","href":"https:\/\/api.w.org\/{rel}","templated":true}]}}