{"id":1626,"date":"2015-04-19T06:07:51","date_gmt":"2015-04-19T06:07:51","guid":{"rendered":"http:\/\/yachtcharter-connection.com.w01e47c6.kasserver.com\/tenerife-puerto-colon-541\/"},"modified":"2017-07-13T00:59:23","modified_gmt":"2017-07-12T22:59:23","slug":"tenerife-puerto-colon-541","status":"publish","type":"page","link":"https:\/\/yachtcharter-connection.com\/es\/regiones\/atlantico-africa-occidental\/alquiler-barcos-canarias\/tenerife-puerto-colon-541\/","title":{"rendered":"Tenerife \/ Puerto Colon"},"content":{"rendered":"<h3>Alquiler de barcos Tenerife \/ Puerto Colon<\/h3>\n<p>\n<img loading=\"lazy\" class=\"content-image\"  width=\"300\" height=\"134\" src=\"https:\/\/yachtcharter-connection.com\/wp-content\/uploads\/converted_files\/20160\/20160-5624e0d79c6b2.jpg\" alt=\"Charter de yates Islas Canarias - Tenerife\" \/>El sur de Tenerife es caliente, seco y mucho m\u00e1s tur\u00edstico que el norte. Hay una base de alquiler de barcos con una peque\u00f1a flota de yates de vela y algunos yates a motor para ch\u00e1rter en Puerto Col\u00f3n. Este puerto deportivo  est\u00e1 situado en la milla de playa tur\u00edstica formada por Los Cristianos, Playa de las Am\u00e9ricas y Costa Adeje &#8211; perfecto para los turistas de Alquiler de barcos, que quieren disfrutar de las ofertas tur\u00edsticas. Los navegantes que viajan en ch\u00e1rter en Tenerife pueden dar un paseo sin fin en el paseo mar\u00edtimo de 15 km, ir de compras y disfrutar de la gama infinita variedad de bares, caf\u00e9s y restaurantes. Para los viajes al interior de la isla, los tripulaciones de Alquiler de barcos pueden conseguir en todas partes los coches de alquiler o motos. La isla de Gomera es claro a la vista de Puerto Col\u00f3n. El puerto deportivo es tambi\u00e9n la base para muchos barcos de excursi\u00f3n que ofrecen excursiones de avistamiento de ballenas.<\/p>\n","protected":false},"excerpt":{"rendered":"<p>Alquiler de barcos Tenerife \/ Puerto Colon El sur de Tenerife es caliente, seco y mucho m\u00e1s tur\u00edstico que el norte. Hay una base de alquiler de barcos con una peque\u00f1a flota de yates de vela y algunos yates a motor para ch\u00e1rter en Puerto Col\u00f3n. Este puerto deportivo est\u00e1<\/p>\n","protected":false},"author":11,"featured_media":0,"parent":651,"menu_order":0,"comment_status":"open","ping_status":"open","template":"","meta":[],"aioseo_notices":[],"_links":{"self":[{"href":"https:\/\/yachtcharter-connection.com\/es\/wp-json\/wp\/v2\/pages\/1626"}],"collection":[{"href":"https:\/\/yachtcharter-connection.com\/es\/wp-json\/wp\/v2\/pages"}],"about":[{"href":"https:\/\/yachtcharter-connection.com\/es\/wp-json\/wp\/v2\/types\/page"}],"author":[{"embeddable":true,"href":"https:\/\/yachtcharter-connection.com\/es\/wp-json\/wp\/v2\/users\/11"}],"replies":[{"embeddable":true,"href":"https:\/\/yachtcharter-connection.com\/es\/wp-json\/wp\/v2\/comments?post=1626"}],"version-history":[{"count":1,"href":"https:\/\/yachtcharter-connection.com\/es\/wp-json\/wp\/v2\/pages\/1626\/revisions"}],"predecessor-version":[{"id":13859,"href":"https:\/\/yachtcharter-connection.com\/es\/wp-json\/wp\/v2\/pages\/1626\/revisions\/13859"}],"up":[{"embeddable":true,"href":"https:\/\/yachtcharter-connection.com\/es\/wp-json\/wp\/v2\/pages\/651"}],"wp:attachment":[{"href":"https:\/\/yachtcharter-connection.com\/es\/wp-json\/wp\/v2\/media?parent=1626"}],"curies":[{"name":"wp","href":"https:\/\/api.w.org\/{rel}","templated":true}]}}