{"id":1628,"date":"2015-08-10T05:53:49","date_gmt":"2015-08-10T05:53:49","guid":{"rendered":"http:\/\/yachtcharter-connection.com.w01e47c6.kasserver.com\/tenerife-santa-cruz-de-tenerife-997\/"},"modified":"2017-07-13T01:22:43","modified_gmt":"2017-07-12T23:22:43","slug":"tenerife-santa-cruz-de-tenerife-997","status":"publish","type":"page","link":"https:\/\/yachtcharter-connection.com\/es\/regiones\/atlantico-africa-occidental\/alquiler-barcos-canarias\/tenerife-santa-cruz-de-tenerife-997\/","title":{"rendered":"Tenerife \/ Santa Cruz de Tenerife"},"content":{"rendered":"<h3>Alquiler de barcos Tenerife \/ Santa Cruz de Tenerife<\/h3>\n<p>\n<img loading=\"lazy\" class=\"content-image\"  width=\"300\" height=\"200\" alt=\"Navegar_Islas_Canarias_Tenerife\" src=\"https:\/\/yachtcharter-connection.com\/wp-content\/uploads\/converted_files\/20162\/20162-5624e0d8f4121.jpg\" \/>La capital de Tenerife, Santa Cruz de Tenerife, est\u00e1 en el noreste de la isla y aparte del puerto previsto para ferris y cruceros cuenta ahora tambi\u00e9n con una marina grande y muy bien equipada para el turismo de Alquiler de barcos: la conocida como Marina del Atl\u00e1ntico. Santa Cruz ofrece a las tripulaciones de Alquiler de barcos  cultura y restaurantes y tomando la ciudad como punto de partida, los navegantes que viajan en ch\u00e1rter pueden conocer bien el norte de la isla, que es verde y monta\u00f1oso. Hay muchas yates de ch\u00e1rter &#8212; especialmente veleros &#8211; en Tenerife. Otras bases importantes para Alquiler de barcos en Tenerife est\u00e1n en el Puerto Deportivo Radazul muy cerca de Santa Cruz de Tenerife, y en el Sur en San Miguel, tambi\u00e9n hay barcos de alquiler en el Puerto Colon y en la Marina del Sur en Las Galletas \/ Arona. <\/p>\n<p>El Pico del Teide divide Tenerife en dos mitades muy diferentes y puede verse desde casi cualquier rinc\u00f3n de la isla. Muy interesante, con muchas callejuelas y un peque\u00f1o puerto pesquero es tambi\u00e9n Puerto de La Cruz. Y uno de los lugares m\u00e1s apreciados de la zona: el Lago Marti\u00e1nez, un complejo de ocio con piscinas construido directamente al lado del mar seg\u00fan dise\u00f1o del arquitecto C\u00e9sar Manrique. Tambi\u00e9n merece la pena visitar la antigua capital: La Laguna.   <\/p>\n<p>Los que navegan en ch\u00e1rter hacia el sur van e encontrar los centros m\u00e1s turisticos de Tenerife, tambi\u00e9n van a explorar la Isla Gomera y las otras Islas Canarias.<\/p>\n","protected":false},"excerpt":{"rendered":"<p>Alquiler de barcos Tenerife \/ Santa Cruz de Tenerife La capital de Tenerife, Santa Cruz de Tenerife, est\u00e1 en el noreste de la isla y aparte del puerto previsto para ferris y cruceros cuenta ahora tambi\u00e9n con una marina grande y muy bien equipada para el turismo de Alquiler de<\/p>\n","protected":false},"author":11,"featured_media":0,"parent":651,"menu_order":0,"comment_status":"open","ping_status":"open","template":"","meta":[],"aioseo_notices":[],"_links":{"self":[{"href":"https:\/\/yachtcharter-connection.com\/es\/wp-json\/wp\/v2\/pages\/1628"}],"collection":[{"href":"https:\/\/yachtcharter-connection.com\/es\/wp-json\/wp\/v2\/pages"}],"about":[{"href":"https:\/\/yachtcharter-connection.com\/es\/wp-json\/wp\/v2\/types\/page"}],"author":[{"embeddable":true,"href":"https:\/\/yachtcharter-connection.com\/es\/wp-json\/wp\/v2\/users\/11"}],"replies":[{"embeddable":true,"href":"https:\/\/yachtcharter-connection.com\/es\/wp-json\/wp\/v2\/comments?post=1628"}],"version-history":[{"count":1,"href":"https:\/\/yachtcharter-connection.com\/es\/wp-json\/wp\/v2\/pages\/1628\/revisions"}],"predecessor-version":[{"id":13861,"href":"https:\/\/yachtcharter-connection.com\/es\/wp-json\/wp\/v2\/pages\/1628\/revisions\/13861"}],"up":[{"embeddable":true,"href":"https:\/\/yachtcharter-connection.com\/es\/wp-json\/wp\/v2\/pages\/651"}],"wp:attachment":[{"href":"https:\/\/yachtcharter-connection.com\/es\/wp-json\/wp\/v2\/media?parent=1628"}],"curies":[{"name":"wp","href":"https:\/\/api.w.org\/{rel}","templated":true}]}}