{"id":1629,"date":"2015-08-10T05:53:49","date_gmt":"2015-08-10T05:53:49","guid":{"rendered":"http:\/\/yachtcharter-connection.com.w01e47c6.kasserver.com\/gran-canaria-puerto-de-mogan-993\/"},"modified":"2017-07-12T23:39:09","modified_gmt":"2017-07-12T21:39:09","slug":"gran-canaria-puerto-de-mogan-993","status":"publish","type":"page","link":"https:\/\/yachtcharter-connection.com\/es\/regiones\/atlantico-africa-occidental\/alquiler-barcos-canarias\/gran-canaria-puerto-de-mogan-993\/","title":{"rendered":"Gran Canaria \/ Puerto de Mogan"},"content":{"rendered":"<h3>Alquiler de barcos Gran Canaria \/ Puerto de Mog\u00e1n<\/h3>\n<p><img class=\"content-image\"  src=\"https:\/\/yachtcharter-connection.com\/wp-content\/uploads\/converted_files\/20163\/20163-5624e0db18484.jpg\" style=\"width: 300px; height: 211px;\" alt=\"\" \/>En Gran Canaria el puerto m\u00e1s hermoso es seguramente Puerto Morgan, ubicado en el suroeste de la isla. Se construy\u00f3 artificialmente pero tiene el encanto de los pueblos de pescadores y combina las tiendas exquisitas y elegantes con los bares y tascas. <\/p>\n<p><strong>Yates de ch\u00e1rter Puerto de Mogan:<\/strong> Para ch\u00e1rter de yates en Gran Canaria, hay una peque\u00f1a flota de veleros en Puerto de Mog\u00e1n &#8211; preguntenos por ofertas.<\/p>\n<p><\/p>\n","protected":false},"excerpt":{"rendered":"<p>Alquiler de barcos Gran Canaria \/ Puerto de Mog\u00e1n En Gran Canaria el puerto m\u00e1s hermoso es seguramente Puerto Morgan, ubicado en el suroeste de la isla. Se construy\u00f3 artificialmente pero tiene el encanto de los pueblos de pescadores y combina las tiendas exquisitas y elegantes con los bares y<\/p>\n","protected":false},"author":11,"featured_media":0,"parent":651,"menu_order":0,"comment_status":"open","ping_status":"open","template":"","meta":[],"aioseo_notices":[],"_links":{"self":[{"href":"https:\/\/yachtcharter-connection.com\/es\/wp-json\/wp\/v2\/pages\/1629"}],"collection":[{"href":"https:\/\/yachtcharter-connection.com\/es\/wp-json\/wp\/v2\/pages"}],"about":[{"href":"https:\/\/yachtcharter-connection.com\/es\/wp-json\/wp\/v2\/types\/page"}],"author":[{"embeddable":true,"href":"https:\/\/yachtcharter-connection.com\/es\/wp-json\/wp\/v2\/users\/11"}],"replies":[{"embeddable":true,"href":"https:\/\/yachtcharter-connection.com\/es\/wp-json\/wp\/v2\/comments?post=1629"}],"version-history":[{"count":1,"href":"https:\/\/yachtcharter-connection.com\/es\/wp-json\/wp\/v2\/pages\/1629\/revisions"}],"predecessor-version":[{"id":13848,"href":"https:\/\/yachtcharter-connection.com\/es\/wp-json\/wp\/v2\/pages\/1629\/revisions\/13848"}],"up":[{"embeddable":true,"href":"https:\/\/yachtcharter-connection.com\/es\/wp-json\/wp\/v2\/pages\/651"}],"wp:attachment":[{"href":"https:\/\/yachtcharter-connection.com\/es\/wp-json\/wp\/v2\/media?parent=1629"}],"curies":[{"name":"wp","href":"https:\/\/api.w.org\/{rel}","templated":true}]}}