{"id":1631,"date":"2015-08-10T05:53:49","date_gmt":"2015-08-10T05:53:49","guid":{"rendered":"http:\/\/yachtcharter-connection.com.w01e47c6.kasserver.com\/marmaris-672\/"},"modified":"2017-07-16T06:21:32","modified_gmt":"2017-07-16T04:21:32","slug":"marmaris-672","status":"publish","type":"page","link":"https:\/\/yachtcharter-connection.com\/es\/regiones\/mediterraneo\/alquiler-barcos-costa-turca\/marmaris-672\/","title":{"rendered":"Marmaris"},"content":{"rendered":"<h3>Alquiler de barcos Marmaris<\/h3>\n<p>\n<img class=\"content-image\"  style=\"width: 300px; height: 225px;\" alt=\"Alquiler de barcos_Marmaris.jpg\" src=\"https:\/\/yachtcharter-connection.com\/wp-content\/uploads\/converted_files\/20165\/20165-5624e0ddd058c.jpg\" \/>El destino de alquiler de barcos Marmaris es uno de los centros del turismo en esta regi\u00f3n del Mar Egeo de Turqu\u00eda y del turismo de alquiler de yates en Turqu\u00eda. Las tripualaciones llegan a las bases de ch\u00e1rter de yates en Marmaris a trav\u00e9s del aeropuerto de Dalaman. Se trata de unos 110 kil\u00f3metros de distancia, el tiempo de transferencia es de alrededor de una hora y media. A veces, el camino lleva tambi\u00e9n a trav\u00e9s de Rodas: la isla, cuyo puerto es un puerto de entrada de Grecia, est\u00e1 a s\u00f3lo 25 millas n\u00e1uticas de distancia.<\/p>\n<p>La ciudad est\u00e1 situada en una bah\u00eda grande, atractivo y protegido. La mayor parte de la vieja Marmaris, anteriormente utilizada como base naval de la marina de diferentes naciones, incluyendo a los romanos, fue destruida en 1958 por un terremoto. El castillo medieval de Marmaris Kalesi y una peque\u00f1a parte del pintoresco casco antiguo con calles estrechas se mantienen en pie.<\/p>\n<p>El castillo domina hoy en d\u00eda un paseadero de la playa de once kil\u00f3metros que invita a los equipos de ch\u00e1rter de yates en Marmaris para dar un paseo &#8211; y para visitar los numerosos restaurantes, pubs y bares peque\u00f1os. Antes o despu\u00e9s del crucero en yate de ch\u00e1rter desde Marmaris, para muchos turistas una visita al bullicioso bazar moderna directamente en el puerto de la Ciudad Vieja es un deber &#8211; por supuesto, con el regateo intenso. La imagen del puerto de Marmaris est\u00e1 dominado por goletas impresionantes, incluso para los grandes buques de crucero, la ciudad se ha convertido en un destino muy popular.<\/p>\n<p>Supermercados, tiendas de yates y estaciones de servicio en todos los puertos de los alrededores ofrecen un servicio perfecto a los equipos de alquilerde barcos Marmaris.<\/p>\n<h3>Alquiler de yates en Marmaris &#8211; la bah\u00eda de Marmaris<\/h3>\n<p>\n<img class=\"content-image\"  style=\"width: 300px; height: 100px;\" alt=\"Alquiler de barcos Turquia - alquiler de yates Marmaris-Bah\u00eda de Marmaris.jpg\" src=\"https:\/\/yachtcharter-connection.com\/wp-content\/uploads\/converted_files\/20165\/20165-5624e0df376fd.jpg\" \/>La bah\u00eda de Marmaris es por s\u00ed misma un \u00e1rea de navegaci\u00f3n grande, y tambi\u00e9n el lugar de la famosa regata Marmaris Race Week en el oto\u00f1o, con muchos participantes en veleros de alquiler en Marmaris.<\/p>\n<p>Por supuesto, hay muchas tabernas y restaurantes con su propio muelle o pantal\u00e1n &#8211; especialmente popular: el restaurante del &quot;Ahmet holand\u00e9s&quot; en el peque\u00f1o puerto deportivo del club de yates Kumlu B\u00fck\u00fc en una bah\u00eda con una gran cantidad de pinos y una playa de piedras. Todav\u00eda est\u00e1 dentro de la Bah\u00eda de Marmaris, justo al lado del Cabo Kadirga. Ofrecen cocina turca elegante, con muchas especialidades, muchos de los equipos de alquiler de barcos en Marmaris hacen su primera escala o la \u00faltima durante el crucero aqu\u00ed.<\/p>\n<p>Despu\u00e9s de salir de la bah\u00eda, los equipos de alquiler de yates Marmaris tienen la opci\u00f3n de elegir entre un viaje al Oeste con la circunnavegaci\u00f3n de la pen\u00ednsula de Bozburun a la pen\u00ednsula Datca y luego en el Golfo de Gokova, al sur, hacia las islas griegas del <a href=\"~\/mediterraneo\/Alquiler_barcos_egeo_dodekanes.html\">Dodecaneso<\/a> de Rodas y Symi, o hacia el este hasta el Golfo de <a href=\"~\/Alquiler_barcos_turquia\/fethiye.html\">Fethiye<\/a>.<\/p>\n<p>El primer tramo grande al este, sin embargo, es una zona militar restringida. Para veleros desde Marmaris se recomiende hacer un gran c\u00edrculo alrededor de la isla Yilancik  situada en frente de la Bah\u00eda de Karaagac y de las rocas sumergidas Edmonds Rock (turco: Turnali Kayasi) en el oeste de la isla. Bajo la protecci\u00f3n ambiental es el &quot;Turtle Beach&quot; de Dalyan, que no se debe entrar. Bien escala en el camino hacia el Golfo de Fethiye: el puerto deportivo de My Ekincik Bay &#8211; se recomiende tambi\u00e9n una excursi\u00f3n hasta el estuario Dalyan y al lago de agua dulce Koycegiz.<\/p>\n<h3>Ch\u00e1rter de yates Marmaris &#8211; los puertos deportivos<\/h3>\n<p>\n<img class=\"content-image\"  style=\"width: 300px; height: 204px;\" alt=\"Ch\u00e1rter de yates y veleros_Marmaris\" src=\"https:\/\/yachtcharter-connection.com\/wp-content\/uploads\/converted_files\/20165\/20165-5624e0e4c3051.jpg\" \/>En Marmaris y en la bah\u00eda hay varios puertos deportivos con bases de alquiler de barcos Marmaris. La Marina Netsel (tambi\u00e9n Setur Marina) se encuentra cerca del casco antiguo y ofrece todos los servicios de restaurantes, supermercado, lavander\u00eda y astilleros, entre ellos WiFi.<\/p>\n<p>Dos milas de distancia de Marmaris (o m\u00e1s de ocho kil\u00f3metros en tierra) est\u00e1 el puerto deportivo Marmaris Yacht Marina, con una gama igualmente de excelentes instalaciones y servicios, y m\u00e1s all\u00e1 con gimnasio y piscina &#8211; hay un minib\u00fas como shuttle Marmaris y una conexi\u00f3n de ferry gratuito.<\/p>\n<p>Otros puertos son relativamente peque\u00f1as, pero bien equipada como Albatross Yacht Marina y el puerto de Karacas\u00f6g\u00fct. La Marina Pupa con un hotel es peque\u00f1a, pero ofrece un buen servicio en la bah\u00eda norte y un ambiente de playa.<\/p>\n<p>Adem\u00e1s de los puertos deportivos y los pantalanes de restaurantes y bares hay varios buenos fondeaderos en la bah\u00eda para los equipos de alquiler de yates en Marmaris, como el sureste de la bah\u00eda en la isla Ciftlik Adasi unos 8 kil\u00f3metros de la ciudad.<\/p>\n<p><a href=\"~\/Alquiler_barcos_turquia\/orhaniye.html\">Orhaniye <\/a>con el puerto deportivo Marti Marina con varias bases de alquiler de yates se encuentra a unos 25 kil\u00f3metros de Marmaris &#8211; hay un servicio de transporte gratuito a Marmaris.<\/p>\n<p><strong>Yates de ch\u00e1rter en Marmaris:<\/strong> Para los turistas de alquiler de barcos en Turqu\u00eda, hay una flota muy grande con veleros en Marmaris &#8211; todos tipos de los principales fabricantes: Beneteau Oceanis y Cyclades, Hanse Yachts, Bavaria, Beneteau, Dufour &#8211; y tambi\u00e9n catamaranes a vela de Lagoon y Fountaine Pajot. Ofrecemos tambi\u00e9n yates de motor en Marmaris y yates de lujo con tripulaci\u00f3n. Ch\u00e1rter su mejor yate para sus vacaciones en Turqu\u00eda desde  Marmaris en l\u00ednea o nos piden ofertas &#8211; estaremos encantados de ayudarle.<\/p>\n","protected":false},"excerpt":{"rendered":"<p>Alquiler de barcos Marmaris El destino de alquiler de barcos Marmaris es uno de los centros del turismo en esta regi\u00f3n del Mar Egeo de Turqu\u00eda y del turismo de alquiler de yates en Turqu\u00eda. Las tripualaciones llegan a las bases de ch\u00e1rter de yates en Marmaris a trav\u00e9s del<\/p>\n","protected":false},"author":11,"featured_media":0,"parent":645,"menu_order":0,"comment_status":"open","ping_status":"open","template":"","meta":[],"aioseo_notices":[],"_links":{"self":[{"href":"https:\/\/yachtcharter-connection.com\/es\/wp-json\/wp\/v2\/pages\/1631"}],"collection":[{"href":"https:\/\/yachtcharter-connection.com\/es\/wp-json\/wp\/v2\/pages"}],"about":[{"href":"https:\/\/yachtcharter-connection.com\/es\/wp-json\/wp\/v2\/types\/page"}],"author":[{"embeddable":true,"href":"https:\/\/yachtcharter-connection.com\/es\/wp-json\/wp\/v2\/users\/11"}],"replies":[{"embeddable":true,"href":"https:\/\/yachtcharter-connection.com\/es\/wp-json\/wp\/v2\/comments?post=1631"}],"version-history":[{"count":1,"href":"https:\/\/yachtcharter-connection.com\/es\/wp-json\/wp\/v2\/pages\/1631\/revisions"}],"predecessor-version":[{"id":14277,"href":"https:\/\/yachtcharter-connection.com\/es\/wp-json\/wp\/v2\/pages\/1631\/revisions\/14277"}],"up":[{"embeddable":true,"href":"https:\/\/yachtcharter-connection.com\/es\/wp-json\/wp\/v2\/pages\/645"}],"wp:attachment":[{"href":"https:\/\/yachtcharter-connection.com\/es\/wp-json\/wp\/v2\/media?parent=1631"}],"curies":[{"name":"wp","href":"https:\/\/api.w.org\/{rel}","templated":true}]}}