{"id":1632,"date":"2015-08-10T05:53:49","date_gmt":"2015-08-10T05:53:49","guid":{"rendered":"http:\/\/yachtcharter-connection.com.w01e47c6.kasserver.com\/g%c3%b6cek-453\/"},"modified":"2016-10-29T22:01:31","modified_gmt":"2016-10-29T20:01:31","slug":"g%c3%b6cek-453","status":"publish","type":"page","link":"https:\/\/yachtcharter-connection.com\/es\/regiones\/mediterraneo\/alquiler-barcos-costa-turca\/g%c3%b6cek-453\/","title":{"rendered":"G\u00f6cek"},"content":{"rendered":"<h3>Alquiler de barcos Port G\u00f6cek<\/h3>\n<p>\n<img class=\"content-image\"  style=\"width: 300px; height: 193px;\" alt=\"Turqu\u00eda-alquiler de barcos-G\u00f6cek\" src=\"https:\/\/yachtcharter-connection.com\/wp-content\/uploads\/converted_files\/20166\/20166-5624e0e7c1073.jpg\" \/>El destino de alquiler de barcos G\u00f6cek es la base de algunas grandes flotas de ch\u00e1rter en la Golfo de Fethiye. En el norte de la bah\u00eda de Fethiye se ha construido un gigantesco complejo n\u00e1utico. Hay varias puertos deportivos importantes en G\u00f6cek que ofrecen la infrastructura perfecta para el turismo de ch\u00e1rter en esta regi\u00f3n de la costa Turca: Port G\u00f6cek marina, Marinturk Marina G\u00f6cek,Skipea marina, Club Marina y la marina municipal. Para las tripulaciones de alquiler de barcos en G\u00f6cek, llegar all\u00ed es muy f\u00e1cil porque el a\u00e9ropuerto de Dalaman est\u00e1 s\u00f3lo de 22 kil\u00f3metros de distancia.  <\/p>\n<p>El destino de alquiler de barcos G\u00f6cek no es muy grande, pero la regi\u00f3n nos ofrece un paisaje impresionante. En tiempos pasados \u200b\u200bhubo un puerto para buques de carga para la industria minera, que carga de cromo. Hoy en d\u00eda, las tripulaciones de ch\u00e1rter de yates en G\u00f6cek pueden disfrutar de unas instalaciones perfectas en los puertos deportivos, y de un mont\u00f3n de caf\u00e9s, restaurantes, bares y tiendas. El puerto est\u00e1 attractivo, ya que muchos de los famosos &quot;blue cruises&quot; (cruceros azul) comienzan o terminan aqu\u00ed.<\/p>\n<p>El puerto est\u00e1 en una bah\u00eda grande, muy tranquilo con las famosas &quot;doce islas&quot; directamente en frente de G\u00f6cek. Y el golfo de Fethiye, con todas sus islas y calas, es un \u00e1rea de navegaci\u00f3n muy bonita. Nos ofrece la posibilidad de fondear en solitario o, muchas veces con una cuerda de amarre a tierra,  disfrutar del aroma de las hierbas del Mediterr\u00e1neo, ver las cabras corriendo por los acantilados,&hellip; un aut\u00e9ntico idilio. Sobre  <a href=\"~\/Alquiler_barcos_turquia\/fethiye.html\">Fethiye<\/a> encontramos las cuevas de Lycea. Tambi\u00e9n podemos llegar en barca hasta Olu Deniz, con su famosa laguna azul. <\/p>\n<p><strong>Yates de ch\u00e1rter G\u00f6cek:<\/strong> En G\u00f6cek hay una flota de ch\u00e1rter con muchos veleros y catamaranes. Se puede alquilar su mejor yate para navegar la costa Turqu\u00eda online &#8211; o preg\u00fantenos para ofertas.<\/p>\n<p><\/p>\n","protected":false},"excerpt":{"rendered":"<p>Alquiler de barcos Port G\u00f6cek El destino de alquiler de barcos G\u00f6cek es la base de algunas grandes flotas de ch\u00e1rter en la Golfo de Fethiye. En el norte de la bah\u00eda de Fethiye se ha construido un gigantesco complejo n\u00e1utico. Hay varias puertos deportivos importantes en G\u00f6cek que ofrecen<\/p>\n","protected":false},"author":11,"featured_media":0,"parent":645,"menu_order":0,"comment_status":"open","ping_status":"open","template":"","meta":[],"aioseo_notices":[],"_links":{"self":[{"href":"https:\/\/yachtcharter-connection.com\/es\/wp-json\/wp\/v2\/pages\/1632"}],"collection":[{"href":"https:\/\/yachtcharter-connection.com\/es\/wp-json\/wp\/v2\/pages"}],"about":[{"href":"https:\/\/yachtcharter-connection.com\/es\/wp-json\/wp\/v2\/types\/page"}],"author":[{"embeddable":true,"href":"https:\/\/yachtcharter-connection.com\/es\/wp-json\/wp\/v2\/users\/11"}],"replies":[{"embeddable":true,"href":"https:\/\/yachtcharter-connection.com\/es\/wp-json\/wp\/v2\/comments?post=1632"}],"version-history":[{"count":1,"href":"https:\/\/yachtcharter-connection.com\/es\/wp-json\/wp\/v2\/pages\/1632\/revisions"}],"predecessor-version":[{"id":14269,"href":"https:\/\/yachtcharter-connection.com\/es\/wp-json\/wp\/v2\/pages\/1632\/revisions\/14269"}],"up":[{"embeddable":true,"href":"https:\/\/yachtcharter-connection.com\/es\/wp-json\/wp\/v2\/pages\/645"}],"wp:attachment":[{"href":"https:\/\/yachtcharter-connection.com\/es\/wp-json\/wp\/v2\/media?parent=1632"}],"curies":[{"name":"wp","href":"https:\/\/api.w.org\/{rel}","templated":true}]}}