{"id":1633,"date":"2015-08-10T05:53:49","date_gmt":"2015-08-10T05:53:49","guid":{"rendered":"http:\/\/yachtcharter-connection.com.w01e47c6.kasserver.com\/fethiye-152\/"},"modified":"2017-07-16T05:59:32","modified_gmt":"2017-07-16T03:59:32","slug":"fethiye-152","status":"publish","type":"page","link":"https:\/\/yachtcharter-connection.com\/es\/regiones\/mediterraneo\/alquiler-barcos-costa-turca\/fethiye-152\/","title":{"rendered":"Fethiye"},"content":{"rendered":"<h3>Alquiler de barcos Fethiye<\/h3>\n<p><img loading=\"lazy\" class=\"content-image\"  width=\"300\" height=\"200\" alt=\"Turqu\u00eda_golfo_de_fethye\" src=\"https:\/\/yachtcharter-connection.com\/wp-content\/uploads\/converted_files\/20167\/20167-5624e0eae2b27.jpg\" \/><\/p>\n<p>El destino de alquiler de barcos Fethiye es una ciudad con 60.000 habitantes, un popular destino tur\u00edstico y sede de varios proveedores de ch\u00e1rtet de yates en Fethiye. Se encuentra ubicado en la costa mediterr\u00e1nea del sur de Turqu\u00eda, a unos 50 kil\u00f3metros del aeropuerto de Dalaman. La zona de navegaci\u00f3n es bastante tranquilo, muy popular y un para\u00edso id\u00edlico para los marineros, donde a\u00fan menos experimentados tripulantes del alquiler de barcos en Fethiye disfrutan de la navegaci\u00f3n. El Golfo de Fethiye no muestra grandes ondas de muchos, pero  suele soplar un viento constante: El Meltemi viene aqu\u00ed desde abril a septiembre, principalmente desde el oeste, y ofrece un tiempo ideal para navegar.<\/p>\n<p>\nLa id\u00edlica zona de navegar de Fethiye cuenta con numerosas peque\u00f1as bah\u00edas promontorios e islas, as\u00ed como grandes oportunidades para nadar y bucear. Especialmente popular es la playa de arena blanca de \u00d6l\u00fcdeniz, con playas de aguas turquesas, a s\u00f3lo unos 14 kil\u00f3metros del centro de la ciudad de Fethiye. De las bases de alquiler de yates en Fethiye, la mayor\u00eda de los marineros navega hacia el oeste hacia <a href=\"~\/Alquiler_barcos_turquia\/marmaris.html\">Marmaris<\/a> y <a href=\"~\/Alquiler_barcos_turquia\/bodrum.html\">Bodrum<\/a>, cruceros por el este son tambi\u00e9n interesantes,  y los que tienen suficiente tiempo navegan tambi\u00e9n hacia las islas del Dodecaneso, como <a href=\"~\/Alquiler_barcos_grecia\/rhodos.html\">Rodas<\/a> o<a href=\"~\/Alquiler_barcos_grecia\/kos.html\"> Kos<\/a>.<\/p>\n<h4>Alquiler de barcos Fethiye: Puertos deportivos y la ciudad<\/h4>\n<p>\nPara los equipos de ch\u00e1rter de yates de barcos en Fethiye, dos puertos deportivos ofrecen todos los servicios con los est\u00e1ndares habituales. Aqu\u00ed hay los yates de vela y barcos de todos los tama\u00f1os. El Puerto Deportivo de la ECE &#8211; Ece Saray Marina &#038; Resort &#8211; entr\u00f3 en servicio en 2003 con 465 amarres y ofrece una arquitectura impresionante, un hotel de 5 estrellas con instalaciones de salud y bienestar. El centro de la ciudad es accesible desde aqu\u00ed, en menos de una media hora a pie. The Yes Marina, un peque\u00f1o puerto deportivo con 30 amarres en la parte suroeste de la bah\u00eda de Fethiye, est\u00e1 a unos 15 minutos a pie.<\/p>\n<p>Para alquiler de barcos Fethiye es un destino casi ideal: la ciudad vieja ofrece bares, restaurantes, caf\u00e9s y tiendas, as\u00ed como excursiones de un d\u00eda a lugares de inter\u00e9s. Una visita a uno de los muchos restaurantes con deliciosa cocina turca se recomiende de todas formas. Pero la ciudad tiene mucho m\u00e1s que ofrecer a los turistas de ch\u00e1rter de yates en Fethiye. Fethye fue construido sobre las ruinas antiguas de la ciudad Telmessos, cuya historia se remonta al siglo quinto. Un terremoto casi la destruy\u00f3 en 1957. Algunos elementos de los viejos tiempos se han conservado, digno de ver para los equipos de alquiler de yates Fethye que est\u00e1n interesados \u200b\u200ben la historia. El Museo Hist\u00f3rico de Fethiye ofrece una visi\u00f3n general de las diferentes culturas. Justo encima de la aldea en una pared de roca escarpada hay las tumbas de roca de la epoca lycia, con la tumba de Amintas del siglo 4 aC. Cerca de esta tumba hay una serie de otras tumbas en la roca. Algunos de ellos datan del siglo 6 aC. El lugar merece una visita, no s\u00f3lo por las impresionantes vistas que tiene de aqu\u00ed en toda la ciudad y la bah\u00eda! Tambi\u00e9n vale la pena a ver para los equipos de alquiler de yates: las ruinas del teatro helen\u00edstico, en el suroeste de Fethiye, que est\u00e1 dise\u00f1ado para 6.000 espectadores &#8211; a veces todav\u00eda hay teatro y conciertos all\u00ed. Los restos del castillo de San Juan del siglo 15 en la colina sobre la ciudad, construido con la ayuda de G\u00e9nova, la mezquita de Eski Cami y el Hamam tradicional turca valen la pena visitar tambi\u00e9n.<\/p>\n<p><strong>Yates de Ch\u00e1rter en Fethiye: <\/strong>Los equipos de alquiler de barcos en Fethiye encontran una gran flota de ch\u00e1rter de veleros en Fethiye y catamaranes &#8211; yates a vela de Beneteau Oceanis y Cycladas, Hanse , Bavaria, Beneteau, Dufour y catamaranes a vela de Lagoon y Fountaine Pajot est\u00e1n disponibles. Ch\u00e1rter el mejor yate para sus vacaciones navegando en Turqu\u00eda desde Fethiye en l\u00ednea &#8211; o simplemente nos piden ofertas.<\/p>\n","protected":false},"excerpt":{"rendered":"<p>Alquiler de barcos Fethiye El destino de alquiler de barcos Fethiye es una ciudad con 60.000 habitantes, un popular destino tur\u00edstico y sede de varios proveedores de ch\u00e1rtet de yates en Fethiye. Se encuentra ubicado en la costa mediterr\u00e1nea del sur de Turqu\u00eda, a unos 50 kil\u00f3metros del aeropuerto de<\/p>\n","protected":false},"author":11,"featured_media":0,"parent":645,"menu_order":0,"comment_status":"open","ping_status":"open","template":"","meta":[],"aioseo_notices":[],"_links":{"self":[{"href":"https:\/\/yachtcharter-connection.com\/es\/wp-json\/wp\/v2\/pages\/1633"}],"collection":[{"href":"https:\/\/yachtcharter-connection.com\/es\/wp-json\/wp\/v2\/pages"}],"about":[{"href":"https:\/\/yachtcharter-connection.com\/es\/wp-json\/wp\/v2\/types\/page"}],"author":[{"embeddable":true,"href":"https:\/\/yachtcharter-connection.com\/es\/wp-json\/wp\/v2\/users\/11"}],"replies":[{"embeddable":true,"href":"https:\/\/yachtcharter-connection.com\/es\/wp-json\/wp\/v2\/comments?post=1633"}],"version-history":[{"count":1,"href":"https:\/\/yachtcharter-connection.com\/es\/wp-json\/wp\/v2\/pages\/1633\/revisions"}],"predecessor-version":[{"id":14267,"href":"https:\/\/yachtcharter-connection.com\/es\/wp-json\/wp\/v2\/pages\/1633\/revisions\/14267"}],"up":[{"embeddable":true,"href":"https:\/\/yachtcharter-connection.com\/es\/wp-json\/wp\/v2\/pages\/645"}],"wp:attachment":[{"href":"https:\/\/yachtcharter-connection.com\/es\/wp-json\/wp\/v2\/media?parent=1633"}],"curies":[{"name":"wp","href":"https:\/\/api.w.org\/{rel}","templated":true}]}}