{"id":1637,"date":"2015-04-22T06:02:59","date_gmt":"2015-04-22T06:02:59","guid":{"rendered":"http:\/\/yachtcharter-connection.com.w01e47c6.kasserver.com\/port-pin-rolland-414\/"},"modified":"2016-10-29T22:01:17","modified_gmt":"2016-10-29T20:01:17","slug":"port-pin-rolland-414","status":"publish","type":"page","link":"https:\/\/yachtcharter-connection.com\/es\/regiones\/mediterraneo\/alquiler-barcos-costa-azul-del-oeste\/port-pin-rolland-414\/","title":{"rendered":"Port Pin Rolland"},"content":{"rendered":"<h3>Alquiler de barcos Francia &#8211; Costa Azul &#8211; Port Pin Rolland<\/h3>\n<p>\n<img loading=\"lazy\" class=\"content-image\"  height=\"200\" width=\"300\" src=\"https:\/\/yachtcharter-connection.com\/wp-content\/uploads\/converted_files\/20173\/20173-5624e0fb4ade8.jpg\" alt=\"Navegar_Francia_Costa_Azul_Golfo_de_Hyeres\" \/>El puerto deportivo Port Pin Rolland con algunas grandes bases de Alquiler de barcos se sit\u00faa en la bah\u00eda de Toulon en la zona oriental del Golfo del Le\u00f3n &ndash; al la via de acceso a la pen\u00ednsula C\u00e9pet, al lado del pueblo pesquero encantador de Saint-Mandrier-sur Mer. La ciudad m\u00e1s grande siguiente es La Seyne-sur-Mer con posibilidades numerosas de hacer las compras y el museo n\u00e1utico en la fortaleza Balaguier. Los residentes de C\u00e9pet viven sobre todo de la pesca y de la granja agricultura, o trabajan en los peque\u00f1os astilleros que se ocupan de mantenimiento de barcos. <\/p>\n<p>El viaje a la base del Alquiler de barcos en a\u00e9ro se hace v\u00eda el aeropuerto Toulon-Hy\u00e8res o v\u00eda Marsella que est\u00e9 en cerca de 70 kil\u00f3metros de distancia. Los equipos del Alquiler de barcos que comienzan su viaje en ch\u00e1rter en Port Pin Rolland podr\u00edan navegar al oeste y descubrir el Golfo del Le\u00f3n con las ciudades como Narbonne y Saintes-Maries-de-la-Mer en la Camargue hasta Cabo Creus en Espa\u00f1a. Navegando al este, se llegar\u00e1 muy pronto a las islas de Hyeres: : Ile de Porquerolles, Ile des Port Cros and Ile du  Levant. La bah\u00eda de Saint Tropez es tambi\u00e9n una de las destinaciones m\u00e1s populares para los equipos que viajan en ch\u00e1rter.<\/p>\n","protected":false},"excerpt":{"rendered":"<p>Alquiler de barcos Francia &#8211; Costa Azul &#8211; Port Pin Rolland El puerto deportivo Port Pin Rolland con algunas grandes bases de Alquiler de barcos se sit\u00faa en la bah\u00eda de Toulon en la zona oriental del Golfo del Le\u00f3n &ndash; al la via de acceso a la pen\u00ednsula C\u00e9pet,<\/p>\n","protected":false},"author":11,"featured_media":0,"parent":715,"menu_order":0,"comment_status":"open","ping_status":"open","template":"","meta":[],"aioseo_notices":[],"_links":{"self":[{"href":"https:\/\/yachtcharter-connection.com\/es\/wp-json\/wp\/v2\/pages\/1637"}],"collection":[{"href":"https:\/\/yachtcharter-connection.com\/es\/wp-json\/wp\/v2\/pages"}],"about":[{"href":"https:\/\/yachtcharter-connection.com\/es\/wp-json\/wp\/v2\/types\/page"}],"author":[{"embeddable":true,"href":"https:\/\/yachtcharter-connection.com\/es\/wp-json\/wp\/v2\/users\/11"}],"replies":[{"embeddable":true,"href":"https:\/\/yachtcharter-connection.com\/es\/wp-json\/wp\/v2\/comments?post=1637"}],"version-history":[{"count":1,"href":"https:\/\/yachtcharter-connection.com\/es\/wp-json\/wp\/v2\/pages\/1637\/revisions"}],"predecessor-version":[{"id":14243,"href":"https:\/\/yachtcharter-connection.com\/es\/wp-json\/wp\/v2\/pages\/1637\/revisions\/14243"}],"up":[{"embeddable":true,"href":"https:\/\/yachtcharter-connection.com\/es\/wp-json\/wp\/v2\/pages\/715"}],"wp:attachment":[{"href":"https:\/\/yachtcharter-connection.com\/es\/wp-json\/wp\/v2\/media?parent=1637"}],"curies":[{"name":"wp","href":"https:\/\/api.w.org\/{rel}","templated":true}]}}