{"id":1639,"date":"2015-08-10T05:53:50","date_gmt":"2015-08-10T05:53:50","guid":{"rendered":"http:\/\/yachtcharter-connection.com.w01e47c6.kasserver.com\/heiligenhafen-148\/"},"modified":"2017-07-14T02:04:15","modified_gmt":"2017-07-14T00:04:15","slug":"heiligenhafen-148","status":"publish","type":"page","link":"https:\/\/yachtcharter-connection.com\/es\/regiones\/mar-baltico\/alquiler-barcos-baltico-del-sudoeste\/heiligenhafen-148\/","title":{"rendered":"Heiligenhafen"},"content":{"rendered":"<h3>Alquiler de barcos Heiligenhafen &#8211; Mar B\u00e1ltico<\/h3>\n<p>\nEl moderno puerto deportivo de Alquiler de barcos en Heiligenhafen  ofrece la combinaci\u00f3n perfecta: un ambiente aut\u00e9ntico de un pueblo con puerto bullicioso, y  comodidades de 5 estrellas para los tripulantes de Alquiler de barcos. Desde el puerto deportivo hasta el puerto comercial es s\u00f3lo un paseo &#8211; donde el encanto de un pescador espera fuerte con redes de pesca, gaviotas chillando &#8211; y un mont\u00f3n de buenos restaurantes de pescado. Por la noche noche, la vida gorda en el casco antiguo. Un paseo de delante del puerto de Alquiler de barcos invita a los turistas para pasear, zonas de picnic y terrazas se pueden utilizar, la playa est\u00e1 a s\u00f3lo cinco minutos cerca.<\/p>\n<p>Lavadoras y secadoras, servicio de pan a bordo del yate de ch\u00e1rter, un servicio de trasporte a la estaci\u00f3n o las instalaciones de Spa, un gran patio de recreo para los patrones peque\u00f1os son comodidades adicionales para pasar unas relajadas vacaciones de ch\u00e1rter. Y por \u00faltimo pero no menos importante, la oferta de Alquiler de barcos con numerosos fabricantes de veleros, incluyendo Hanse, Bavaria, Dehler, o Jeanneau (Gib Sea), es muy buena.<\/p>\n","protected":false},"excerpt":{"rendered":"<p>Alquiler de barcos Heiligenhafen &#8211; Mar B\u00e1ltico El moderno puerto deportivo de Alquiler de barcos en Heiligenhafen ofrece la combinaci\u00f3n perfecta: un ambiente aut\u00e9ntico de un pueblo con puerto bullicioso, y comodidades de 5 estrellas para los tripulantes de Alquiler de barcos. Desde el puerto deportivo hasta el puerto comercial<\/p>\n","protected":false},"author":11,"featured_media":0,"parent":652,"menu_order":0,"comment_status":"open","ping_status":"open","template":"","meta":[],"aioseo_notices":[],"_links":{"self":[{"href":"https:\/\/yachtcharter-connection.com\/es\/wp-json\/wp\/v2\/pages\/1639"}],"collection":[{"href":"https:\/\/yachtcharter-connection.com\/es\/wp-json\/wp\/v2\/pages"}],"about":[{"href":"https:\/\/yachtcharter-connection.com\/es\/wp-json\/wp\/v2\/types\/page"}],"author":[{"embeddable":true,"href":"https:\/\/yachtcharter-connection.com\/es\/wp-json\/wp\/v2\/users\/11"}],"replies":[{"embeddable":true,"href":"https:\/\/yachtcharter-connection.com\/es\/wp-json\/wp\/v2\/comments?post=1639"}],"version-history":[{"count":1,"href":"https:\/\/yachtcharter-connection.com\/es\/wp-json\/wp\/v2\/pages\/1639\/revisions"}],"predecessor-version":[{"id":14002,"href":"https:\/\/yachtcharter-connection.com\/es\/wp-json\/wp\/v2\/pages\/1639\/revisions\/14002"}],"up":[{"embeddable":true,"href":"https:\/\/yachtcharter-connection.com\/es\/wp-json\/wp\/v2\/pages\/652"}],"wp:attachment":[{"href":"https:\/\/yachtcharter-connection.com\/es\/wp-json\/wp\/v2\/media?parent=1639"}],"curies":[{"name":"wp","href":"https:\/\/api.w.org\/{rel}","templated":true}]}}