{"id":1640,"date":"2015-08-10T05:53:50","date_gmt":"2015-08-10T05:53:50","guid":{"rendered":"http:\/\/yachtcharter-connection.com.w01e47c6.kasserver.com\/seychelles-mahe-881\/"},"modified":"2017-07-14T16:07:30","modified_gmt":"2017-07-14T14:07:30","slug":"seychelles-mahe-881","status":"publish","type":"page","link":"https:\/\/yachtcharter-connection.com\/es\/regiones\/oceano-indio\/alquiler-barcos-seychelles-archipielago\/seychelles-mahe-881\/","title":{"rendered":"Seychelles \/ Mahe"},"content":{"rendered":"<h3>Alquiler de barcos Islas Seychelles \/ Mah\u00e9<\/h3>\n<p>\n<img loading=\"lazy\" class=\"content-image\"  width=\"300\" height=\"225\" src=\"https:\/\/yachtcharter-connection.com\/wp-content\/uploads\/converted_files\/20176\/20176-5624e0fcca57b.jpg\" alt=\"Islas_Seychelles_catamaranes\" \/>El aeropuerto internacional se encuentra en Mah\u00e9,   que es la isla m\u00e1s bella y m\u00e1s alta de todas.  El Morne Seychelles tiene 900 metros. En el norte descubrimos grandes manglares. Bosques c\u00e1lidos  y numerosos islotes marcan el paisaje. Casi un 90 % de las poblaci\u00f3n de las  Seychelles, m\u00e1s de 70.000 personas, viven en Mah\u00e9. Sus atractivos m\u00e1s interesantes son el parque nacional de Morne Seychelles, el Museo Nacional de Victoria, el jard\u00edn bot\u00e1nico y, muy especialmente,  la arquitectura colonial de la ciudad. <\/p>\n","protected":false},"excerpt":{"rendered":"<p>Alquiler de barcos Islas Seychelles \/ Mah\u00e9 El aeropuerto internacional se encuentra en Mah\u00e9, que es la isla m\u00e1s bella y m\u00e1s alta de todas. El Morne Seychelles tiene 900 metros. En el norte descubrimos grandes manglares. Bosques c\u00e1lidos y numerosos islotes marcan el paisaje. Casi un 90 % de<\/p>\n","protected":false},"author":11,"featured_media":0,"parent":655,"menu_order":0,"comment_status":"open","ping_status":"open","template":"","meta":[],"aioseo_notices":[],"_links":{"self":[{"href":"https:\/\/yachtcharter-connection.com\/es\/wp-json\/wp\/v2\/pages\/1640"}],"collection":[{"href":"https:\/\/yachtcharter-connection.com\/es\/wp-json\/wp\/v2\/pages"}],"about":[{"href":"https:\/\/yachtcharter-connection.com\/es\/wp-json\/wp\/v2\/types\/page"}],"author":[{"embeddable":true,"href":"https:\/\/yachtcharter-connection.com\/es\/wp-json\/wp\/v2\/users\/11"}],"replies":[{"embeddable":true,"href":"https:\/\/yachtcharter-connection.com\/es\/wp-json\/wp\/v2\/comments?post=1640"}],"version-history":[{"count":1,"href":"https:\/\/yachtcharter-connection.com\/es\/wp-json\/wp\/v2\/pages\/1640\/revisions"}],"predecessor-version":[{"id":14447,"href":"https:\/\/yachtcharter-connection.com\/es\/wp-json\/wp\/v2\/pages\/1640\/revisions\/14447"}],"up":[{"embeddable":true,"href":"https:\/\/yachtcharter-connection.com\/es\/wp-json\/wp\/v2\/pages\/655"}],"wp:attachment":[{"href":"https:\/\/yachtcharter-connection.com\/es\/wp-json\/wp\/v2\/media?parent=1640"}],"curies":[{"name":"wp","href":"https:\/\/api.w.org\/{rel}","templated":true}]}}