{"id":1642,"date":"2014-06-28T18:36:06","date_gmt":"2014-06-28T18:36:06","guid":{"rendered":"http:\/\/yachtcharter-connection.com.w01e47c6.kasserver.com\/samos-621\/"},"modified":"2017-07-15T05:27:57","modified_gmt":"2017-07-15T03:27:57","slug":"samos-621","status":"publish","type":"page","link":"https:\/\/yachtcharter-connection.com\/es\/regiones\/mediterraneo\/alquiler-barcos-egeo-dodecaneso\/samos-621\/","title":{"rendered":"Samos"},"content":{"rendered":"<h3>Alquiler de barcos Samos<\/h3>\n<p>\n<img loading=\"lazy\" class=\"content-image\"  width=\"300\" height=\"181\" alt=\"Grecia_Samos\" src=\"https:\/\/yachtcharter-connection.com\/wp-content\/uploads\/converted_files\/20180\/20180-5624e0fe3329c.jpg\" \/>El destino de Alquiler de barcos Samos se encuentra en la frontera entre dos \u00e1reas de Alquiler de barcos muy populares: La isla es la m\u00e1s septentrional de las Esp\u00f3radas del Sur &#8211; en el noroeste de Samos es la isla de Chios &#8211; e incluye en su sur la zona de Alquiler de barcos del Dodecaneso. Hasta la costa de Turqu\u00eda, hay que navegar s\u00f3lo unos cuantos kil\u00f3metros de Samos. Los equipos de Alquiler de barcos que iniciar su viaje en ch\u00e1rter en Samos, toman el vuelo al Aeropuerto Internacional de Samos para llegar a la base de Alquiler de barcos. <\/p>\n<p>El aeropuerto, la ciudad de Samos y la Samos Marina en el pueblo de Pythagorion con una base de Alquiler de barcos est\u00e1n ubicados en el este de la isla, en s\u00f3lo cerca de 5 kil\u00f3metros de distancia. El puerto deportivo de Pythagorion proporciona la infraestructura perfecta para las tripulaciones de Alquiler de barcos con un supermercado, lavander\u00eda, restaurante, bar y gasolinera. El antiguo puerto de Pythagorion (el nombre viene del fil\u00f3sofo y matem\u00e1tico Pit\u00e1goras) est\u00e1 muy cerca: Aqu\u00ed las tripulaciones Alquiler de barcos est\u00e1n en el centro de los eventos tur\u00edsticos, con el consiguiente ajetreo y el bullicio de la noche &#8211; y un mont\u00f3n de restaurantes para la cena de la tripulaci\u00f3n de Alquiler de barcos. En el noroeste de Samos es el puerto Karlovassi. La ciudad principal y el principal puerto para los ferrys, Vathy Limin, se encuentra en el noreste en las profundidades del Golfo de Vathy, que tambi\u00e9n se conoce como el Golfo de Samos.,<\/p>\n<p>El paisaje del  destino de Alquiler de barcos Samos, que tiene cerca de 480 kil\u00f3metros cuadrados, es verde y monta\u00f1osa, con cascadas y manantiales de agua dulce. Incluso en los tiempos antiguos  la isla fue un importante centro comercial, hoy en d\u00eda es concentrado en turismo. Los turistas de Alquiler de barcos tambi\u00e9n deber\u00edan probar el vino cultivado localmente. Interesantes excursiones para los navegantes: la antigua ciudad de Samos, cerca de la principal ciudad de hoy, la cueva de Pit\u00e1goras y el Templo de Atenea y Hera.<\/p>\n","protected":false},"excerpt":{"rendered":"<p>Alquiler de barcos Samos El destino de Alquiler de barcos Samos se encuentra en la frontera entre dos \u00e1reas de Alquiler de barcos muy populares: La isla es la m\u00e1s septentrional de las Esp\u00f3radas del Sur &#8211; en el noroeste de Samos es la isla de Chios &#8211; e incluye<\/p>\n","protected":false},"author":11,"featured_media":0,"parent":668,"menu_order":0,"comment_status":"open","ping_status":"open","template":"","meta":[],"aioseo_notices":[],"_links":{"self":[{"href":"https:\/\/yachtcharter-connection.com\/es\/wp-json\/wp\/v2\/pages\/1642"}],"collection":[{"href":"https:\/\/yachtcharter-connection.com\/es\/wp-json\/wp\/v2\/pages"}],"about":[{"href":"https:\/\/yachtcharter-connection.com\/es\/wp-json\/wp\/v2\/types\/page"}],"author":[{"embeddable":true,"href":"https:\/\/yachtcharter-connection.com\/es\/wp-json\/wp\/v2\/users\/11"}],"replies":[{"embeddable":true,"href":"https:\/\/yachtcharter-connection.com\/es\/wp-json\/wp\/v2\/comments?post=1642"}],"version-history":[{"count":1,"href":"https:\/\/yachtcharter-connection.com\/es\/wp-json\/wp\/v2\/pages\/1642\/revisions"}],"predecessor-version":[{"id":14306,"href":"https:\/\/yachtcharter-connection.com\/es\/wp-json\/wp\/v2\/pages\/1642\/revisions\/14306"}],"up":[{"embeddable":true,"href":"https:\/\/yachtcharter-connection.com\/es\/wp-json\/wp\/v2\/pages\/668"}],"wp:attachment":[{"href":"https:\/\/yachtcharter-connection.com\/es\/wp-json\/wp\/v2\/media?parent=1642"}],"curies":[{"name":"wp","href":"https:\/\/api.w.org\/{rel}","templated":true}]}}