{"id":1643,"date":"2015-08-10T05:53:50","date_gmt":"2015-08-10T05:53:50","guid":{"rendered":"http:\/\/yachtcharter-connection.com.w01e47c6.kasserver.com\/volos-116\/"},"modified":"2017-07-15T16:14:02","modified_gmt":"2017-07-15T14:14:02","slug":"volos-116","status":"publish","type":"page","link":"https:\/\/yachtcharter-connection.com\/es\/regiones\/mediterraneo\/alquiler-barcos-egeo-esporadas\/volos-116\/","title":{"rendered":"Volos"},"content":{"rendered":"<h3>Alquiler de barcos Volos<\/h3>\n<p>\n<img class=\"content-image\"  src=\"https:\/\/yachtcharter-connection.com\/wp-content\/uploads\/converted_files\/20181\/20181-5624e0ff83c05.jpg\" alt=\"Alquiler de barcos Grecia - Volos.jpg\" style=\"width: 300px; height: 191px;\" \/>La ciudad portuaria de Volos, en el golfo de Volos (Pagasitic Golf) est\u00e1 al oeste del archipi\u00e9lago de la zona de Alquiler de barcos Esp\u00f3radas. Una pen\u00ednsula con las monta\u00f1as de Pili\u00f3n limita el Golfo hasta el Mar Egeo. Volos se encuentra a mitad de camino entre Atenas y Tesal\u00f3nica. El puerto natural protegida es utilizada para el comercio, la pesca y los transbordadores a las Esp\u00f3radas. Los equipos de Alquiler de barcos llegan al Golfo de Volos volando al aeropuerto Nea Anchialos, que se encuentra a unos 30 kil\u00f3metros de la ciudad. El Golfo de Volos y el estrecho Golfo de Eubea (Elvira) forman una zona de Alquiler de barcos bien protegido, que es perfecto para cruceros de Alquiler de barcos muy relajados con la familia.<\/p>\n<p><strong>Yates de alquiler en Volos: <\/strong>En el puerto de Volos ofrecemos varios veleros.<\/p>\n","protected":false},"excerpt":{"rendered":"<p>Alquiler de barcos Volos La ciudad portuaria de Volos, en el golfo de Volos (Pagasitic Golf) est\u00e1 al oeste del archipi\u00e9lago de la zona de Alquiler de barcos Esp\u00f3radas. Una pen\u00ednsula con las monta\u00f1as de Pili\u00f3n limita el Golfo hasta el Mar Egeo. Volos se encuentra a mitad de camino<\/p>\n","protected":false},"author":11,"featured_media":0,"parent":659,"menu_order":0,"comment_status":"open","ping_status":"open","template":"","meta":[],"aioseo_notices":[],"_links":{"self":[{"href":"https:\/\/yachtcharter-connection.com\/es\/wp-json\/wp\/v2\/pages\/1643"}],"collection":[{"href":"https:\/\/yachtcharter-connection.com\/es\/wp-json\/wp\/v2\/pages"}],"about":[{"href":"https:\/\/yachtcharter-connection.com\/es\/wp-json\/wp\/v2\/types\/page"}],"author":[{"embeddable":true,"href":"https:\/\/yachtcharter-connection.com\/es\/wp-json\/wp\/v2\/users\/11"}],"replies":[{"embeddable":true,"href":"https:\/\/yachtcharter-connection.com\/es\/wp-json\/wp\/v2\/comments?post=1643"}],"version-history":[{"count":1,"href":"https:\/\/yachtcharter-connection.com\/es\/wp-json\/wp\/v2\/pages\/1643\/revisions"}],"predecessor-version":[{"id":14315,"href":"https:\/\/yachtcharter-connection.com\/es\/wp-json\/wp\/v2\/pages\/1643\/revisions\/14315"}],"up":[{"embeddable":true,"href":"https:\/\/yachtcharter-connection.com\/es\/wp-json\/wp\/v2\/pages\/659"}],"wp:attachment":[{"href":"https:\/\/yachtcharter-connection.com\/es\/wp-json\/wp\/v2\/media?parent=1643"}],"curies":[{"name":"wp","href":"https:\/\/api.w.org\/{rel}","templated":true}]}}