{"id":1645,"date":"2014-06-28T16:07:29","date_gmt":"2014-06-28T16:07:29","guid":{"rendered":"http:\/\/yachtcharter-connection.com.w01e47c6.kasserver.com\/kalymnos-545\/"},"modified":"2016-10-29T22:01:47","modified_gmt":"2016-10-29T20:01:47","slug":"kalymnos-545","status":"publish","type":"page","link":"https:\/\/yachtcharter-connection.com\/es\/regiones\/mediterraneo\/alquiler-barcos-egeo-dodecaneso\/kalymnos-545\/","title":{"rendered":"Kalymnos"},"content":{"rendered":"<h3>Alquiler de barcos Kalymnos<\/h3>\n<p>\nLa isla de Kalymnos se encuentra a pocos kil\u00f3metros de Kos. Los equipos de Alquiler de barcos que quieren explorar la isla pueden ch\u00e1rter sus veleros en una de las bases de Alquiler de barcos en Kos, navegar aqu\u00ed desde Rodas o desde uno de los puertos deportivos de Alquiler de barcos en la costa turca &#8211; la pen\u00ednsula de Bodrum est\u00e1 a s\u00f3lo 17 km de distancia. Kalymnos es la cuarta isla m\u00e1s grande en el \u00e1rea de Alquiler de barcos de las Islas del Dodecaneso. Kalymnos es un centro para la pesca, especialmente la pesca del pez espada es importante, as\u00ed como para la cr\u00eda de ovejas.<\/p>\n","protected":false},"excerpt":{"rendered":"<p>Alquiler de barcos Kalymnos La isla de Kalymnos se encuentra a pocos kil\u00f3metros de Kos. Los equipos de Alquiler de barcos que quieren explorar la isla pueden ch\u00e1rter sus veleros en una de las bases de Alquiler de barcos en Kos, navegar aqu\u00ed desde Rodas o desde uno de los<\/p>\n","protected":false},"author":11,"featured_media":0,"parent":668,"menu_order":0,"comment_status":"open","ping_status":"open","template":"","meta":[],"aioseo_notices":[],"_links":{"self":[{"href":"https:\/\/yachtcharter-connection.com\/es\/wp-json\/wp\/v2\/pages\/1645"}],"collection":[{"href":"https:\/\/yachtcharter-connection.com\/es\/wp-json\/wp\/v2\/pages"}],"about":[{"href":"https:\/\/yachtcharter-connection.com\/es\/wp-json\/wp\/v2\/types\/page"}],"author":[{"embeddable":true,"href":"https:\/\/yachtcharter-connection.com\/es\/wp-json\/wp\/v2\/users\/11"}],"replies":[{"embeddable":true,"href":"https:\/\/yachtcharter-connection.com\/es\/wp-json\/wp\/v2\/comments?post=1645"}],"version-history":[{"count":1,"href":"https:\/\/yachtcharter-connection.com\/es\/wp-json\/wp\/v2\/pages\/1645\/revisions"}],"predecessor-version":[{"id":14302,"href":"https:\/\/yachtcharter-connection.com\/es\/wp-json\/wp\/v2\/pages\/1645\/revisions\/14302"}],"up":[{"embeddable":true,"href":"https:\/\/yachtcharter-connection.com\/es\/wp-json\/wp\/v2\/pages\/668"}],"wp:attachment":[{"href":"https:\/\/yachtcharter-connection.com\/es\/wp-json\/wp\/v2\/media?parent=1645"}],"curies":[{"name":"wp","href":"https:\/\/api.w.org\/{rel}","templated":true}]}}