{"id":1647,"date":"2015-08-10T05:53:50","date_gmt":"2015-08-10T05:53:50","guid":{"rendered":"http:\/\/yachtcharter-connection.com.w01e47c6.kasserver.com\/skiathos-798\/"},"modified":"2017-07-15T15:56:37","modified_gmt":"2017-07-15T13:56:37","slug":"skiathos-798","status":"publish","type":"page","link":"https:\/\/yachtcharter-connection.com\/es\/regiones\/mediterraneo\/alquiler-barcos-egeo-esporadas\/skiathos-798\/","title":{"rendered":"Skiathos"},"content":{"rendered":"<h3>Alquiler de barcos Skiathos<\/h3>\n<p><img loading=\"lazy\" class=\"content-image\"  width=\"300\" height=\"200\" src=\"https:\/\/yachtcharter-connection.com\/wp-content\/uploads\/converted_files\/20185\/20185-5624e100c68d7.jpg\" alt=\"\" \/>Skiathos es la m\u00e1s occidental de las islas de las Esp\u00f3radas del norte, el cuarto m\u00e1s grande y por lo tanto tambi\u00e9n la m\u00e1s peque\u00f1a que est\u00e1 habitado &#8211; un punto de partida ideal para cruceros de Alquiler de barcos en las islas. La ciudad de Skiathos y el puerto deportivo Skiathos Marina est\u00e1n situado en el sureste. La base de Alquiler de barcos en Skiathos es de f\u00e1cil access, tanto por v\u00eda a\u00e9rea y en ferry (incluido el de Volos y Tesal\u00f3nica).<\/p>\n<p>En el puerto cerca de la base de Alquiler de barcos, los encontran todos servicios &#8211; las provisiones para el crucero de Skiathos en las Esp\u00f3radas del Norte est\u00e1n disponibles en los supermercados cercanos. Directamente al pantal\u00e1n del ferry comienza el paseo Papadiamanti que invita a los turistas de Alquiler de barcos para pasear y hacer compras. En el casco antiguo, los navegantes encontran una vibrante ciudad y la vida nocturna.<\/p>\n<p>El interior de la isla es verde, con colinas boscosas &#8211; como productos t\u00edpicos de Skiathos se cultivan principalmente las aceitunas y el vino. Un viaje a la fortaleza de Kastro, en el norte vale la pena para los turistas de Alquiler de barcos. Las bah\u00edas de Platanias y Koukounaries invitan a fondear y nadar. Los primeros destinos durante el crucero desde Skiathos podr\u00edan ser &ndash; muy cercano &ndash; la isla de Skopelos, s\u00f3lo aproximadamente 4 kil\u00f3metros al este, o las islas de Repi, Arko y Marangos &#8211; o la isla larga de Euboea.<\/p>\n","protected":false},"excerpt":{"rendered":"<p>Alquiler de barcos Skiathos Skiathos es la m\u00e1s occidental de las islas de las Esp\u00f3radas del norte, el cuarto m\u00e1s grande y por lo tanto tambi\u00e9n la m\u00e1s peque\u00f1a que est\u00e1 habitado &#8211; un punto de partida ideal para cruceros de Alquiler de barcos en las islas. La ciudad de<\/p>\n","protected":false},"author":11,"featured_media":0,"parent":659,"menu_order":0,"comment_status":"open","ping_status":"open","template":"","meta":[],"aioseo_notices":[],"_links":{"self":[{"href":"https:\/\/yachtcharter-connection.com\/es\/wp-json\/wp\/v2\/pages\/1647"}],"collection":[{"href":"https:\/\/yachtcharter-connection.com\/es\/wp-json\/wp\/v2\/pages"}],"about":[{"href":"https:\/\/yachtcharter-connection.com\/es\/wp-json\/wp\/v2\/types\/page"}],"author":[{"embeddable":true,"href":"https:\/\/yachtcharter-connection.com\/es\/wp-json\/wp\/v2\/users\/11"}],"replies":[{"embeddable":true,"href":"https:\/\/yachtcharter-connection.com\/es\/wp-json\/wp\/v2\/comments?post=1647"}],"version-history":[{"count":1,"href":"https:\/\/yachtcharter-connection.com\/es\/wp-json\/wp\/v2\/pages\/1647\/revisions"}],"predecessor-version":[{"id":14313,"href":"https:\/\/yachtcharter-connection.com\/es\/wp-json\/wp\/v2\/pages\/1647\/revisions\/14313"}],"up":[{"embeddable":true,"href":"https:\/\/yachtcharter-connection.com\/es\/wp-json\/wp\/v2\/pages\/659"}],"wp:attachment":[{"href":"https:\/\/yachtcharter-connection.com\/es\/wp-json\/wp\/v2\/media?parent=1647"}],"curies":[{"name":"wp","href":"https:\/\/api.w.org\/{rel}","templated":true}]}}