{"id":1648,"date":"2015-08-10T05:53:50","date_gmt":"2015-08-10T05:53:50","guid":{"rendered":"http:\/\/yachtcharter-connection.com.w01e47c6.kasserver.com\/santorin-606\/"},"modified":"2017-07-15T15:22:03","modified_gmt":"2017-07-15T13:22:03","slug":"santorin-606","status":"publish","type":"page","link":"https:\/\/yachtcharter-connection.com\/es\/regiones\/mediterraneo\/alquiler-barcos-egeo-cicladas\/santorin-606\/","title":{"rendered":"Santorini"},"content":{"rendered":"<h3>Alquiler de barcos Santorini<\/h3>\n<p><img loading=\"lazy\" class=\"content-image\"  width=\"300\" height=\"198\" src=\"https:\/\/yachtcharter-connection.com\/wp-content\/uploads\/converted_files\/20186\/20186-5624e1024b3f6.jpg\" alt=\"Grecia_Cicladas_Santorini\" \/>En la zona de Alquiler de barcos de las C\u00edcladas Santorini es una de las islas m\u00e1s hermosas, famoso por las playas de arena negra. Con las casas blancas en la monta\u00f1a, la vista es el ep\u00edtome de c\u00f3mo se mire al destino de Alquiler de barcos Grecia. Sin embargo, Santorini se encuentra fuera de los caminos del turismo de Alquiler de barcos en las islas C\u00edcladas: los que viajan en ch\u00e1rter para y quieren explorar el archipi\u00e9lago de Santorini, situado en el sur del Mar Egeo a unos 120 km al norte de Creta, tienen que tomarse mucho m\u00e1s tiempo en sus vacaciones de ch\u00e1rter cuando empiezan desde alrededor de Atenas &#8211; o tienen que organizar el {#keyword\u00e4#} directamente de una de las bases de Alquiler de barcos en las islas C\u00edcladas, o directamente desde Santorini en el sur de las islas Cicladas. Las islas m\u00e1s cercanas son Anafi (unos 22 km al este) y Ios (19 km al norte).<\/p>\n<p>\n<img class=\"content-image\"  style=\"width:300px; height:200px;\" alt=\"Santorini-air.JPG\" src=\"https:\/\/yachtcharter-connection.com\/wp-content\/uploads\/converted_files\/20186\/20186-5624e103c4fad.jpg\" \/>El archipi\u00e9lago de Santorini, con ni siquiera 100 kil\u00f3metros cuadrados, consta de tres principales islas: Thira, Thirasia y Aspronisi. Los equipos de Alquiler de barcos que toman su velero en la tierra de Santorini, llegan a la mayor isla de Santorini Thira &#8211; ya sea en el aeropuerto, en el este de la isla o con el ferry en el puerto de Athinios en la costa oeste en el Golfo de Santorini, el cr\u00e1ter del volc\u00e1n extinto, cuyo se ha formado alrededor de 3.500 a\u00f1os antes del estallido del archipi\u00e9lago. En el golfo, hay otras islas &#8211; Nea Kameni y Palea Kameni, Agios Nikolaos, Kimina, Chrisiani y Askania. Los otros puertos en el Golfo de Santorini &#8211;  el antiguo puerto de la capital, Fira, Ammoudi y por debajo de Oia Armeni, y en Thirasia Korfos y Riva &#8211; se usan principalmente por pescadores y barcos de excursi\u00f3n, los equipos de Alquiler de barcos a menudo pueden fondear en las cercan\u00edas y bajar a tierra con el bote auxiliar.<\/p>\n<p>\n<img class=\"content-image\"  style=\"width:300px; height:191px;\" alt=\"Santorin.JPG\" src=\"https:\/\/yachtcharter-connection.com\/wp-content\/uploads\/converted_files\/20186\/20186-5624e104f2144.jpg\" \/>El \u00fanico refugio realmente seguro para los tripulantes de Alquiler de barcos en Santorini es el nuevo puerto deportivo Marina Vlychada  en el sur de Santorini, con todos los servicios de Alquiler de barcos, como restaurantes y tabernas, WiFi y aseos y un hotel en el puerto (Notos Hotel). Tambi\u00e9n se puede alquilar motos para explorar la isla. Aparte de las casas blancas, hay m\u00e1s de 250 iglesias a ver, incluyendo la Catedral de Fira, que vale visitar por la gran vista desde el borde del cr\u00e1ter. Akrotiri es tambi\u00e9n digno de ver &#8211; aqu\u00ed una ciudad sepultada por la lava fue expuesto. Hay hermosas playas, por supuesto &#8211; as\u00ed como pueblos con sue\u00f1o, bulliciosas calles antiguas y estrechas para dar un paseo en Fira. Los equipos de Alquiler de barcos que salen por la noche encontran tabernas, Bouzukias, bares y discotecas. Maravilloso: un viaje a la ciudad de Oia para disfrutar de la espectacular puesta de sol desde aqu\u00ed.<\/p>\n","protected":false},"excerpt":{"rendered":"<p>Alquiler de barcos Santorini En la zona de Alquiler de barcos de las C\u00edcladas Santorini es una de las islas m\u00e1s hermosas, famoso por las playas de arena negra. Con las casas blancas en la monta\u00f1a, la vista es el ep\u00edtome de c\u00f3mo se mire al destino de Alquiler de<\/p>\n","protected":false},"author":11,"featured_media":0,"parent":646,"menu_order":0,"comment_status":"open","ping_status":"open","template":"","meta":[],"aioseo_notices":[],"_links":{"self":[{"href":"https:\/\/yachtcharter-connection.com\/es\/wp-json\/wp\/v2\/pages\/1648"}],"collection":[{"href":"https:\/\/yachtcharter-connection.com\/es\/wp-json\/wp\/v2\/pages"}],"about":[{"href":"https:\/\/yachtcharter-connection.com\/es\/wp-json\/wp\/v2\/types\/page"}],"author":[{"embeddable":true,"href":"https:\/\/yachtcharter-connection.com\/es\/wp-json\/wp\/v2\/users\/11"}],"replies":[{"embeddable":true,"href":"https:\/\/yachtcharter-connection.com\/es\/wp-json\/wp\/v2\/comments?post=1648"}],"version-history":[{"count":1,"href":"https:\/\/yachtcharter-connection.com\/es\/wp-json\/wp\/v2\/pages\/1648\/revisions"}],"predecessor-version":[{"id":14297,"href":"https:\/\/yachtcharter-connection.com\/es\/wp-json\/wp\/v2\/pages\/1648\/revisions\/14297"}],"up":[{"embeddable":true,"href":"https:\/\/yachtcharter-connection.com\/es\/wp-json\/wp\/v2\/pages\/646"}],"wp:attachment":[{"href":"https:\/\/yachtcharter-connection.com\/es\/wp-json\/wp\/v2\/media?parent=1648"}],"curies":[{"name":"wp","href":"https:\/\/api.w.org\/{rel}","templated":true}]}}