{"id":1649,"date":"2015-08-10T05:53:50","date_gmt":"2015-08-10T05:53:50","guid":{"rendered":"http:\/\/yachtcharter-connection.com.w01e47c6.kasserver.com\/lavrion-553\/"},"modified":"2017-10-16T08:39:14","modified_gmt":"2017-10-16T06:39:14","slug":"lavrion-553","status":"publish","type":"page","link":"https:\/\/yachtcharter-connection.com\/es\/regiones\/mediterraneo\/alquiler-barcos-egeo-cicladas\/lavrion-553\/","title":{"rendered":"Lavrion"},"content":{"rendered":"<h3>Alquiler de barcos Lavrion<\/h3>\n<p>\n<img loading=\"lazy\" class=\"content-image\"  width=\"300\" height=\"200\" alt=\"Navegar Lavrion - ver Cabo Sounion\" src=\"https:\/\/yachtcharter-connection.com\/wp-content\/uploads\/converted_files\/20187\/20187-5624e10651f9b.jpg\" \/>El puerto deportivo de Lavrion, como los de Kalamaki y Pireo, es la tercera importante base de (#keyword#) cerca de Atenas, ubicado a unos 35 kil\u00f3metros al sudeste del aeropuerto, en la costa de la pen\u00ednsula de \u00c1tica. El tiempo de traslado a la base de Alquiler de barcos no es mucho m\u00e1s que desde el aeropuerto a las bases de Alquiler de barcos en Kalamaki. <\/p>\n<p>Lavrion es un buen puerto de partida para los viajes en ch\u00e1rter no s\u00f3lo para navegar en el Golfo Sar\u00f3nico y a las islas C\u00edcladas. Adem\u00e1s, las Esp\u00f3radas del Norte, Skiathos o la isla de Evia est\u00e1n dentro de alcance de las bases de Alquiler de barcos de Lavrion.  <\/p>\n<p>El puerto deportivo de Lavrion es grande y bastante tranquilo. No te pierdas un viaje a Cabo Sunion, que est\u00e1 a s\u00f3lo 5 kil\u00f3metros de distancia. Disfruta de la puesta del sol muy famosa!<\/p>\n<p><\/p>\n","protected":false},"excerpt":{"rendered":"<p>Alquiler de barcos Lavrion El puerto deportivo de Lavrion, como los de Kalamaki y Pireo, es la tercera importante base de (#keyword#) cerca de Atenas, ubicado a unos 35 kil\u00f3metros al sudeste del aeropuerto, en la costa de la pen\u00ednsula de \u00c1tica. El tiempo de traslado a la base de<\/p>\n","protected":false},"author":11,"featured_media":0,"parent":646,"menu_order":0,"comment_status":"open","ping_status":"open","template":"","meta":[],"aioseo_notices":[],"_links":{"self":[{"href":"https:\/\/yachtcharter-connection.com\/es\/wp-json\/wp\/v2\/pages\/1649"}],"collection":[{"href":"https:\/\/yachtcharter-connection.com\/es\/wp-json\/wp\/v2\/pages"}],"about":[{"href":"https:\/\/yachtcharter-connection.com\/es\/wp-json\/wp\/v2\/types\/page"}],"author":[{"embeddable":true,"href":"https:\/\/yachtcharter-connection.com\/es\/wp-json\/wp\/v2\/users\/11"}],"replies":[{"embeddable":true,"href":"https:\/\/yachtcharter-connection.com\/es\/wp-json\/wp\/v2\/comments?post=1649"}],"version-history":[{"count":1,"href":"https:\/\/yachtcharter-connection.com\/es\/wp-json\/wp\/v2\/pages\/1649\/revisions"}],"predecessor-version":[{"id":14289,"href":"https:\/\/yachtcharter-connection.com\/es\/wp-json\/wp\/v2\/pages\/1649\/revisions\/14289"}],"up":[{"embeddable":true,"href":"https:\/\/yachtcharter-connection.com\/es\/wp-json\/wp\/v2\/pages\/646"}],"wp:attachment":[{"href":"https:\/\/yachtcharter-connection.com\/es\/wp-json\/wp\/v2\/media?parent=1649"}],"curies":[{"name":"wp","href":"https:\/\/api.w.org\/{rel}","templated":true}]}}