{"id":165,"date":"2015-02-26T21:18:41","date_gmt":"2015-02-26T21:18:41","guid":{"rendered":"http:\/\/yachtcharter-connection.com.w01e47c6.kasserver.com\/categorias-de-charter\/"},"modified":"2016-10-29T18:59:38","modified_gmt":"2016-10-29T16:59:38","slug":"categorias-de-charter","status":"publish","type":"page","link":"https:\/\/yachtcharter-connection.com\/es\/categorias-de-charter\/","title":{"rendered":"Alquiler de Yates"},"content":{"rendered":"<table border=\"0\" width=\"100%\" cellspacing=\"0\" cellpadding=\"0\" align=\"left\">\n<tbody>\n<tr>\n<td>\n<h2><a title=\"Bareboat Charters\" href=\"~\/Yates_sin_patron.html\" type=\"Bareboat Charters\">Yates sin Patr\u00f3n<br \/>\n<\/a><\/h2>\n<\/td>\n<td>\n<h2><a title=\"Luxury &amp; Crewed Charters\" href=\"~\/Yates_de_lujo.html\" type=\"Luxury &amp; Crewed Charters\">Yates de Lujo<br \/>\ncon Tripulacion<br \/>\n<\/a><\/h2>\n<\/td>\n<td>\n<h2><a title=\"Events &amp; Incentives\" href=\"~\/Eventos_Incentivos.html\" type=\"Events &amp; Incentives\">Eventos &amp; Incentivos<br \/>\n<\/a><\/h2>\n<\/td>\n<\/tr>\n<tr>\n<td><a href=\"~\/Yachts\/Bareboat_Yachts.html\"><img loading=\"lazy\" class=\"content-image\" title=\"Bareboat Yacht Charters\" src=\"https:\/\/yachtcharter-connection.com\/wp-content\/uploads\/converted_files\/27\/27-561d0fe430c99.jpg\" alt=\"Bareboat Charters\" width=\"165\" height=\"110\" border=\"0\" \/><\/a><\/td>\n<td style=\"text-align: left;\"><a href=\"~\/Luxury_Yachts.html\"><img loading=\"lazy\" class=\"content-image\" title=\"Luxury Charters\" src=\"https:\/\/yachtcharter-connection.com\/wp-content\/uploads\/converted_files\/27\/27-561d0fe71d93e.jpg\" alt=\"Luxury Charters\" width=\"165\" height=\"110\" border=\"0\" \/><\/a><\/td>\n<td style=\"text-align: left;\"><a href=\"~\/Categories\/Specials_Incentives.html\"><img loading=\"lazy\" class=\"content-image\" title=\"Events &amp; Incentives\" src=\"https:\/\/yachtcharter-connection.com\/wp-content\/uploads\/converted_files\/27\/27-561d0fe89329d.jpg\" alt=\"Events &amp; Incentives\" width=\"165\" height=\"110\" border=\"0\" \/><\/a><\/td>\n<\/tr>\n<tr>\n<td>El mejor yate para sus<br \/>\nvacaciones a bordo:<br \/>\nVeleros, yates de motor<br \/>\ny catamaranes. \u00a1Por<br \/>\nsupuesto usted puede<br \/>\nreservar todos los yates<br \/>\ndel bareboat con el<br \/>\ncapit\u00e1n tambi\u00e9n!<\/p>\n<p>&nbsp;<\/td>\n<td>Yates de lujo con capit\u00e1n<br \/>\ny tripulaci\u00f3n. Usted<br \/>\ndetermina la planificaci\u00f3n<br \/>\ndel viaje junto con el<br \/>\ncapit\u00e1n de su yate<br \/>\nch\u00e1rter. Despu\u00e9s s\u00f3lo<br \/>\ntiene que disfrutar.<\/td>\n<td>Eventos e incentivos en el<br \/>\nmar: una experiencia<br \/>\ninolvidable para equipos,<br \/>\nempresas y sus clientes,<br \/>\nun acontecimiento<br \/>\nespecial para la familia<br \/>\ny los amigos.<\/p>\n<p>&nbsp;<\/td>\n<\/tr>\n<\/tbody>\n<\/table>\n","protected":false},"excerpt":{"rendered":"<p>Yates sin Patr\u00f3n Yates de Lujo con Tripulacion Eventos &amp; Incentivos El mejor yate para sus vacaciones a bordo: Veleros, yates de motor y catamaranes. \u00a1Por supuesto usted puede reservar todos los yates del bareboat con el capit\u00e1n tambi\u00e9n! &nbsp; Yates de lujo con capit\u00e1n y tripulaci\u00f3n. Usted determina la<\/p>\n","protected":false},"author":11,"featured_media":0,"parent":0,"menu_order":0,"comment_status":"open","ping_status":"open","template":"","meta":[],"aioseo_notices":[],"_links":{"self":[{"href":"https:\/\/yachtcharter-connection.com\/es\/wp-json\/wp\/v2\/pages\/165"}],"collection":[{"href":"https:\/\/yachtcharter-connection.com\/es\/wp-json\/wp\/v2\/pages"}],"about":[{"href":"https:\/\/yachtcharter-connection.com\/es\/wp-json\/wp\/v2\/types\/page"}],"author":[{"embeddable":true,"href":"https:\/\/yachtcharter-connection.com\/es\/wp-json\/wp\/v2\/users\/11"}],"replies":[{"embeddable":true,"href":"https:\/\/yachtcharter-connection.com\/es\/wp-json\/wp\/v2\/comments?post=165"}],"version-history":[{"count":1,"href":"https:\/\/yachtcharter-connection.com\/es\/wp-json\/wp\/v2\/pages\/165\/revisions"}],"predecessor-version":[{"id":7783,"href":"https:\/\/yachtcharter-connection.com\/es\/wp-json\/wp\/v2\/pages\/165\/revisions\/7783"}],"wp:attachment":[{"href":"https:\/\/yachtcharter-connection.com\/es\/wp-json\/wp\/v2\/media?parent=165"}],"curies":[{"name":"wp","href":"https:\/\/api.w.org\/{rel}","templated":true}]}}