{"id":1650,"date":"2015-08-10T05:53:50","date_gmt":"2015-08-10T05:53:50","guid":{"rendered":"http:\/\/yachtcharter-connection.com.w01e47c6.kasserver.com\/lefkas-572\/"},"modified":"2017-10-16T18:10:36","modified_gmt":"2017-10-16T16:10:36","slug":"lefkas-572","status":"publish","type":"page","link":"https:\/\/yachtcharter-connection.com\/es\/regiones\/mediterraneo\/alquiler-barcos-mar-jonico\/lefkas-572\/","title":{"rendered":"Lefkas"},"content":{"rendered":"<h3>Alquiler de barcos Lefkas<\/h3>\n<p>\n<img loading=\"lazy\" class=\"content-image\"  width=\"300\" height=\"168\" src=\"https:\/\/yachtcharter-connection.com\/wp-content\/uploads\/converted_files\/20188\/20188-5624e107df881.jpg\" alt=\"\" \/>Lefkada \/ Lefkas es un popular punto de partida para viajes de ch\u00e1rter en la zona de Alquiler de barcos del Mar J\u00f3nico, incluyendo Alquiler de barcos one-way a Corf\u00fa o a trav\u00e9s del Golfo de Corinto. La isla Lefkas, tambi\u00e9n llamado Lefkada, es conectada con la tierra firma por una puente &#8211; los turistas de Alquiler de barcos llegan all\u00ed al aeropuerto m\u00e1s cercano de Preveza. Las islas vecinas son Itaca, la isla de Odiseo, y Cefalonia. El puente del canal de Lefkada se abre para cada hora para los veleros.<\/p>\n<p>El destino de Alquiler de barcos Lefkada \/ Lefkas no es grande, menos de 300 kil\u00f3metros cuadrados, no hay masas de turistas aqu\u00ed. Los centros son el capital Lefkas \/ Lefkada, situado al puente, y Nidri. La isla es muy attractiva por su bonita naturaleza: monta\u00f1as y valles verdes, olivos, cipreses y bosques de pinos, kil\u00f3metros de playas de arena, profundos fiordos como en Nidri en el este y los acantilados de tiza blanca de Puerto Katsiki en el Sur &#8211; mucho m\u00e1s accesible por el turismo de Alquiler de barcos que por los &quot;turistas de la tierra&quot;.<\/p>\n<p>El relativamente nuevo puerto deportivo de Alquiler de barcos con varias empresas de Alquiler de barcos est\u00e1 cerca de la antigua ciudad portuaria de Lefkas. Tanto el puerto deportivo y la animada ciudad tienen la infrastructura completa para el turismo de Alquiler de barcos, supermercados, restaurantes, bares etcetera.  <\/p>\n<p>El puerto de Alquiler de barcos de <a href=\"~\/Alquiler_barcos_grecia\/lefkas_nidri.html\">Nidri<\/a> es el puerto de los ferrys y tambi\u00e9n ofrece todo se necesita para el turismo de Alquiler de barcos.Anclajes buenos los navegantes en Lefkada son Vlycho in the south of Nidri y el puerto natural Sivota.<\/p>\n","protected":false},"excerpt":{"rendered":"<p>Alquiler de barcos Lefkas Lefkada \/ Lefkas es un popular punto de partida para viajes de ch\u00e1rter en la zona de Alquiler de barcos del Mar J\u00f3nico, incluyendo Alquiler de barcos one-way a Corf\u00fa o a trav\u00e9s del Golfo de Corinto. La isla Lefkas, tambi\u00e9n llamado Lefkada, es conectada con<\/p>\n","protected":false},"author":11,"featured_media":0,"parent":644,"menu_order":0,"comment_status":"open","ping_status":"open","template":"","meta":[],"aioseo_notices":[],"_links":{"self":[{"href":"https:\/\/yachtcharter-connection.com\/es\/wp-json\/wp\/v2\/pages\/1650"}],"collection":[{"href":"https:\/\/yachtcharter-connection.com\/es\/wp-json\/wp\/v2\/pages"}],"about":[{"href":"https:\/\/yachtcharter-connection.com\/es\/wp-json\/wp\/v2\/types\/page"}],"author":[{"embeddable":true,"href":"https:\/\/yachtcharter-connection.com\/es\/wp-json\/wp\/v2\/users\/11"}],"replies":[{"embeddable":true,"href":"https:\/\/yachtcharter-connection.com\/es\/wp-json\/wp\/v2\/comments?post=1650"}],"version-history":[{"count":2,"href":"https:\/\/yachtcharter-connection.com\/es\/wp-json\/wp\/v2\/pages\/1650\/revisions"}],"predecessor-version":[{"id":25252,"href":"https:\/\/yachtcharter-connection.com\/es\/wp-json\/wp\/v2\/pages\/1650\/revisions\/25252"}],"up":[{"embeddable":true,"href":"https:\/\/yachtcharter-connection.com\/es\/wp-json\/wp\/v2\/pages\/644"}],"wp:attachment":[{"href":"https:\/\/yachtcharter-connection.com\/es\/wp-json\/wp\/v2\/media?parent=1650"}],"curies":[{"name":"wp","href":"https:\/\/api.w.org\/{rel}","templated":true}]}}