{"id":1651,"date":"2015-08-10T05:53:50","date_gmt":"2015-08-10T05:53:50","guid":{"rendered":"http:\/\/yachtcharter-connection.com.w01e47c6.kasserver.com\/corfu-marina-gouvia-269\/"},"modified":"2017-10-16T11:01:00","modified_gmt":"2017-10-16T09:01:00","slug":"corfu-marina-gouvia-269","status":"publish","type":"page","link":"https:\/\/yachtcharter-connection.com\/es\/regiones\/mediterraneo\/alquiler-barcos-mar-jonico\/corfu-marina-gouvia-269\/","title":{"rendered":"Corfu \/ Marina Gouvia"},"content":{"rendered":"<h3>Alquiler de barcos Corfu \/ Marina Gouvia<\/h3>\n<p>\n<img loading=\"lazy\" class=\"content-image\"  width=\"300\" height=\"400\" src=\"https:\/\/yachtcharter-connection.com\/wp-content\/uploads\/converted_files\/20189\/20189-5624e10abbe43.jpg\" alt=\"Navegar_Grecia_Mar_I\u00f3nico_Corfu_Koroula\" \/>El destino de Alquiler de barcos Corf\u00fa es la m\u00e1s septentrional de las islas I\u00f3nicas &#8211; y el punto de partida ideal para un viaje de ch\u00e1rter en el mar I\u00f3nico. Desde la costa de Albani s\u00f3lo un canal ancho de dos kil\u00f3metros separa a la isla de Cor\u00fa. Igoumenitsa es el puerto m\u00e1s cercano y importante a la costa griega, un puerto de gran tama\u00f1o. Debido a la exuberante vegetaci\u00f3n de Corf\u00fa se llama la &quot;isla verde&quot;. La principal ciudad es tambi\u00e9n llamada Corf\u00fa, o Kerkyra. las tripulaci\u00f3nes de Alquiler de barcos llegan a las bases de Alquiler de barcos viajando al Aeropuerto Internacional de Corf\u00fa.<\/p>\n<p>\nEl puerto de salida principal para Alquiler de barcos es el puerto deportivo Marina Gouvia, donde ha varias compa\u00f1\u00edas de Alquiler de barcos &#8211; est\u00e1 en el norte de Corf\u00fa, relativamente cerca del aeropuerto. En la ciudad de Corf\u00fa hay varios puertos para el turismo de Alquiler de barcos: el puerto de la ciudad es relativamente peque\u00f1a y ruidosa &#8211; el Yacht Club NAOK al sur de la antigua fortaleza es el puerto mejor para el turismo de Alquiler de barcos,  los navegantes pueden caminar a pie al casco antiguo, un sitio del patrimonio mundial cultural de la Unesco. A unas cuatro millas al sur se sit\u00faa la ciudad de Benitses con su puerto, que se utiliza principalmente por pescadores y barcos de excursi\u00f3n. Para las tripulaciones de Alquiler de barcos Benitses es un puerto de partida ideal para viajes a la costa griega o a las islas Paxi y Antipaxi. Con scooters, los navegantes pueden explorar la capital desde all\u00ed. El puerto y los negocios y supermercados ofrecen todo para el turismo de Alquiler de barcos. Hay otro peque\u00f1o puerto en el norte-este de la isla, a unos 15 km de la ciudad de Corf\u00fa, en la peque\u00f1a ciudad de Ipsos.<\/p>\n<p>\nEl puerto deportivo de  Alquiler de barcos Marina Gouvia, sede de la mayor\u00eda de las empresas de Alquiler de barcos en Corf\u00fa y punto de partida para muchos cruceros de Alquiler de barcos en el mar I\u00f3nico (y para la ch\u00e1rter de un solo sentido hacia Lefkas) est\u00e1 en Kontokali, un pueblo de pescadores con un encanto tradicional griega. Anteriormente, se desempe\u00f1\u00f3 la bah\u00eda como un gran puerto natural ya punto de partida de los venecianos para los viajes comerciales. Hoy, el gran puerto deportivo es el puerto m\u00e1s seguro y protegido del mar I\u00f3nico. El casco antiguo de Corf\u00fa \/ Kerkyra est\u00e1 s\u00f3lo en algunos kil\u00f3metros de distancia, bien accesible para las tripulaciones de Alquiler de barcos en taxi. En la Marina Gouvia hay todo que se necesita para el turismo de Alquiler de barcos. <\/p>\n<p>\nLos navegantes deber\u00edan tomarse el tiempo para pasear por las estrechas callejuelas del casco antiguo de Corf\u00fa. A ver: la Iglesia de San Spiridon, el santo patrono de Corf\u00fa, y el Museo de billetes de dinero griego de los tiempos pre-Euro. Otras atracciones que vale la pena visitar:  Achilleon, el pueblo m\u00e1s antiguo de Palaia Perithea, los monasterios de Panagia Mirtiotissa en la costa oeste y Paleokastritsa en una peque\u00f1a bah\u00eda, el monasterio en la isla Vlacherna, el Angelokastro y Monte Pantocr\u00e1tor ruinas con vistas a Albania .<\/p>\n<p>\nUn consejo para un crucero de Alquiler de barcos muy especial: Los que pueden navegar en primavera pueden disfrutar de la la celebraci\u00f3n de la Semana Santa con procesiones griegas espl\u00e9ndidas!<\/p>\n","protected":false},"excerpt":{"rendered":"<p>Alquiler de barcos Corfu \/ Marina Gouvia El destino de Alquiler de barcos Corf\u00fa es la m\u00e1s septentrional de las islas I\u00f3nicas &#8211; y el punto de partida ideal para un viaje de ch\u00e1rter en el mar I\u00f3nico. Desde la costa de Albani s\u00f3lo un canal ancho de dos kil\u00f3metros<\/p>\n","protected":false},"author":11,"featured_media":0,"parent":644,"menu_order":0,"comment_status":"open","ping_status":"open","template":"","meta":[],"aioseo_notices":[],"_links":{"self":[{"href":"https:\/\/yachtcharter-connection.com\/es\/wp-json\/wp\/v2\/pages\/1651"}],"collection":[{"href":"https:\/\/yachtcharter-connection.com\/es\/wp-json\/wp\/v2\/pages"}],"about":[{"href":"https:\/\/yachtcharter-connection.com\/es\/wp-json\/wp\/v2\/types\/page"}],"author":[{"embeddable":true,"href":"https:\/\/yachtcharter-connection.com\/es\/wp-json\/wp\/v2\/users\/11"}],"replies":[{"embeddable":true,"href":"https:\/\/yachtcharter-connection.com\/es\/wp-json\/wp\/v2\/comments?post=1651"}],"version-history":[{"count":1,"href":"https:\/\/yachtcharter-connection.com\/es\/wp-json\/wp\/v2\/pages\/1651\/revisions"}],"predecessor-version":[{"id":14320,"href":"https:\/\/yachtcharter-connection.com\/es\/wp-json\/wp\/v2\/pages\/1651\/revisions\/14320"}],"up":[{"embeddable":true,"href":"https:\/\/yachtcharter-connection.com\/es\/wp-json\/wp\/v2\/pages\/644"}],"wp:attachment":[{"href":"https:\/\/yachtcharter-connection.com\/es\/wp-json\/wp\/v2\/media?parent=1651"}],"curies":[{"name":"wp","href":"https:\/\/api.w.org\/{rel}","templated":true}]}}