{"id":1652,"date":"2015-08-10T05:53:50","date_gmt":"2015-08-10T05:53:50","guid":{"rendered":"http:\/\/yachtcharter-connection.com.w01e47c6.kasserver.com\/cerdena-alghero\/"},"modified":"2017-11-14T12:21:32","modified_gmt":"2017-11-14T10:21:32","slug":"cerdena-alghero","status":"publish","type":"page","link":"https:\/\/yachtcharter-connection.com\/es\/regiones\/mediterraneo\/alquiler-barcos-cerdena\/cerdena-alghero\/","title":{"rendered":"Cerde\u00f1a \/ Alghero"},"content":{"rendered":"<h1><strong>Alquiler de barcos Cerde\u00f1a &#8211; Alghero<\/strong><\/h1>\n<p><a href=\"https:\/\/yachtcharter-connection.com\/wp-content\/uploads\/2015\/08\/Alghero-Yachtcharter-Sardinia.jpg\"><img loading=\"lazy\" class=\"alignleft  wp-image-25760\" src=\"https:\/\/yachtcharter-connection.com\/wp-content\/uploads\/2015\/08\/Alghero-Yachtcharter-Sardinia.jpg\" alt=\"Alquiler de barcos Cerde\u00f1a - Alghero\" width=\"610\" height=\"330\" srcset=\"https:\/\/yachtcharter-connection.com\/wp-content\/uploads\/2015\/08\/Alghero-Yachtcharter-Sardinia.jpg 740w, https:\/\/yachtcharter-connection.com\/wp-content\/uploads\/2015\/08\/Alghero-Yachtcharter-Sardinia-300x162.jpg 300w\" sizes=\"(max-width: 610px) 100vw, 610px\" \/><\/a>Alghero es una ciudad animada en la costa noroeste de Cerde\u00f1a en la provincia de Sassari y uno de los centros tur\u00edsticos de la isla. El pintoresco casco antiguo con muchos recuerdos de la Edad Media te invita a pasear. Iglesias, plazas, calles estrechas, muchas tiendas &#8230; un paseo es realmente divertido aqu\u00ed. El puerto deportivo Marina di es la ubicaci\u00f3n de algunas bases de alquiler de barcos y un buen puerto de partida para un crucero por Cerde\u00f1a.<\/p>\n<p>Alghero tiene su propio aeropuerto y, por lo tanto, es f\u00e1cilmente accesible para los equipos de alquiler de barcos.<\/p>\n<p><strong>Yates y barcos de alquiler de Alghero:<\/strong> para sus vacaciones de alquiler hay yates de varios operadores, veleros y catamaranes. Ofrecemos yates de lujo de ch\u00e1rter desde Alghero a petici\u00f3n.<\/p>\n","protected":false},"excerpt":{"rendered":"<p>Alquiler de barcos Cerde\u00f1a &#8211; Alghero Alghero es una ciudad animada en la costa noroeste de Cerde\u00f1a en la provincia de Sassari y uno de los centros tur\u00edsticos de la isla. El pintoresco casco antiguo con muchos recuerdos de la Edad Media te invita a pasear. Iglesias, plazas, calles estrechas,<\/p>\n","protected":false},"author":11,"featured_media":0,"parent":665,"menu_order":0,"comment_status":"open","ping_status":"open","template":"","meta":[],"aioseo_notices":[],"_links":{"self":[{"href":"https:\/\/yachtcharter-connection.com\/es\/wp-json\/wp\/v2\/pages\/1652"}],"collection":[{"href":"https:\/\/yachtcharter-connection.com\/es\/wp-json\/wp\/v2\/pages"}],"about":[{"href":"https:\/\/yachtcharter-connection.com\/es\/wp-json\/wp\/v2\/types\/page"}],"author":[{"embeddable":true,"href":"https:\/\/yachtcharter-connection.com\/es\/wp-json\/wp\/v2\/users\/11"}],"replies":[{"embeddable":true,"href":"https:\/\/yachtcharter-connection.com\/es\/wp-json\/wp\/v2\/comments?post=1652"}],"version-history":[{"count":3,"href":"https:\/\/yachtcharter-connection.com\/es\/wp-json\/wp\/v2\/pages\/1652\/revisions"}],"predecessor-version":[{"id":25765,"href":"https:\/\/yachtcharter-connection.com\/es\/wp-json\/wp\/v2\/pages\/1652\/revisions\/25765"}],"up":[{"embeddable":true,"href":"https:\/\/yachtcharter-connection.com\/es\/wp-json\/wp\/v2\/pages\/665"}],"wp:attachment":[{"href":"https:\/\/yachtcharter-connection.com\/es\/wp-json\/wp\/v2\/media?parent=1652"}],"curies":[{"name":"wp","href":"https:\/\/api.w.org\/{rel}","templated":true}]}}