{"id":1655,"date":"2014-06-29T01:44:10","date_gmt":"2014-06-29T01:44:10","guid":{"rendered":"http:\/\/yachtcharter-connection.com.w01e47c6.kasserver.com\/phuket-laem-phrao-965\/"},"modified":"2016-10-29T22:09:15","modified_gmt":"2016-10-29T20:09:15","slug":"phuket-laem-phrao-965","status":"publish","type":"page","link":"https:\/\/yachtcharter-connection.com\/es\/regiones\/oceano-indio\/alquiler-barcos-tailandia-761\/phuket-laem-phrao-965\/","title":{"rendered":"Phuket \/ Laem Phrao"},"content":{"rendered":"<h3>Alquiler de barcos Phuket \/ Laem Phrao<\/h3>\n<p><img loading=\"lazy\" class=\"content-image\"  width=\"300\" height=\"225\" alt=\"\" src=\"https:\/\/yachtcharter-connection.com\/wp-content\/uploads\/converted_files\/20193\/20193-5624e10dc04c7.jpg\" \/>La bah\u00eda de Laem Phrao es un anclaje seguro durante todo el a\u00f1o, con f\u00e1cil acceso desde el este en todo momento. El puerto deportive <a href=\"~\/Alquiler_barcos_tailandia\/phuket_yacht_haven_marina.html\">Yacht Haven Marina<\/a>, punto de partida ideal para cruceros en la bah\u00eda de Phang Nga, est\u00e1 situado en la bah\u00eda y es la base de varias flotas de Alquiler de barcos.<\/p>\n","protected":false},"excerpt":{"rendered":"<p>Alquiler de barcos Phuket \/ Laem Phrao La bah\u00eda de Laem Phrao es un anclaje seguro durante todo el a\u00f1o, con f\u00e1cil acceso desde el este en todo momento. El puerto deportive Yacht Haven Marina, punto de partida ideal para cruceros en la bah\u00eda de Phang Nga, est\u00e1 situado en<\/p>\n","protected":false},"author":11,"featured_media":0,"parent":657,"menu_order":0,"comment_status":"open","ping_status":"open","template":"","meta":[],"aioseo_notices":[],"_links":{"self":[{"href":"https:\/\/yachtcharter-connection.com\/es\/wp-json\/wp\/v2\/pages\/1655"}],"collection":[{"href":"https:\/\/yachtcharter-connection.com\/es\/wp-json\/wp\/v2\/pages"}],"about":[{"href":"https:\/\/yachtcharter-connection.com\/es\/wp-json\/wp\/v2\/types\/page"}],"author":[{"embeddable":true,"href":"https:\/\/yachtcharter-connection.com\/es\/wp-json\/wp\/v2\/users\/11"}],"replies":[{"embeddable":true,"href":"https:\/\/yachtcharter-connection.com\/es\/wp-json\/wp\/v2\/comments?post=1655"}],"version-history":[{"count":1,"href":"https:\/\/yachtcharter-connection.com\/es\/wp-json\/wp\/v2\/pages\/1655\/revisions"}],"predecessor-version":[{"id":14455,"href":"https:\/\/yachtcharter-connection.com\/es\/wp-json\/wp\/v2\/pages\/1655\/revisions\/14455"}],"up":[{"embeddable":true,"href":"https:\/\/yachtcharter-connection.com\/es\/wp-json\/wp\/v2\/pages\/657"}],"wp:attachment":[{"href":"https:\/\/yachtcharter-connection.com\/es\/wp-json\/wp\/v2\/media?parent=1655"}],"curies":[{"name":"wp","href":"https:\/\/api.w.org\/{rel}","templated":true}]}}