{"id":1656,"date":"2015-08-10T05:53:50","date_gmt":"2015-08-10T05:53:50","guid":{"rendered":"http:\/\/yachtcharter-connection.com.w01e47c6.kasserver.com\/orhaniye-116\/"},"modified":"2017-07-16T06:23:49","modified_gmt":"2017-07-16T04:23:49","slug":"orhaniye-116","status":"publish","type":"page","link":"https:\/\/yachtcharter-connection.com\/es\/regiones\/mediterraneo\/alquiler-barcos-costa-turca\/orhaniye-116\/","title":{"rendered":"Orhaniye"},"content":{"rendered":"<h3>Alquiler de barcos Orhaniye &#8211; Turqu\u00eda<\/h3>\n<p>\nEl destino de alquiler de barcos Orhaniye (Kecib\u00fck\u00fc) se encuentra en el extremo sureste de la bah\u00eda de Hisaronu K\u00f6rfezi, al sur de la pen\u00ednsula de Datca, que separa el Golfo de Gokova desde el Golfo de Hisaronu. La Marina Mart\u00ed con varias bases de ch\u00e1rter de yates cuenta con 175 amarres en total. Aprox. 35 kil\u00f3metros de Marmaris y 115 km del Aeropuerto Internacional de Dalaman se puede encontrar un ambiente tranquilo y relajado &#8211; un punto de partida ideal para las tripulaciones de ch\u00e1rter en Orhaniye para navegar la costa turca. El puerto deportivo ofrece todos los servicios de alquiler de barcos: instalaciones sanitarias modernas, un supermercado, centro comercial, lavander\u00eda, bares y restaurantes, un hotel de 5 estrellas y un servicio de transporte regular hasta<a target=\"_blank\" href=\"~\/Alquiler_barcos_turquia\/marmaris.html\"> Mamaris<\/a>.<\/p>\n<p>Este destino de alquiler de barcos recibi\u00f3 el premio &quot;Bandera Azul&quot; y por lo tanto es sin\u00f3nimo de limpieza y protecci\u00f3n del medio ambiente mejorado. Tambi\u00e9n la zona que rodea es interesante: las tripulaciones de yates que caminan a Hisaronu pueden explorar los restos de una antigua acr\u00f3polis. M\u00e1s destacados: la cascada cerca del pueblo de Turgut. Los turistas de Alquiler de barcos en Orhaniye no deben perder la peque\u00f1a laguna Kizkumu (la arena de la ni\u00f1a): Cuando alguien est\u00e1 caminando, parece como si se camina sobre el agua.<\/p>\n<p>Los que viajan en ch\u00e1rter desde Orhaniye a menudo conducen hacia el oeste, hacia<a href=\"~\/Alquiler_barcos_turquia\/bodrum.html\"> Bodrum<\/a> y las islas griegas del <a target=\"_blank\" href=\"~\/mediterraneo\/Alquiler_barcos_egeo_dodekanes.html\">Dodecaneso<\/a>.<\/p>\n<p><strong>Yates de ch\u00e1rter Orhaniye:<\/strong> En Orhaniye, hay una flota grande de yates de ch\u00e1rter: veleros y catamaranes de casi todas las marcas importantes &#8211; Beneteau Oceanis, Elan, Bavaria, Beneteau, Dufour y catamaranes Lagoon. Se puede alquilar su mejor yate en Orhaniye para navegar la costa de Turqu\u00eda online &#8211; o preg\u00fantenos para ofertas.<\/p>\n","protected":false},"excerpt":{"rendered":"<p>Alquiler de barcos Orhaniye &#8211; Turqu\u00eda El destino de alquiler de barcos Orhaniye (Kecib\u00fck\u00fc) se encuentra en el extremo sureste de la bah\u00eda de Hisaronu K\u00f6rfezi, al sur de la pen\u00ednsula de Datca, que separa el Golfo de Gokova desde el Golfo de Hisaronu. La Marina Mart\u00ed con varias bases<\/p>\n","protected":false},"author":11,"featured_media":0,"parent":645,"menu_order":0,"comment_status":"open","ping_status":"open","template":"","meta":[],"aioseo_notices":[],"_links":{"self":[{"href":"https:\/\/yachtcharter-connection.com\/es\/wp-json\/wp\/v2\/pages\/1656"}],"collection":[{"href":"https:\/\/yachtcharter-connection.com\/es\/wp-json\/wp\/v2\/pages"}],"about":[{"href":"https:\/\/yachtcharter-connection.com\/es\/wp-json\/wp\/v2\/types\/page"}],"author":[{"embeddable":true,"href":"https:\/\/yachtcharter-connection.com\/es\/wp-json\/wp\/v2\/users\/11"}],"replies":[{"embeddable":true,"href":"https:\/\/yachtcharter-connection.com\/es\/wp-json\/wp\/v2\/comments?post=1656"}],"version-history":[{"count":1,"href":"https:\/\/yachtcharter-connection.com\/es\/wp-json\/wp\/v2\/pages\/1656\/revisions"}],"predecessor-version":[{"id":14278,"href":"https:\/\/yachtcharter-connection.com\/es\/wp-json\/wp\/v2\/pages\/1656\/revisions\/14278"}],"up":[{"embeddable":true,"href":"https:\/\/yachtcharter-connection.com\/es\/wp-json\/wp\/v2\/pages\/645"}],"wp:attachment":[{"href":"https:\/\/yachtcharter-connection.com\/es\/wp-json\/wp\/v2\/media?parent=1656"}],"curies":[{"name":"wp","href":"https:\/\/api.w.org\/{rel}","templated":true}]}}