{"id":1658,"date":"2014-06-29T02:01:10","date_gmt":"2014-06-29T02:01:10","guid":{"rendered":"http:\/\/yachtcharter-connection.com.w01e47c6.kasserver.com\/kusadasi-208\/"},"modified":"2017-07-16T06:17:52","modified_gmt":"2017-07-16T04:17:52","slug":"kusadasi-208","status":"publish","type":"page","link":"https:\/\/yachtcharter-connection.com\/es\/regiones\/mediterraneo\/alquiler-barcos-costa-turca\/kusadasi-208\/","title":{"rendered":"Kusadasi"},"content":{"rendered":"<h3>Alquiler de barcos Kusadasi<\/h3>\n<p>Kusadasi es un lugar tur\u00edstico muy cuidado, con un pintoresco casco antiguo, una fortaleza junto al mar y un mercado en el que antes vend\u00edan sus productos los campesinos. Desde aqu\u00ed se alcanza en media hora \u00c9feso, una de las ciudades orientales m\u00e1s grandes de la Antig\u00fcedad. Otra maravilla que no hay que perderse en la zona son las terrazas de Pamukkale.  <\/p>\n<p>La zona de alrededor de Cesme le ofrece al viajero ch\u00e1rter muchos lugares poco explorados con naturaleza en estado puro. Sin embargo la infraestructura ha mejorado mucho en los \u00faltimos a\u00f1os. En el paseo mar\u00edtimo encontramos muchas tiendas para pasar un buen rato haciendo compras, y merece la pena visitar el caravasar y la antigua fortaleza genovesa. <br \/>\n<br type=\"_moz\" \/><\/p>\n","protected":false},"excerpt":{"rendered":"<p>Alquiler de barcos Kusadasi Kusadasi es un lugar tur\u00edstico muy cuidado, con un pintoresco casco antiguo, una fortaleza junto al mar y un mercado en el que antes vend\u00edan sus productos los campesinos. Desde aqu\u00ed se alcanza en media hora \u00c9feso, una de las ciudades orientales m\u00e1s grandes de la<\/p>\n","protected":false},"author":11,"featured_media":0,"parent":645,"menu_order":0,"comment_status":"open","ping_status":"open","template":"","meta":[],"aioseo_notices":[],"_links":{"self":[{"href":"https:\/\/yachtcharter-connection.com\/es\/wp-json\/wp\/v2\/pages\/1658"}],"collection":[{"href":"https:\/\/yachtcharter-connection.com\/es\/wp-json\/wp\/v2\/pages"}],"about":[{"href":"https:\/\/yachtcharter-connection.com\/es\/wp-json\/wp\/v2\/types\/page"}],"author":[{"embeddable":true,"href":"https:\/\/yachtcharter-connection.com\/es\/wp-json\/wp\/v2\/users\/11"}],"replies":[{"embeddable":true,"href":"https:\/\/yachtcharter-connection.com\/es\/wp-json\/wp\/v2\/comments?post=1658"}],"version-history":[{"count":1,"href":"https:\/\/yachtcharter-connection.com\/es\/wp-json\/wp\/v2\/pages\/1658\/revisions"}],"predecessor-version":[{"id":14276,"href":"https:\/\/yachtcharter-connection.com\/es\/wp-json\/wp\/v2\/pages\/1658\/revisions\/14276"}],"up":[{"embeddable":true,"href":"https:\/\/yachtcharter-connection.com\/es\/wp-json\/wp\/v2\/pages\/645"}],"wp:attachment":[{"href":"https:\/\/yachtcharter-connection.com\/es\/wp-json\/wp\/v2\/media?parent=1658"}],"curies":[{"name":"wp","href":"https:\/\/api.w.org\/{rel}","templated":true}]}}