{"id":166,"date":"2014-09-12T13:27:47","date_gmt":"2014-09-12T13:27:47","guid":{"rendered":"http:\/\/yachtcharter-connection.com.w01e47c6.kasserver.com\/yates\/"},"modified":"2017-10-20T19:33:24","modified_gmt":"2017-10-20T17:33:24","slug":"yates","status":"publish","type":"page","link":"https:\/\/yachtcharter-connection.com\/es\/yates\/","title":{"rendered":"Yates"},"content":{"rendered":"<table class=\" aligncenter\" style=\"height: 91px;\" width=\"839\">\n<tbody>\n<tr>\n<td>\n<h2 style=\"text-align: center;\"><a href=\"\/es\/Yates_sin_patron.html\">Yates sin patr\u00f3n<\/a><\/h2>\n<\/td>\n<\/tr>\n<tr>\n<td>\n<p style=\"text-align: center;\"><img loading=\"lazy\" class=\"size-full wp-image-7469 aligncenter\" src=\"\/wp-content\/uploads\/2014\/04\/bareboat_yachtcharter1.jpg\" alt=\"bareboat_yachtcharter\" width=\"560\" height=\"180\" srcset=\"https:\/\/yachtcharter-connection.com\/wp-content\/uploads\/2014\/04\/bareboat_yachtcharter1.jpg 560w, https:\/\/yachtcharter-connection.com\/wp-content\/uploads\/2014\/04\/bareboat_yachtcharter1-300x96.jpg 300w\" sizes=\"(max-width: 560px) 100vw, 560px\" \/><\/p>\n<\/td>\n<\/tr>\n<tr>\n<td>\n<p style=\"text-align: center;\">El mejor yate para sus vacaciones a bordo: veleros, catamaranes y yates de motor. \u00a1Por supuesto usted puede reservar todos los yates del bareboat con el capit\u00e1n o terminar a equipo tambi\u00e9n!<\/p>\n<\/td>\n<\/tr>\n<tr>\n<td><\/td>\n<\/tr>\n<tr>\n<td>\n<h2 style=\"text-align: center;\"><a href=\"\/es\/yacht-list\/yates-de-lujo\/\">Yates de lujo<\/a><\/h2>\n<\/td>\n<\/tr>\n<tr>\n<td>\n<p style=\"text-align: center;\"><img loading=\"lazy\" class=\"size-full wp-image-7470 aligncenter\" src=\"\/wp-content\/uploads\/2014\/04\/luxury_yachtcharter1.jpg\" alt=\"luxury_yachtcharter\" width=\"560\" height=\"180\" srcset=\"https:\/\/yachtcharter-connection.com\/wp-content\/uploads\/2014\/04\/luxury_yachtcharter1.jpg 560w, https:\/\/yachtcharter-connection.com\/wp-content\/uploads\/2014\/04\/luxury_yachtcharter1-300x96.jpg 300w\" sizes=\"(max-width: 560px) 100vw, 560px\" \/><\/p>\n<\/td>\n<\/tr>\n<tr>\n<td>\n<p style=\"text-align: center;\">\u00a1Yates de lujo con capit\u00e1n y tripulaci\u00f3n! Usted determina la planificaci\u00f3n del viaje junto con el capit\u00e1n de su yate ch\u00e1rter y el men\u00fa con el cocinero. \u00a1Despu\u00e9s s\u00f3lo tiene que disfrutar.<\/p>\n<\/td>\n<\/tr>\n<\/tbody>\n<\/table>\n","protected":false},"excerpt":{"rendered":"<p>Yates sin patr\u00f3n El mejor yate para sus vacaciones a bordo: veleros, catamaranes y yates de motor. \u00a1Por supuesto usted puede reservar todos los yates del bareboat con el capit\u00e1n o terminar a equipo tambi\u00e9n! Yates de lujo \u00a1Yates de lujo con capit\u00e1n y tripulaci\u00f3n! Usted determina la planificaci\u00f3n del<\/p>\n","protected":false},"author":11,"featured_media":0,"parent":0,"menu_order":0,"comment_status":"open","ping_status":"open","template":"","meta":[],"aioseo_notices":[],"_links":{"self":[{"href":"https:\/\/yachtcharter-connection.com\/es\/wp-json\/wp\/v2\/pages\/166"}],"collection":[{"href":"https:\/\/yachtcharter-connection.com\/es\/wp-json\/wp\/v2\/pages"}],"about":[{"href":"https:\/\/yachtcharter-connection.com\/es\/wp-json\/wp\/v2\/types\/page"}],"author":[{"embeddable":true,"href":"https:\/\/yachtcharter-connection.com\/es\/wp-json\/wp\/v2\/users\/11"}],"replies":[{"embeddable":true,"href":"https:\/\/yachtcharter-connection.com\/es\/wp-json\/wp\/v2\/comments?post=166"}],"version-history":[{"count":6,"href":"https:\/\/yachtcharter-connection.com\/es\/wp-json\/wp\/v2\/pages\/166\/revisions"}],"predecessor-version":[{"id":22141,"href":"https:\/\/yachtcharter-connection.com\/es\/wp-json\/wp\/v2\/pages\/166\/revisions\/22141"}],"wp:attachment":[{"href":"https:\/\/yachtcharter-connection.com\/es\/wp-json\/wp\/v2\/media?parent=166"}],"curies":[{"name":"wp","href":"https:\/\/api.w.org\/{rel}","templated":true}]}}