{"id":1661,"date":"2014-06-29T01:50:54","date_gmt":"2014-06-29T01:50:54","guid":{"rendered":"http:\/\/yachtcharter-connection.com.w01e47c6.kasserver.com\/cesme-marina-alacati-658\/"},"modified":"2017-07-16T05:58:09","modified_gmt":"2017-07-16T03:58:09","slug":"cesme-marina-alacati-658","status":"publish","type":"page","link":"https:\/\/yachtcharter-connection.com\/es\/regiones\/mediterraneo\/alquiler-barcos-costa-turca\/cesme-marina-alacati-658\/","title":{"rendered":"Cesme \/ Marina Ala\u00e7ati"},"content":{"rendered":"<h3>Alquiler de barcos Cesme<\/h3>\n<p>\n<img loading=\"lazy\" class=\"content-image\"  width=\"300\" height=\"201\" alt=\"Ch\u00e1rter_en_Turqu\u00eda_Cesme\" src=\"https:\/\/yachtcharter-connection.com\/wp-content\/uploads\/converted_files\/20199\/20199-5624e1136c9c6.jpg\" \/>El destino de ch\u00e1rter de yates de Cesme en la costa del mar Egeo de Turqu\u00eda, es de aproximadamente 100 kil\u00f3metros de Izmir y es entonces de f\u00e1cil acceso en unos 45 minutos. Muchos residentes de Estambul e Izmir tienen casas en la ciudad, considerada como un resort de vacaciones exclusiva. <\/p>\n<p>En el coraz\u00f3n hist\u00f3rico de Cesme, para las tripulaciones de alquiler de barcos en Cesme vale la pena una visita a el antigup caravasar y el castillo. El puerto de Cesme s\u00ed se ha ampliado ahora a un moderno puerto deportivo para Alquiler de barcos Cesme, con todas las  infraestructuras.<\/p>\n<p>El puerto deportivo de Puerto Alacati, con su base de Alquiler de barcos Cesme y con todas las instalaciones esenciales para el turismo de Alquiler de barcos Cesme incluso internet se encuentra en una bah\u00eda en la pen\u00ednsula de Cesme, a unos 20 minunte de la ciudad de Cesme. La bah\u00eda es un interesante spot de surf, debido a los vientos estables del norte  &#8211; para el turismo de Alquiler de barcos, la regi\u00f3n de norte a Ayvalik y especialmente la combinaci\u00f3n con las islas griegas de Lesbos y Chios  es muy interesante<\/p>\n<p>La aldea cercana de Alacati atrae con su encanto pintoresco de un pueblo tradicional de pescadores. En Alacati, sino tambi\u00e9n en las ciudades vecinas en Ilica, Cesme y Dalyank\u00f6y, se encontran una gran variedad de restaurantes, caf\u00e9s y tiendas. <\/p>\n<p><strong>Ch\u00e1rter de yates Cesme:<\/strong> Para los equipos de alquiler de barcos en Cesme, hay uno flota de veleros de Bavaria en el puerto deportivo Marina Alacati.<\/p>\n","protected":false},"excerpt":{"rendered":"<p>Alquiler de barcos Cesme El destino de ch\u00e1rter de yates de Cesme en la costa del mar Egeo de Turqu\u00eda, es de aproximadamente 100 kil\u00f3metros de Izmir y es entonces de f\u00e1cil acceso en unos 45 minutos. Muchos residentes de Estambul e Izmir tienen casas en la ciudad, considerada como<\/p>\n","protected":false},"author":11,"featured_media":0,"parent":645,"menu_order":0,"comment_status":"open","ping_status":"open","template":"","meta":[],"aioseo_notices":[],"_links":{"self":[{"href":"https:\/\/yachtcharter-connection.com\/es\/wp-json\/wp\/v2\/pages\/1661"}],"collection":[{"href":"https:\/\/yachtcharter-connection.com\/es\/wp-json\/wp\/v2\/pages"}],"about":[{"href":"https:\/\/yachtcharter-connection.com\/es\/wp-json\/wp\/v2\/types\/page"}],"author":[{"embeddable":true,"href":"https:\/\/yachtcharter-connection.com\/es\/wp-json\/wp\/v2\/users\/11"}],"replies":[{"embeddable":true,"href":"https:\/\/yachtcharter-connection.com\/es\/wp-json\/wp\/v2\/comments?post=1661"}],"version-history":[{"count":1,"href":"https:\/\/yachtcharter-connection.com\/es\/wp-json\/wp\/v2\/pages\/1661\/revisions"}],"predecessor-version":[{"id":14265,"href":"https:\/\/yachtcharter-connection.com\/es\/wp-json\/wp\/v2\/pages\/1661\/revisions\/14265"}],"up":[{"embeddable":true,"href":"https:\/\/yachtcharter-connection.com\/es\/wp-json\/wp\/v2\/pages\/645"}],"wp:attachment":[{"href":"https:\/\/yachtcharter-connection.com\/es\/wp-json\/wp\/v2\/media?parent=1661"}],"curies":[{"name":"wp","href":"https:\/\/api.w.org\/{rel}","templated":true}]}}