{"id":1662,"date":"2015-08-10T05:53:50","date_gmt":"2015-08-10T05:53:50","guid":{"rendered":"http:\/\/yachtcharter-connection.com.w01e47c6.kasserver.com\/polynesia-raiatea-893\/"},"modified":"2017-07-16T23:06:37","modified_gmt":"2017-07-16T21:06:37","slug":"polynesia-raiatea-893","status":"publish","type":"page","link":"https:\/\/yachtcharter-connection.com\/es\/regiones\/pacifico\/alquiler-barcos-polinesia-258\/polynesia-raiatea-893\/","title":{"rendered":"Polynesia \/ Raiatea"},"content":{"rendered":"<h3>Alquiler de barcos Polinesia \/ Raiatea<\/h3>\n<p>\n<img loading=\"lazy\" class=\"content-image\"  width=\"300\" height=\"196\" src=\"https:\/\/yachtcharter-connection.com\/wp-content\/uploads\/converted_files\/20202\/20202-5624e1148e2b6.jpg\" alt=\"polynesia_arrecife\" \/>Raiatea es el centro de {#keyword} en Polinesia y est\u00e1 unida a  Tahaa a trav\u00e9s de una laguna. Ambas est\u00e1n rodeadas por el mismo arrecife de coral y por peque\u00f1os y numerosos motus. Desde la cumbre de las escarpadas monta\u00f1as de origen volc\u00e1nico, que alcanzan hasta m\u00e1s de 1.000 metros de altura, podemos divisar las incisiones que forman calas y bah\u00edas en la costa, las numerosas islas que hay en la laguna, las fant\u00e1sticas playas de arena blanca,  el r\u00edo  Apoomau por el que navegan peque\u00f1as embarcaciones y las diferentes poblaciones, todas ellas localizadas cerca de la costa. El lugar m\u00e1s importante es    Uturoa, que cuenta con una peque\u00f1a terminal mar\u00edtima para cruceros. Merece la pena visitar la ciudad de culto de Taputapuatea. Para los que practican el buceo recomendamos los restos del naufragio en el a\u00f1o 1900 del Nordby.<\/p>\n","protected":false},"excerpt":{"rendered":"<p>Alquiler de barcos Polinesia \/ Raiatea Raiatea es el centro de {#keyword} en Polinesia y est\u00e1 unida a Tahaa a trav\u00e9s de una laguna. Ambas est\u00e1n rodeadas por el mismo arrecife de coral y por peque\u00f1os y numerosos motus. Desde la cumbre de las escarpadas monta\u00f1as de origen volc\u00e1nico, que<\/p>\n","protected":false},"author":11,"featured_media":0,"parent":658,"menu_order":0,"comment_status":"open","ping_status":"open","template":"","meta":[],"aioseo_notices":[],"_links":{"self":[{"href":"https:\/\/yachtcharter-connection.com\/es\/wp-json\/wp\/v2\/pages\/1662"}],"collection":[{"href":"https:\/\/yachtcharter-connection.com\/es\/wp-json\/wp\/v2\/pages"}],"about":[{"href":"https:\/\/yachtcharter-connection.com\/es\/wp-json\/wp\/v2\/types\/page"}],"author":[{"embeddable":true,"href":"https:\/\/yachtcharter-connection.com\/es\/wp-json\/wp\/v2\/users\/11"}],"replies":[{"embeddable":true,"href":"https:\/\/yachtcharter-connection.com\/es\/wp-json\/wp\/v2\/comments?post=1662"}],"version-history":[{"count":1,"href":"https:\/\/yachtcharter-connection.com\/es\/wp-json\/wp\/v2\/pages\/1662\/revisions"}],"predecessor-version":[{"id":14460,"href":"https:\/\/yachtcharter-connection.com\/es\/wp-json\/wp\/v2\/pages\/1662\/revisions\/14460"}],"up":[{"embeddable":true,"href":"https:\/\/yachtcharter-connection.com\/es\/wp-json\/wp\/v2\/pages\/658"}],"wp:attachment":[{"href":"https:\/\/yachtcharter-connection.com\/es\/wp-json\/wp\/v2\/media?parent=1662"}],"curies":[{"name":"wp","href":"https:\/\/api.w.org\/{rel}","templated":true}]}}