{"id":1667,"date":"2011-03-14T05:09:16","date_gmt":"2011-03-14T05:09:16","guid":{"rendered":"http:\/\/yachtcharter-connection.com.w01e47c6.kasserver.com\/st-raphael-784\/"},"modified":"2017-07-15T20:20:33","modified_gmt":"2017-07-15T18:20:33","slug":"st-raphael-784","status":"publish","type":"page","link":"https:\/\/yachtcharter-connection.com\/es\/regiones\/mediterraneo\/alquiler-barcos-costa-azul-del-este\/st-raphael-784\/","title":{"rendered":"Saint-Rapha\u00ebl"},"content":{"rendered":"<p><a href=\"https:\/\/yachtcharter-connection.com\/wp-content\/uploads\/2014\/05\/French-Riviera-Saint-Raphael.jpg\"><img loading=\"lazy\" class=\"size-full wp-image-24228 aligncenter\" src=\"https:\/\/yachtcharter-connection.com\/wp-content\/uploads\/2014\/05\/French-Riviera-Saint-Raphael.jpg\" alt=\"Saint-Raphael\" width=\"837\" height=\"554\" srcset=\"https:\/\/yachtcharter-connection.com\/wp-content\/uploads\/2014\/05\/French-Riviera-Saint-Raphael.jpg 837w, https:\/\/yachtcharter-connection.com\/wp-content\/uploads\/2014\/05\/French-Riviera-Saint-Raphael-300x199.jpg 300w, https:\/\/yachtcharter-connection.com\/wp-content\/uploads\/2014\/05\/French-Riviera-Saint-Raphael-768x508.jpg 768w\" sizes=\"(max-width: 837px) 100vw, 837px\" \/><\/a><br \/>\nEl destino de alquiler de yates Saint-Rapha\u00ebl, un animado balneario, se encuentra en la Riviera Francesa, entre Cannes y St. Tropez, en la bah\u00eda de Fr\u00e9jus. Hay numerosas tiendas y restaurantes en el paseo mar\u00edtimo, y un paseo es especialmente divertido en las calles sinuosas del casco antiguo, donde hay un mercado diario. Directamente al puerto viejo con sus barcos de pesca hay un casino hermoso.<\/p>\n<p>En la parte oriental de la ciudad se encuentra la enorme Marina Santa Luc\u00eda, con un total de m\u00e1s de 1.600 amarres.<\/p>\n<p>Saint-Rapha\u00ebl es un punto de partida perfecto para paseos a vela por la costa de la Costa Azul y las Islas de Hy\u00e8res.<\/p>\n<p><strong>Yates de ch\u00e1rter Saint-Rapha\u00ebl:<\/strong> En Saint-Rapha\u00ebl\u00a0 hay una flota de ch\u00e1rter con veleros y catamaranes para navegar la costa azul. Se puede alquilar su mejor yate para navegar en el Sur de Francia desde Saint-Rapha\u00ebl online \u2013 o preg\u00fantenos por ofertas, tambi\u00e9n para yates de ch\u00e1rter de lujo con tripulaci\u00f3n.<\/p>\n","protected":false},"excerpt":{"rendered":"<p>El destino de alquiler de yates Saint-Rapha\u00ebl, un animado balneario, se encuentra en la Riviera Francesa, entre Cannes y St. Tropez, en la bah\u00eda de Fr\u00e9jus. Hay numerosas tiendas y restaurantes en el paseo mar\u00edtimo, y un paseo es especialmente divertido en las calles sinuosas del casco antiguo, donde hay<\/p>\n","protected":false},"author":11,"featured_media":0,"parent":648,"menu_order":0,"comment_status":"open","ping_status":"open","template":"","meta":[],"aioseo_notices":[],"_links":{"self":[{"href":"https:\/\/yachtcharter-connection.com\/es\/wp-json\/wp\/v2\/pages\/1667"}],"collection":[{"href":"https:\/\/yachtcharter-connection.com\/es\/wp-json\/wp\/v2\/pages"}],"about":[{"href":"https:\/\/yachtcharter-connection.com\/es\/wp-json\/wp\/v2\/types\/page"}],"author":[{"embeddable":true,"href":"https:\/\/yachtcharter-connection.com\/es\/wp-json\/wp\/v2\/users\/11"}],"replies":[{"embeddable":true,"href":"https:\/\/yachtcharter-connection.com\/es\/wp-json\/wp\/v2\/comments?post=1667"}],"version-history":[{"count":4,"href":"https:\/\/yachtcharter-connection.com\/es\/wp-json\/wp\/v2\/pages\/1667\/revisions"}],"predecessor-version":[{"id":24247,"href":"https:\/\/yachtcharter-connection.com\/es\/wp-json\/wp\/v2\/pages\/1667\/revisions\/24247"}],"up":[{"embeddable":true,"href":"https:\/\/yachtcharter-connection.com\/es\/wp-json\/wp\/v2\/pages\/648"}],"wp:attachment":[{"href":"https:\/\/yachtcharter-connection.com\/es\/wp-json\/wp\/v2\/media?parent=1667"}],"curies":[{"name":"wp","href":"https:\/\/api.w.org\/{rel}","templated":true}]}}