{"id":167,"date":"2015-02-26T21:21:17","date_gmt":"2015-02-26T21:21:17","guid":{"rendered":"http:\/\/yachtcharter-connection.com.w01e47c6.kasserver.com\/servicios\/"},"modified":"2016-10-29T22:09:20","modified_gmt":"2016-10-29T20:09:20","slug":"servicios","status":"publish","type":"page","link":"https:\/\/yachtcharter-connection.com\/es\/servicios\/","title":{"rendered":"Servicios"},"content":{"rendered":"<h3> Servicios<\/h3>\n<p>\nYachtcharter-Connection es una agencia para ch\u00e1rter de yate en l\u00ednea. <\/p>\n<p><img loading=\"lazy\" class=\"content-image\"  width=\"300\" height=\"200\" src=\"https:\/\/yachtcharter-connection.com\/wp-content\/uploads\/converted_files\/82\/82-561d0fecab6e9.jpg\" alt=\"Servicios - los detalles para su ch\u00e1rter\" \/>Pero a veces no se puede contestar a todas las preguntas por un tecleo del rat\u00f3n. Estar\u00edamos alegres darle un cierto consejo, ninguna materia si se refiere a la mejor destinaci\u00f3n de la ch\u00e1rter para usted, el barco mejor para usted o los detalles de su crucero.<\/p>\n","protected":false},"excerpt":{"rendered":"<p>Servicios Yachtcharter-Connection es una agencia para ch\u00e1rter de yate en l\u00ednea. Pero a veces no se puede contestar a todas las preguntas por un tecleo del rat\u00f3n. Estar\u00edamos alegres darle un cierto consejo, ninguna materia si se refiere a la mejor destinaci\u00f3n de la ch\u00e1rter para usted, el barco mejor<\/p>\n","protected":false},"author":11,"featured_media":0,"parent":0,"menu_order":0,"comment_status":"open","ping_status":"open","template":"","meta":[],"aioseo_notices":[],"_links":{"self":[{"href":"https:\/\/yachtcharter-connection.com\/es\/wp-json\/wp\/v2\/pages\/167"}],"collection":[{"href":"https:\/\/yachtcharter-connection.com\/es\/wp-json\/wp\/v2\/pages"}],"about":[{"href":"https:\/\/yachtcharter-connection.com\/es\/wp-json\/wp\/v2\/types\/page"}],"author":[{"embeddable":true,"href":"https:\/\/yachtcharter-connection.com\/es\/wp-json\/wp\/v2\/users\/11"}],"replies":[{"embeddable":true,"href":"https:\/\/yachtcharter-connection.com\/es\/wp-json\/wp\/v2\/comments?post=167"}],"version-history":[{"count":1,"href":"https:\/\/yachtcharter-connection.com\/es\/wp-json\/wp\/v2\/pages\/167\/revisions"}],"predecessor-version":[{"id":14463,"href":"https:\/\/yachtcharter-connection.com\/es\/wp-json\/wp\/v2\/pages\/167\/revisions\/14463"}],"wp:attachment":[{"href":"https:\/\/yachtcharter-connection.com\/es\/wp-json\/wp\/v2\/media?parent=167"}],"curies":[{"name":"wp","href":"https:\/\/api.w.org\/{rel}","templated":true}]}}