{"id":1676,"date":"2015-08-10T05:53:50","date_gmt":"2015-08-10T05:53:50","guid":{"rendered":"http:\/\/yachtcharter-connection.com.w01e47c6.kasserver.com\/angra-dos-reis-150\/"},"modified":"2016-10-29T19:04:15","modified_gmt":"2016-10-29T17:04:15","slug":"angra-dos-reis-150","status":"publish","type":"page","link":"https:\/\/yachtcharter-connection.com\/es\/regiones\/atlantico-sudamerica\/alquiler-barcos-brasil-costa-verde\/angra-dos-reis-150\/","title":{"rendered":"Angra dos Reis"},"content":{"rendered":"<h3>Alquiler de barcos Brasil \/ Angra dos Reis<\/h3>\n<p>\nAngra dos Reis y su Marina Verolme con base de Alquiler de barcos se encuentran al abrigo de la Bahia da  Ilha Grande, plagada de innumerables islas e islotes, caracterizada por la selva, las cataratas, las playas v\u00edrgenes, las calas paradisiacas  y una laguna azul que parece sacada de un cuento. En la misma regi\u00f3n encontramos varios parques nacionales.<\/p>\n<p>Uno de los lugares estrella en el oeste de la  bah\u00eda es la ciudad portuaria de Paraty, cuyas casas blancas con puertas y ventanas de colores resplandecen desde lejos. Se considera un lugar Patrimonio de la Humanidad debido a su intacta arquitectura colonial. Por su centro hist\u00f3rico no circulan coches, pero sus habitantes viven hoy en d\u00eda m\u00e1s del turismo que del puerto. En la ciudad se respira mucha vida cultural y art\u00edstica, y adem\u00e1s muy variada, acompa\u00f1ada de fiestas tradicionales y muchas posibilidades de escuchar m\u00fasica en directo. <\/p>\n<p>Delante de Paraty, a tan solo doce millas n\u00e1uticas, se encuentra  Ilha Grande. Unos doscientos kil\u00f3metros cuadrados habitados por unos pocos miles de personas. Gran parte de la isla la ocupan los parques naturales. Un lugar para los que buscan playas solitarias e interminables y ver de vez en cuando delfines;  para los que no se cansan de disfrutar de la flora y la fauna y quieren ver monos aulladores y tortugas. Un para\u00edso en el que predomina la mata atl\u00e1ntica, la formaci\u00f3n vegetal t\u00edpica de Brasil. El municipio m\u00e1s grande de la isla es Vila do Abraao que cuenta con embarcadero y atracadero de ferris para los barcos de excursionistas que llegan desde Angra dos Reis y Mangaratiba. <\/p>\n","protected":false},"excerpt":{"rendered":"<p>Alquiler de barcos Brasil \/ Angra dos Reis Angra dos Reis y su Marina Verolme con base de Alquiler de barcos se encuentran al abrigo de la Bahia da Ilha Grande, plagada de innumerables islas e islotes, caracterizada por la selva, las cataratas, las playas v\u00edrgenes, las calas paradisiacas y<\/p>\n","protected":false},"author":11,"featured_media":0,"parent":663,"menu_order":0,"comment_status":"closed","ping_status":"open","template":"","meta":[],"aioseo_notices":[],"_links":{"self":[{"href":"https:\/\/yachtcharter-connection.com\/es\/wp-json\/wp\/v2\/pages\/1676"}],"collection":[{"href":"https:\/\/yachtcharter-connection.com\/es\/wp-json\/wp\/v2\/pages"}],"about":[{"href":"https:\/\/yachtcharter-connection.com\/es\/wp-json\/wp\/v2\/types\/page"}],"author":[{"embeddable":true,"href":"https:\/\/yachtcharter-connection.com\/es\/wp-json\/wp\/v2\/users\/11"}],"replies":[{"embeddable":true,"href":"https:\/\/yachtcharter-connection.com\/es\/wp-json\/wp\/v2\/comments?post=1676"}],"version-history":[{"count":1,"href":"https:\/\/yachtcharter-connection.com\/es\/wp-json\/wp\/v2\/pages\/1676\/revisions"}],"predecessor-version":[{"id":13931,"href":"https:\/\/yachtcharter-connection.com\/es\/wp-json\/wp\/v2\/pages\/1676\/revisions\/13931"}],"up":[{"embeddable":true,"href":"https:\/\/yachtcharter-connection.com\/es\/wp-json\/wp\/v2\/pages\/663"}],"wp:attachment":[{"href":"https:\/\/yachtcharter-connection.com\/es\/wp-json\/wp\/v2\/media?parent=1676"}],"curies":[{"name":"wp","href":"https:\/\/api.w.org\/{rel}","templated":true}]}}