{"id":168,"date":"2015-02-26T21:24:54","date_gmt":"2015-02-26T21:24:54","guid":{"rendered":"http:\/\/yachtcharter-connection.com.w01e47c6.kasserver.com\/noticias\/"},"modified":"2016-10-29T18:59:55","modified_gmt":"2016-10-29T16:59:55","slug":"noticias","status":"publish","type":"page","link":"https:\/\/yachtcharter-connection.com\/es\/noticias\/","title":{"rendered":"Noticias Ch\u00e1rter"},"content":{"rendered":"<p>Con un click del rat\u00f3n a los t\u00edtulos puede leer las noticias enteras.<br type=\"_moz\" \/><\/p>\n<div style=\"margin-left: 12px; margin-top: 10px;\">\n<div align=\"left\"><a rel=\"nofollow\" target=\"_blank\" href=\"~\/yates_de_lujo_con_tripulation.html\">     <img class=\"content-image\"  src=\"https:\/\/yachtcharter-connection.com\/wp-content\/uploads\/converted_files\/83\/83-561d0ff00ce49.jpg\" alt=\"Alquiler de Yates de Lujo\" style=\"width: 167px; height: 113px;\" \/><\/a><\/div>\n<div align=\"center\"> <\/div>\n<p><a rel=\"nofollow\" target=\"_blank\" href=\"http:\/\/www.facebook.com\/yachtcharterconnection\"><img class=\"content-image\"  width=\"40\" alt=\"Facebook\" src=\"https:\/\/yachtcharter-connection.com\/Images\/facebook.png\" \/><\/a> <a rel=\"nofollow\" target=\"_blank\" href=\"https:\/\/twitter.com\/#!\/YachtConnection\"><img class=\"content-image\"  width=\"40\" alt=\"Twitter\" src=\"https:\/\/yachtcharter-connection.com\/Images\/twitter.png\" \/><\/a> <a rel=\"nofollow\" target=\"_blank\" href=\"https:\/\/plus.google.com\/u\/0\/115691755069746222092\/about\">     <img class=\"content-image\"  width=\"40\" alt=\"Google+\" src=\"https:\/\/yachtcharter-connection.com\/Images\/google.png\" \/><\/a> <a rel=\"nofollow\" target=\"_blank\" href=\"http:\/\/es.linkedin.com\/in\/yachtcharterconnection\">     <img class=\"content-image\"  width=\"40\" alt=\"LinkedIn\" src=\"https:\/\/yachtcharter-connection.com\/Images\/linkedin.png\" \/><\/a><\/div>\n","protected":false},"excerpt":{"rendered":"<p>Con un click del rat\u00f3n a los t\u00edtulos puede leer las noticias enteras.<\/p>\n","protected":false},"author":11,"featured_media":0,"parent":0,"menu_order":0,"comment_status":"open","ping_status":"open","template":"","meta":[],"aioseo_notices":[],"_links":{"self":[{"href":"https:\/\/yachtcharter-connection.com\/es\/wp-json\/wp\/v2\/pages\/168"}],"collection":[{"href":"https:\/\/yachtcharter-connection.com\/es\/wp-json\/wp\/v2\/pages"}],"about":[{"href":"https:\/\/yachtcharter-connection.com\/es\/wp-json\/wp\/v2\/types\/page"}],"author":[{"embeddable":true,"href":"https:\/\/yachtcharter-connection.com\/es\/wp-json\/wp\/v2\/users\/11"}],"replies":[{"embeddable":true,"href":"https:\/\/yachtcharter-connection.com\/es\/wp-json\/wp\/v2\/comments?post=168"}],"version-history":[{"count":1,"href":"https:\/\/yachtcharter-connection.com\/es\/wp-json\/wp\/v2\/pages\/168\/revisions"}],"predecessor-version":[{"id":13648,"href":"https:\/\/yachtcharter-connection.com\/es\/wp-json\/wp\/v2\/pages\/168\/revisions\/13648"}],"wp:attachment":[{"href":"https:\/\/yachtcharter-connection.com\/es\/wp-json\/wp\/v2\/media?parent=168"}],"curies":[{"name":"wp","href":"https:\/\/api.w.org\/{rel}","templated":true}]}}