{"id":1684,"date":"2014-06-28T18:08:11","date_gmt":"2014-06-28T18:08:11","guid":{"rendered":"http:\/\/yachtcharter-connection.com.w01e47c6.kasserver.com\/hyeres-677\/"},"modified":"2016-10-29T22:01:14","modified_gmt":"2016-10-29T20:01:14","slug":"hyeres-677","status":"publish","type":"page","link":"https:\/\/yachtcharter-connection.com\/es\/regiones\/mediterraneo\/alquiler-barcos-costa-azul-del-oeste\/hyeres-677\/","title":{"rendered":"Hy\u00e8res"},"content":{"rendered":"<h3>Alquiler de barcos Hy\u00e8res<\/h3>\n<p>\n<img class=\"content-image\"  style=\"width: 300px; height: 200px;\" alt=\"Alquiler de barcos Francia-Hyeres-yacht_charters_Hyeres.jpg\" src=\"https:\/\/yachtcharter-connection.com\/wp-content\/uploads\/converted_files\/20230\/20230-5624e118eb183.jpg\" \/><strong>Charter de yates Hy\u00e8res<\/strong>: los equipos de alquiler de barcos en la Costa Azul encontrar\u00e1n una amplia flota de veleros en Hyeres, especialmente Jeanneau Sun Odyssey con los \u00faltimos modelos 379, 409, 439 y 509, as\u00ed como el buque insignia de Jeanneau Sun Odyssey 53. Por favor, solicitar presupuesto.<\/p>\n","protected":false},"excerpt":{"rendered":"<p>Alquiler de barcos Hy\u00e8res Charter de yates Hy\u00e8res: los equipos de alquiler de barcos en la Costa Azul encontrar\u00e1n una amplia flota de veleros en Hyeres, especialmente Jeanneau Sun Odyssey con los \u00faltimos modelos 379, 409, 439 y 509, as\u00ed como el buque insignia de Jeanneau Sun Odyssey 53. Por<\/p>\n","protected":false},"author":11,"featured_media":0,"parent":715,"menu_order":0,"comment_status":"open","ping_status":"open","template":"","meta":[],"aioseo_notices":[],"_links":{"self":[{"href":"https:\/\/yachtcharter-connection.com\/es\/wp-json\/wp\/v2\/pages\/1684"}],"collection":[{"href":"https:\/\/yachtcharter-connection.com\/es\/wp-json\/wp\/v2\/pages"}],"about":[{"href":"https:\/\/yachtcharter-connection.com\/es\/wp-json\/wp\/v2\/types\/page"}],"author":[{"embeddable":true,"href":"https:\/\/yachtcharter-connection.com\/es\/wp-json\/wp\/v2\/users\/11"}],"replies":[{"embeddable":true,"href":"https:\/\/yachtcharter-connection.com\/es\/wp-json\/wp\/v2\/comments?post=1684"}],"version-history":[{"count":1,"href":"https:\/\/yachtcharter-connection.com\/es\/wp-json\/wp\/v2\/pages\/1684\/revisions"}],"predecessor-version":[{"id":14238,"href":"https:\/\/yachtcharter-connection.com\/es\/wp-json\/wp\/v2\/pages\/1684\/revisions\/14238"}],"up":[{"embeddable":true,"href":"https:\/\/yachtcharter-connection.com\/es\/wp-json\/wp\/v2\/pages\/715"}],"wp:attachment":[{"href":"https:\/\/yachtcharter-connection.com\/es\/wp-json\/wp\/v2\/media?parent=1684"}],"curies":[{"name":"wp","href":"https:\/\/api.w.org\/{rel}","templated":true}]}}