{"id":1695,"date":"2015-08-10T05:53:50","date_gmt":"2015-08-10T05:53:50","guid":{"rendered":"http:\/\/yachtcharter-connection.com.w01e47c6.kasserver.com\/stockholm-988\/"},"modified":"2017-07-14T00:57:20","modified_gmt":"2017-07-13T22:57:20","slug":"stockholm-988","status":"publish","type":"page","link":"https:\/\/yachtcharter-connection.com\/es\/regiones\/mar-baltico\/alquiler-barcos-baltico-del-noreste\/stockholm-988\/","title":{"rendered":"Stockholm"},"content":{"rendered":"<h3>Alquiler de barcos Estocolmo<\/h3>\n<p>\nEn Estocolmo y alrededores hay varias bases de {#keyowrd#}: por ejemplo en la misma ciudad, en Liding\u00f6, Nyk\u00f6ping, Saltsj\u00f6baden y en  Svinninge.<\/p>\n<p>Estocolmo est\u00e1 situada en un fiordo que se abre al Lago M\u00e4laren. Esta ciudad b\u00e1ltica con el archipi\u00e9lago que se extiende ante ella (el Stockholm Sk\u00e4rg\u00e4rdsstugor) se reparte entre el continente y catorce islas que se comunican con la tierra firme a trav\u00e9s de m\u00e1s de cincuenta puentes. En realidad un 30% de la superficie urbana est\u00e1 cubierta de agua. Y se trata de unas aguas tan limpias, que en el centro de la ciudad habitan salmones. En el casco antiguo, en la isla de  Stadsholmen en la que se fund\u00f3 en un principio la ciudad, podemos caminar por las estrechas callejuelas medievales y  visitar palacios y la residencia real. <\/p>\n","protected":false},"excerpt":{"rendered":"<p>Alquiler de barcos Estocolmo En Estocolmo y alrededores hay varias bases de {#keyowrd#}: por ejemplo en la misma ciudad, en Liding\u00f6, Nyk\u00f6ping, Saltsj\u00f6baden y en Svinninge. Estocolmo est\u00e1 situada en un fiordo que se abre al Lago M\u00e4laren. Esta ciudad b\u00e1ltica con el archipi\u00e9lago que se extiende ante ella (el<\/p>\n","protected":false},"author":11,"featured_media":0,"parent":653,"menu_order":0,"comment_status":"open","ping_status":"open","template":"","meta":[],"aioseo_notices":[],"_links":{"self":[{"href":"https:\/\/yachtcharter-connection.com\/es\/wp-json\/wp\/v2\/pages\/1695"}],"collection":[{"href":"https:\/\/yachtcharter-connection.com\/es\/wp-json\/wp\/v2\/pages"}],"about":[{"href":"https:\/\/yachtcharter-connection.com\/es\/wp-json\/wp\/v2\/types\/page"}],"author":[{"embeddable":true,"href":"https:\/\/yachtcharter-connection.com\/es\/wp-json\/wp\/v2\/users\/11"}],"replies":[{"embeddable":true,"href":"https:\/\/yachtcharter-connection.com\/es\/wp-json\/wp\/v2\/comments?post=1695"}],"version-history":[{"count":1,"href":"https:\/\/yachtcharter-connection.com\/es\/wp-json\/wp\/v2\/pages\/1695\/revisions"}],"predecessor-version":[{"id":14023,"href":"https:\/\/yachtcharter-connection.com\/es\/wp-json\/wp\/v2\/pages\/1695\/revisions\/14023"}],"up":[{"embeddable":true,"href":"https:\/\/yachtcharter-connection.com\/es\/wp-json\/wp\/v2\/pages\/653"}],"wp:attachment":[{"href":"https:\/\/yachtcharter-connection.com\/es\/wp-json\/wp\/v2\/media?parent=1695"}],"curies":[{"name":"wp","href":"https:\/\/api.w.org\/{rel}","templated":true}]}}