{"id":1696,"date":"2013-10-02T05:56:11","date_gmt":"2013-10-02T05:56:11","guid":{"rendered":"http:\/\/yachtcharter-connection.com.w01e47c6.kasserver.com\/marstrand-925\/"},"modified":"2016-10-29T19:07:59","modified_gmt":"2016-10-29T17:07:59","slug":"marstrand-925","status":"publish","type":"page","link":"https:\/\/yachtcharter-connection.com\/es\/regiones\/mar-baltico\/alquiler-barcos-western-sweden-bohuslan\/marstrand-925\/","title":{"rendered":"Marstrand"},"content":{"rendered":"<h3>Alquiler de barcos Marstrand<\/h3>\n<p>\nLa ciudad de Marstrand, a pesar de ser la m\u00e1s peque\u00f1a de Suecia, est\u00e1 repartida entre dos islas: Marstrands\u00f6 y Ko\u00f6 en el Skagerrak, a unos 30 kil\u00f3metros de Gotemburgo. Ya acog\u00eda a los primeros turistas en el siglo XIX. La imagen de la ciudad est\u00e1 marcada por las villas y el castillo fortaleza de Carlsten. Por Marstrands\u00f6, el centro hist\u00f3rico, no pueden circular coches. En el lugar seguimos encontrando cierto aire medieval con sus casitas de madera. <\/p>\n","protected":false},"excerpt":{"rendered":"<p>Alquiler de barcos Marstrand La ciudad de Marstrand, a pesar de ser la m\u00e1s peque\u00f1a de Suecia, est\u00e1 repartida entre dos islas: Marstrands\u00f6 y Ko\u00f6 en el Skagerrak, a unos 30 kil\u00f3metros de Gotemburgo. Ya acog\u00eda a los primeros turistas en el siglo XIX. La imagen de la ciudad est\u00e1<\/p>\n","protected":false},"author":11,"featured_media":0,"parent":661,"menu_order":0,"comment_status":"open","ping_status":"open","template":"","meta":[],"aioseo_notices":[],"_links":{"self":[{"href":"https:\/\/yachtcharter-connection.com\/es\/wp-json\/wp\/v2\/pages\/1696"}],"collection":[{"href":"https:\/\/yachtcharter-connection.com\/es\/wp-json\/wp\/v2\/pages"}],"about":[{"href":"https:\/\/yachtcharter-connection.com\/es\/wp-json\/wp\/v2\/types\/page"}],"author":[{"embeddable":true,"href":"https:\/\/yachtcharter-connection.com\/es\/wp-json\/wp\/v2\/users\/11"}],"replies":[{"embeddable":true,"href":"https:\/\/yachtcharter-connection.com\/es\/wp-json\/wp\/v2\/comments?post=1696"}],"version-history":[{"count":1,"href":"https:\/\/yachtcharter-connection.com\/es\/wp-json\/wp\/v2\/pages\/1696\/revisions"}],"predecessor-version":[{"id":14076,"href":"https:\/\/yachtcharter-connection.com\/es\/wp-json\/wp\/v2\/pages\/1696\/revisions\/14076"}],"up":[{"embeddable":true,"href":"https:\/\/yachtcharter-connection.com\/es\/wp-json\/wp\/v2\/pages\/661"}],"wp:attachment":[{"href":"https:\/\/yachtcharter-connection.com\/es\/wp-json\/wp\/v2\/media?parent=1696"}],"curies":[{"name":"wp","href":"https:\/\/api.w.org\/{rel}","templated":true}]}}