{"id":1697,"date":"2014-06-28T17:21:26","date_gmt":"2014-06-28T17:21:26","guid":{"rendered":"http:\/\/yachtcharter-connection.com.w01e47c6.kasserver.com\/mallorca-port-d-andratx\/"},"modified":"2016-10-29T22:00:42","modified_gmt":"2016-10-29T20:00:42","slug":"mallorca-port-d-andratx","status":"publish","type":"page","link":"https:\/\/yachtcharter-connection.com\/es\/regiones\/mediterraneo\/alquiler-barcos-baleares-mallorca-menorca-ibiza\/mallorca-port-d-andratx\/","title":{"rendered":"Mallorca \/ Port d&#39; Andratx"},"content":{"rendered":"<h3>Alquiler de barcos Port Andratx<\/h3>\n<p><img loading=\"lazy\" class=\"content-image\"  width=\"300\" height=\"224\" alt=\"\" src=\"https:\/\/yachtcharter-connection.com\/wp-content\/uploads\/converted_files\/20251\/20251-5624e11a6649e.jpg\" \/>El punto central de la costa suroeste de Mallorca viene marcado por Port Andratx, un puerto muy atractivo situado en una bah\u00eda grande y bien protegida. Podemos amarrar en la marina del Club de Vela, en el viejo muelle comercial, o en los nuevos pantalanes flotantes instalados junto al puerto pesquero. En el antepuerto tambi\u00e9n se puede echar el ancla. Port Andratx nos ofrece todo lo que se nos ocurra pedir: tiendas, caf\u00e9s, restaurantes, bares, discotecas o boutiques. <\/p>\n<p>En los alrededores, en la costa suroeste de Mallorca, encontramos preciosos fondeaderos como Cala Marmacen, Cala Llamp o Cala Fornells. Es una costa rocosa que  destaca por sus pe\u00f1ascos y  paredes de color rojizo, pero tambi\u00e9n por sus playas como las de Camp de Mar,  Paguera, Santa Ponsa o Port Adriano, donde tambi\u00e9n podemos fondear espl\u00e9ndidamente. Un puerto muy seguro es el de  Santa Ponsa, que se adentra de manera angular en tierra.<\/p>\n<p><iframe loading=\"lazy\" width=\"560\" height=\"315\" src=\"https:\/\/www.youtube.com\/embed\/o1LQycU7NeA\" frameborder=\"0\" allowfullscreen><\/iframe><\/p>\n<p><\/p>\n","protected":false},"excerpt":{"rendered":"<p>Alquiler de barcos Port Andratx El punto central de la costa suroeste de Mallorca viene marcado por Port Andratx, un puerto muy atractivo situado en una bah\u00eda grande y bien protegida. Podemos amarrar en la marina del Club de Vela, en el viejo muelle comercial, o en los nuevos pantalanes<\/p>\n","protected":false},"author":11,"featured_media":0,"parent":667,"menu_order":0,"comment_status":"open","ping_status":"open","template":"","meta":[],"aioseo_notices":[],"_links":{"self":[{"href":"https:\/\/yachtcharter-connection.com\/es\/wp-json\/wp\/v2\/pages\/1697"}],"collection":[{"href":"https:\/\/yachtcharter-connection.com\/es\/wp-json\/wp\/v2\/pages"}],"about":[{"href":"https:\/\/yachtcharter-connection.com\/es\/wp-json\/wp\/v2\/types\/page"}],"author":[{"embeddable":true,"href":"https:\/\/yachtcharter-connection.com\/es\/wp-json\/wp\/v2\/users\/11"}],"replies":[{"embeddable":true,"href":"https:\/\/yachtcharter-connection.com\/es\/wp-json\/wp\/v2\/comments?post=1697"}],"version-history":[{"count":1,"href":"https:\/\/yachtcharter-connection.com\/es\/wp-json\/wp\/v2\/pages\/1697\/revisions"}],"predecessor-version":[{"id":14185,"href":"https:\/\/yachtcharter-connection.com\/es\/wp-json\/wp\/v2\/pages\/1697\/revisions\/14185"}],"up":[{"embeddable":true,"href":"https:\/\/yachtcharter-connection.com\/es\/wp-json\/wp\/v2\/pages\/667"}],"wp:attachment":[{"href":"https:\/\/yachtcharter-connection.com\/es\/wp-json\/wp\/v2\/media?parent=1697"}],"curies":[{"name":"wp","href":"https:\/\/api.w.org\/{rel}","templated":true}]}}