{"id":1698,"date":"2014-06-29T01:52:52","date_gmt":"2014-06-29T01:52:52","guid":{"rendered":"http:\/\/yachtcharter-connection.com.w01e47c6.kasserver.com\/phuket-boat-lagoon-783\/"},"modified":"2016-10-29T22:09:14","modified_gmt":"2016-10-29T20:09:14","slug":"phuket-boat-lagoon-783","status":"publish","type":"page","link":"https:\/\/yachtcharter-connection.com\/es\/regiones\/oceano-indio\/alquiler-barcos-tailandia-761\/phuket-boat-lagoon-783\/","title":{"rendered":"Phuket \/ Boat Lagoon"},"content":{"rendered":"<h3>{#keyword} Phuket \/ Boat Lagoon<\/h3>\n<p>\n<img loading=\"lazy\" class=\"content-image\"  width=\"300\" height=\"225\" src=\"https:\/\/yachtcharter-connection.com\/wp-content\/uploads\/converted_files\/20252\/20252-5624e11c1584a.jpg\" alt=\"\" \/>La de Boat Lagoon se ubica en el este de la isla. Aqu\u00ed tiene  lugar todos los a\u00f1os la feria n\u00e1utica PIMEX.<\/p>\n<p><\/p>\n","protected":false},"excerpt":{"rendered":"<p>{#keyword} Phuket \/ Boat Lagoon La de Boat Lagoon se ubica en el este de la isla. Aqu\u00ed tiene lugar todos los a\u00f1os la feria n\u00e1utica PIMEX.<\/p>\n","protected":false},"author":11,"featured_media":0,"parent":657,"menu_order":0,"comment_status":"open","ping_status":"open","template":"","meta":[],"aioseo_notices":[],"_links":{"self":[{"href":"https:\/\/yachtcharter-connection.com\/es\/wp-json\/wp\/v2\/pages\/1698"}],"collection":[{"href":"https:\/\/yachtcharter-connection.com\/es\/wp-json\/wp\/v2\/pages"}],"about":[{"href":"https:\/\/yachtcharter-connection.com\/es\/wp-json\/wp\/v2\/types\/page"}],"author":[{"embeddable":true,"href":"https:\/\/yachtcharter-connection.com\/es\/wp-json\/wp\/v2\/users\/11"}],"replies":[{"embeddable":true,"href":"https:\/\/yachtcharter-connection.com\/es\/wp-json\/wp\/v2\/comments?post=1698"}],"version-history":[{"count":1,"href":"https:\/\/yachtcharter-connection.com\/es\/wp-json\/wp\/v2\/pages\/1698\/revisions"}],"predecessor-version":[{"id":14454,"href":"https:\/\/yachtcharter-connection.com\/es\/wp-json\/wp\/v2\/pages\/1698\/revisions\/14454"}],"up":[{"embeddable":true,"href":"https:\/\/yachtcharter-connection.com\/es\/wp-json\/wp\/v2\/pages\/657"}],"wp:attachment":[{"href":"https:\/\/yachtcharter-connection.com\/es\/wp-json\/wp\/v2\/media?parent=1698"}],"curies":[{"name":"wp","href":"https:\/\/api.w.org\/{rel}","templated":true}]}}