{"id":1721,"date":"2014-06-28T19:16:34","date_gmt":"2014-06-28T19:16:34","guid":{"rendered":"http:\/\/yachtcharter-connection.com.w01e47c6.kasserver.com\/lysekil-243\/"},"modified":"2016-10-29T19:07:58","modified_gmt":"2016-10-29T17:07:58","slug":"lysekil-243","status":"publish","type":"page","link":"https:\/\/yachtcharter-connection.com\/es\/regiones\/mar-baltico\/alquiler-barcos-western-sweden-bohuslan\/lysekil-243\/","title":{"rendered":"Lysekil"},"content":{"rendered":"<h3>Alquiler de barcos Lysekil<\/h3>\n<p>\nLysekil, en el fiordo Gullmar, en la costa oeste, cerca de Gotemburgo, es el centro sueco de investigaciones marinas. Aqu\u00ed no s\u00f3lo encontramos un puerto norte y un puerto sur, sino tambi\u00e9n un acuario, una Casa del Mar y un Museo del Barco. Lysekil ha pasado de ser un pueblo pesquero a convertirse en un apreciado destino tur\u00edstico.<br type=\"_moz\" \/><\/p>\n","protected":false},"excerpt":{"rendered":"<p>Alquiler de barcos Lysekil Lysekil, en el fiordo Gullmar, en la costa oeste, cerca de Gotemburgo, es el centro sueco de investigaciones marinas. Aqu\u00ed no s\u00f3lo encontramos un puerto norte y un puerto sur, sino tambi\u00e9n un acuario, una Casa del Mar y un Museo del Barco. Lysekil ha pasado<\/p>\n","protected":false},"author":11,"featured_media":0,"parent":661,"menu_order":0,"comment_status":"open","ping_status":"open","template":"","meta":[],"aioseo_notices":[],"_links":{"self":[{"href":"https:\/\/yachtcharter-connection.com\/es\/wp-json\/wp\/v2\/pages\/1721"}],"collection":[{"href":"https:\/\/yachtcharter-connection.com\/es\/wp-json\/wp\/v2\/pages"}],"about":[{"href":"https:\/\/yachtcharter-connection.com\/es\/wp-json\/wp\/v2\/types\/page"}],"author":[{"embeddable":true,"href":"https:\/\/yachtcharter-connection.com\/es\/wp-json\/wp\/v2\/users\/11"}],"replies":[{"embeddable":true,"href":"https:\/\/yachtcharter-connection.com\/es\/wp-json\/wp\/v2\/comments?post=1721"}],"version-history":[{"count":1,"href":"https:\/\/yachtcharter-connection.com\/es\/wp-json\/wp\/v2\/pages\/1721\/revisions"}],"predecessor-version":[{"id":14074,"href":"https:\/\/yachtcharter-connection.com\/es\/wp-json\/wp\/v2\/pages\/1721\/revisions\/14074"}],"up":[{"embeddable":true,"href":"https:\/\/yachtcharter-connection.com\/es\/wp-json\/wp\/v2\/pages\/661"}],"wp:attachment":[{"href":"https:\/\/yachtcharter-connection.com\/es\/wp-json\/wp\/v2\/media?parent=1721"}],"curies":[{"name":"wp","href":"https:\/\/api.w.org\/{rel}","templated":true}]}}