{"id":1727,"date":"2014-06-29T01:51:03","date_gmt":"2014-06-29T01:51:03","guid":{"rendered":"http:\/\/yachtcharter-connection.com.w01e47c6.kasserver.com\/ko-chang-ao-salak-phed-820\/"},"modified":"2016-10-29T22:09:13","modified_gmt":"2016-10-29T20:09:13","slug":"ko-chang-ao-salak-phed-820","status":"publish","type":"page","link":"https:\/\/yachtcharter-connection.com\/es\/regiones\/oceano-indio\/alquiler-barcos-tailandia-761\/ko-chang-ao-salak-phed-820\/","title":{"rendered":"Ko Chang \/ Ao Salak Phed"},"content":{"rendered":"<h3>Alquiler de barcos Ko Chang<\/h3>\n<p>\n<img loading=\"lazy\" class=\"content-image\"  width=\"300\" height=\"364\" src=\"https:\/\/yachtcharter-connection.com\/wp-content\/uploads\/converted_files\/20291\/20291-5624e1277bc1a.jpg\" alt=\"\" \/>\u00c9sta es la segunda isla m\u00e1s grande de Tailandia, y Ao Salak Phet es la bah\u00eda m\u00e1s grande de la isla. Muy cerca est\u00e1 la frontera con Camboya. Ko Chang es un destino tur\u00edstico muy apreciado sobre todo por los propios tailandeses. Aqu\u00ed se encuentra el gigantesco parque marino de  Mu Ko Chang, un parque natural con grandes extensiones de selva h\u00fameda virgen considerado un aut\u00e9ntico para\u00edso.  En Ko Chang no se ha construido demasiado y todav\u00eda encontramos naturaleza en estado puro: hermosas playas, magn\u00edficas ca\u00eddas de agua, manglares y muchos arrecifes de coral. Y merece la pena hacer excursiones para visitar monasterios y pueblos pesqueros  o pasear a lomos de un elefante. <\/p>\n<p>La marina de Ko Chang est\u00e1 en la Salakpet Beach, en el sur de la isla, y es el \u00fanico puerto deportivo que encontramos en el parque natural de Ko Chang. A ella pertenece un complejo hotelero con todo tipo de instalaciones y servicios. Y muy cerquita, en la isla Koh Wai, nos espera un  hermoso lugar para fondear. <\/p>\n<p><\/p>\n","protected":false},"excerpt":{"rendered":"<p>Alquiler de barcos Ko Chang \u00c9sta es la segunda isla m\u00e1s grande de Tailandia, y Ao Salak Phet es la bah\u00eda m\u00e1s grande de la isla. Muy cerca est\u00e1 la frontera con Camboya. Ko Chang es un destino tur\u00edstico muy apreciado sobre todo por los propios tailandeses. Aqu\u00ed se encuentra<\/p>\n","protected":false},"author":11,"featured_media":0,"parent":657,"menu_order":0,"comment_status":"open","ping_status":"open","template":"","meta":[],"aioseo_notices":[],"_links":{"self":[{"href":"https:\/\/yachtcharter-connection.com\/es\/wp-json\/wp\/v2\/pages\/1727"}],"collection":[{"href":"https:\/\/yachtcharter-connection.com\/es\/wp-json\/wp\/v2\/pages"}],"about":[{"href":"https:\/\/yachtcharter-connection.com\/es\/wp-json\/wp\/v2\/types\/page"}],"author":[{"embeddable":true,"href":"https:\/\/yachtcharter-connection.com\/es\/wp-json\/wp\/v2\/users\/11"}],"replies":[{"embeddable":true,"href":"https:\/\/yachtcharter-connection.com\/es\/wp-json\/wp\/v2\/comments?post=1727"}],"version-history":[{"count":1,"href":"https:\/\/yachtcharter-connection.com\/es\/wp-json\/wp\/v2\/pages\/1727\/revisions"}],"predecessor-version":[{"id":14451,"href":"https:\/\/yachtcharter-connection.com\/es\/wp-json\/wp\/v2\/pages\/1727\/revisions\/14451"}],"up":[{"embeddable":true,"href":"https:\/\/yachtcharter-connection.com\/es\/wp-json\/wp\/v2\/pages\/657"}],"wp:attachment":[{"href":"https:\/\/yachtcharter-connection.com\/es\/wp-json\/wp\/v2\/media?parent=1727"}],"curies":[{"name":"wp","href":"https:\/\/api.w.org\/{rel}","templated":true}]}}