{"id":173,"date":"2014-07-12T16:10:10","date_gmt":"2014-07-12T16:10:10","guid":{"rendered":"http:\/\/yachtcharter-connection.com.w01e47c6.kasserver.com\/yates-de-lujo\/"},"modified":"2023-09-19T10:48:08","modified_gmt":"2023-09-19T08:48:08","slug":"yates-de-lujo","status":"publish","type":"page","link":"https:\/\/yachtcharter-connection.com\/es\/yates-de-lujo\/","title":{"rendered":"Yates de Lujo"},"content":{"rendered":"<h1><strong>Ch\u00e1rter de Yates de Lujo<\/strong><\/h1>\n<p><a href=\"https:\/\/yachtcharter-connection.com\/wp-content\/uploads\/2014\/07\/Luxury-yacht-charters-Caribbean600.jpg\"><img loading=\"lazy\" class=\"alignleft size-full wp-image-25235\" src=\"https:\/\/yachtcharter-connection.com\/wp-content\/uploads\/2014\/07\/Luxury-yacht-charters-Caribbean600.jpg\" alt=\"Ch\u00e1rter yates de lujo - Caribe\" width=\"600\" height=\"394\" srcset=\"https:\/\/yachtcharter-connection.com\/wp-content\/uploads\/2014\/07\/Luxury-yacht-charters-Caribbean600.jpg 600w, https:\/\/yachtcharter-connection.com\/wp-content\/uploads\/2014\/07\/Luxury-yacht-charters-Caribbean600-300x197.jpg 300w\" sizes=\"(max-width: 600px) 100vw, 600px\" \/><\/a> <a href=\"https:\/\/yachtcharter-connection.com\/wp-content\/uploads\/2014\/07\/Luxury-yacht-charters-Mediterranean600.jpg\"><img loading=\"lazy\" class=\"alignleft size-full wp-image-25236\" src=\"https:\/\/yachtcharter-connection.com\/wp-content\/uploads\/2014\/07\/Luxury-yacht-charters-Mediterranean600.jpg\" alt=\"Luxury-yacht-charters-Mediterranean600\" width=\"600\" height=\"439\" srcset=\"https:\/\/yachtcharter-connection.com\/wp-content\/uploads\/2014\/07\/Luxury-yacht-charters-Mediterranean600.jpg 600w, https:\/\/yachtcharter-connection.com\/wp-content\/uploads\/2014\/07\/Luxury-yacht-charters-Mediterranean600-300x220.jpg 300w\" sizes=\"(max-width: 600px) 100vw, 600px\" \/><\/a> <a href=\"https:\/\/yachtcharter-connection.com\/wp-content\/uploads\/2014\/07\/Luxury-yacht-charters-Megayachts600.jpg\"><img loading=\"lazy\" class=\"alignleft size-full wp-image-25237\" src=\"https:\/\/yachtcharter-connection.com\/wp-content\/uploads\/2014\/07\/Luxury-yacht-charters-Megayachts600.jpg\" alt=\"Luxury-yacht-charters-Megayachts600\" width=\"600\" height=\"382\" srcset=\"https:\/\/yachtcharter-connection.com\/wp-content\/uploads\/2014\/07\/Luxury-yacht-charters-Megayachts600.jpg 600w, https:\/\/yachtcharter-connection.com\/wp-content\/uploads\/2014\/07\/Luxury-yacht-charters-Megayachts600-300x191.jpg 300w\" sizes=\"(max-width: 600px) 100vw, 600px\" \/><\/a> <a href=\"https:\/\/yachtcharter-connection.com\/wp-content\/uploads\/2014\/07\/Luxury-yacht-charters-sailing-yachts-catamarans600.jpg\"><img loading=\"lazy\" class=\"alignleft size-full wp-image-25238\" src=\"https:\/\/yachtcharter-connection.com\/wp-content\/uploads\/2014\/07\/Luxury-yacht-charters-sailing-yachts-catamarans600.jpg\" alt=\"Luxury-yacht-charters-sailing-yachts-catamarans600\" width=\"600\" height=\"309\" srcset=\"https:\/\/yachtcharter-connection.com\/wp-content\/uploads\/2014\/07\/Luxury-yacht-charters-sailing-yachts-catamarans600.jpg 600w, https:\/\/yachtcharter-connection.com\/wp-content\/uploads\/2014\/07\/Luxury-yacht-charters-sailing-yachts-catamarans600-300x155.jpg 300w\" sizes=\"(max-width: 600px) 100vw, 600px\" \/><\/a><strong>Los yates de lujo con capit\u00e1n y tripuclaci\u00f3n &#8211; disfrute de vacaciones y descanse en el mar, navegando muy c\u00f3modamente con velas o motor. Usted determina el planeamiento del viaje junto con el capit\u00e1n de su yate de ch\u00e1rter, el men\u00fa con el cocinero &#8211; usted tiene solamente que disfrutar, en las destinaciones m\u00e1s hermosas del mundo!<\/strong><\/p>\n<p>Presentamos una selecci\u00f3n de los yates de lujo, podemos ofrecer muchos m\u00e1s de muchas bases, muchos de ellos cruzando en el mar mediterr\u00e1neo durante el verano y en el Caribe en invierno, algunos tienen licencia para Espa\u00f1a. Superyachts tambi\u00e9n est\u00e1n cruzando el Oc\u00e9ano \u00cdndico, el Pac\u00edfico, Bahamas o Nueva Inglaterra. Arreglamos las ch\u00e1rters para los yates de lujo de motor, los veleros elegantes, las goletas y los catamaranes, los megayates y los superyates &#8211;<a href=\"https:\/\/yachtcharter-connection.com\/es\/yates-de-lujo-con-tripulation\/\" target=\"_blank\" rel=\"noopener noreferrer\">\u00a0 yates de lujo con tripulaci\u00f3n de todos tipos y todos tama\u00f1os.<\/a> Los equipos muy profesionales de formaci\u00f3n perfecta se ocupan de su bienestar como anfitriones. Las naves son excepcional equipadas: generalmente con aire acondicionadeo y generador, TV v\u00eda sat\u00e9lite en parte y pantallas planas, cualquier tecnolog\u00eda en la cocina, cada clase de comodidad en sal\u00f3n y dormitorios. Un bote est\u00e1 siempre a bordo, la mayor\u00eda tiene tambien varios juguetes del agua. Es nuestro placer comprobar la disponibilidad de estos yates para usted e informarle sobre las condiciones especiales con el de yates de lujo. A prop\u00f3sito: Donde el yate de lujo para y el megayacht comienza: nadie sabe exactamente. Todos son superiores y speciales.<\/p>\n<p><strong>Usted puede buscar su yate favorito en varias secciones de nuestro sitio web &#8211; yates a motor, veleros, catamaranes, goletas, superyates, megayates. Si el yate de sus sue\u00f1os no est\u00e1 en l\u00ednea, no dude en ponerse en contacto con nosotros. Ser\u00e1 un placer presentarle m\u00e1s maravillosos yates de lujo de alquiler &#8211; vamos a encontrar lo que est\u00e1 buscando. Por favor, cont\u00e1ctenos para disponibilidad y ofertas detalladas.<\/strong><\/p>\n<h3><strong>Selecci\u00f3n de Yates de Lujo de alquiler<\/strong><\/h3>\n<p>Por favor, consulte nuestra <a href=\"\/es\/yacht-list\/yates-de-lujo\/\"><strong>selecci\u00f3n de yates de lujo<\/strong><\/a>, una peque\u00f1a selecci\u00f3n de hermosos yates de lujo muy interesantes que podemos recomendar: yates de motor, yates de vela, catamaranes y motoveleros\/ goletas. Estos est\u00e1n navegando en el Mediterr\u00e1neo, el Caribe y otras zonas de crucero en todo el mundo. Estaremos encantados de enviarle ofertas espec\u00edficas para estos y otros yates a petici\u00f3n.<\/p>\n<h3><strong>Yates de Lujo de un vistazo<\/strong><\/h3>\n<p>Para ver una grande selecci\u00f3n de los m\u00e1s hermosos yates en todo el mundo, por favor ve el listado en la secci\u00f3n <strong><a href=\"\/es\/yates-de-lujo-de-un-vistazo\/\">yates de lujo de un vistazo<\/a><\/strong> &#8211; Preguntenos por ofertas!<\/p>\n<h3><strong>Yates de Lujo &#8211; Buscador<\/strong><\/h3>\n<p>Con el <strong><a href=\"https:\/\/yachtcharter-connection.com\/es\/yates-de-lujo-buscador\/\">buscador para yates de lujo<\/a><\/strong>, se puede encontrar su yate de sue\u00f1o muy facilmente.<\/p>\n<h3><strong>Yates de Lujo Mallorca &amp; Ibiza<\/strong><\/h3>\n<p>Navegue por las Islas Baleares a bordo de su lujoso yate de alquiler con servicio completo y explore bah\u00edas aisladas. La alta cocina y la hermosa ciudad Palma le esperan en Mallorca \/ Mallorca, fiesta en Ibiza, aguas turquesas y clubes de playa en Formentera. Aqu\u00ed encontrar\u00e1 una selecci\u00f3n de algunos yates de lujo disponibles en Mallorca e Ibiza.Aqu\u00ed se encuentra una selecci\u00f3n de <strong><a href=\"https:\/\/yachtcharter-connection.com\/es\/yates-de-lujo-mallorca-ibiza-baleares\/\">yates de lujo en Mallorca &amp; Ibiza<\/a><\/strong>. Para m\u00e1s yates de lujo &#8211; elegantes veleros, catamaranes con tripulaci\u00f3n, yates a motor, superyates y megayates en las Islas Baleares &#8211; no dude en consultarnos.<\/p>\n<h3><strong><b>Alquiler de Yates de Motor en Italia y Francia<br \/>\n<\/b><\/strong><\/h3>\n<p>Disfrute navegando por la Riviera francesa, C\u00f3rcega, Cerde\u00f1a o la costa de Liguria a bordo de su lujoso yate. Si desea disfrutar de la vida en jetset entre St. Tropez y Montecarlo, en Portofino o Porto Cervo, o si desea explorar puertos y bah\u00edas pintorescas a lo largo de la costa o en las islas, tendr\u00e1 unas vacaciones perfectas en un yate de lujo::<strong> <a href=\"https:\/\/yachtcharter-connection.com\/es\/alquiler-de-yates-de-motor-en-italia-y-francia\/\">Alquiler de Yates de Motor en Italia y Francia<\/a><\/strong><\/p>\n<h3><strong><b>Alquiler de Yates de Lujo en Italia \u2013 N\u00e1poles \/ Sicilia<br \/>\n<\/b><\/strong><\/h3>\n<p>La Dolce Vita en Bella Italia &#8211; disfrute a bordo de un yate de lujo con tripulaci\u00f3n: el golfo de N\u00e1poles con las islas de Ischia y Capri, las islas Ponza y Ventotene, la hermosa costa de Amalfi le esperan, o Sicilia con ciudades hist\u00f3ricas y las islas Eolicas: <a href=\"https:\/\/yachtcharter-connection.com\/es\/alquiler-de-yates-de-lujo-en-italia-napoles-sicilia\/\"><strong>Alquiler de Yates de Lujo en Italia \u2013 N\u00e1poles \/ Sicilia<\/strong><\/a><\/p>\n<h3><strong>Alquiler de Yates de Motor Croacia<\/strong><\/h3>\n<p>Ciudades medievales llenas de historia como Split, Trogir o Dubrovnik en la costa, hermosas islas como Hvar, Brac, Vis, Korcula y muchas m\u00e1s, naturaleza virgen en las islas Kornati: no hay mejor manera de viajar en Croacia que a bordo de su lujoso yate alquilado:: <strong><a href=\"https:\/\/yachtcharter-connection.com\/es\/alquiler-de-yates-de-motor-croacia\/\">Alquiler de Yates de Motor Croacia<\/a><\/strong><\/p>\n<h3><strong>Yates de Motor en Grecia<\/strong><\/h3>\n<p>Los mejores yates de lujo, superyates y megayates para charter le llevar\u00e1n a las islas griegas m\u00e1s hermosas, como Aegina, Poros o Hydra en el Golfo Sar\u00f3nico cerca de Atenas, o las islas C\u00edcladas como Mykonos, Santorini y m\u00e1s. Ahora es el tiempo de realizar sus sue\u00f1os de unas vacaciones de charter de lujo en Grecia:<strong> <a href=\"https:\/\/yachtcharter-connection.com\/es\/yates-de-motor-en-grecia\/\">Yates de Motor en Grecia<\/a><\/strong><\/p>\n<h3><strong>Catamaranes con Tripulaci\u00f3n en Grecia<\/strong><\/h3>\n<p>Los catamaranes de lujo con tripulaci\u00f3n son una forma muy popular de navegar por las islas griegas, especialmente en las islas del Golfo Sar\u00f3nico y las islas Cicladas, pero tambi\u00e9n en el mar J\u00f3nico o en las Esporadas: disfrutar\u00e1 de una gran cantidad de espacio habitable y de la fant\u00e1stica hospitalidad griega a bordo::<strong> <a href=\"https:\/\/yachtcharter-connection.com\/es\/catamaranes-con-tripulacion-en-grecia\/\">Catamaranes con Tripulaci\u00f3n en Grecia<\/a><\/strong><\/p>\n<h3><strong>Goletas y Veleros de Motor Croacia<\/strong><\/h3>\n<p>Los motoveleros \/ las goletas son la forma tradicional de navegar la costa y las islas croatas: ofrecen un crucero c\u00f3modo, un gran servicio y lugares fant\u00e1sticos para explorar.:<strong> <a href=\"https:\/\/yachtcharter-connection.com\/es\/goletas-y-veleros-de-motor-croacia\/\">Goletas y Veleros de Motor Croacia<\/a><\/strong><\/p>\n<h3><strong><b>Goletas y Veleros a Motor en Turqu\u00eda<\/b><\/strong><\/h3>\n<p>Comience en Bodrum, Marmaris, G\u00f6cek o Fethiye para su &#8220;Crucero azul&#8221; privado a lo largo de la costa de Turqu\u00eda con mucha comodidad y servicio completo, o en las islas griegas del Dodecaneso como Kos, Rodas, Symi y m\u00e1s:<strong> <a href=\"https:\/\/yachtcharter-connection.com\/es\/goletas-y-veleros-a-motor-en-turquia\/\">Goletas y Veleros a Motor en Turqu\u00eda<\/a><\/strong><\/p>\n<h3><strong>Yates de Lujo Turqu\u00eda<\/strong><\/h3>\n<p>Si le interesa de disfrutar de un viaje de lujo en Turquia con un yate con tripulaci\u00f3n, sea motora, velero o goleta cl\u00e1sica, pulse aqui para m\u00e1s informaciones: <strong><a href=\"\/es\/goletas-en-turquia\/\"> de lujo en Turqu\u00eda.<\/a><\/strong><\/p>\n<h3><strong>Yates de lujo de motor en Turqu\u00eda<\/strong><\/h3>\n<p>R\u00e1pido y c\u00f3modo: alquile un yate a motor de lujo en Turqu\u00eda y descubra los lugares m\u00e1s bellos de la Riviera turca, ciudades animadas como Bodrum con sus famosas discotecas y peque\u00f1os pueblos pintorescos:<strong> <a href=\"https:\/\/yachtcharter-connection.com\/es\/yates-de-lujo-de-motor-en-turquia\/\">Yates de lujo de motor en Turqu\u00eda<\/a><\/strong><\/p>\n<h3><strong>Catamaranes lujosos con Tripulaci\u00f3n en el Caribe<\/strong><\/h3>\n<p>Navegar por las islas m\u00e1s hermosas del Caribe a bordo de un lujoso catamar\u00e1n con tripulaci\u00f3n es extremadamente popular y una de las maneras m\u00e1s relajantes de explorar las Islas V\u00edrgenes, las Islas de Sotavento y de Barlovento o las pintorescas Granadinas: <strong><a href=\"https:\/\/yachtcharter-connection.com\/es\/catamaranes-lujosos-con-tripulacion-en-el-caribe\/\">Catamaranes lujosos con Tripulaci\u00f3n en el Caribe<\/a><\/strong><\/p>\n<h3><strong>Yates de Motor de Lujo en el Caribe<\/strong><\/h3>\n<p>Navegar por el Caribe con estilo: descubre playas de arena blanca y exuberantes islas, disfruta de todo tipo de deportes acu\u00e1ticos, obt\u00e9n el &#8220;Caribbean Feeling&#8221; a bordo de tu yate privado y en tierra:<strong> <a href=\"https:\/\/yachtcharter-connection.com\/es\/yates-de-motor-de-lujo-en-el-caribe\/\">Yates de Motor de Lujo en el Caribe<\/a><\/strong><\/p>\n<h3><strong><b>Alquiler de Yates de Lujo Cuba<\/b><\/strong><\/h3>\n<p>Hasta hace poco, Cuba estaba separada de los habituales itinerarios de los yates de ch\u00e1rter de lujo: ahora es posible explorar Cuba a bordo de un yate de lujo. A veces, incluso el embarque en Florida es posible:<strong> <a href=\"https:\/\/yachtcharter-connection.com\/es\/alquiler-de-yates-de-lujo-cuba\/\">Alquiler de Yates de Lujo Cuba<\/a><\/strong><\/p>\n<h3><strong>Alquiler de Barcos y Yates de Motor de Lujo en Florida<\/strong><\/h3>\n<p>Navegar por Florida: la costa atl\u00e1ntica de Florida, la vida animada en Miami, los Cayos de Florida y Dry Torgutas, las playas doradas de la Costa del Golfo y las Bahamas os esperan:<strong> <a href=\"https:\/\/yachtcharter-connection.com\/es\/yates-de-lujo-en-florida\/\">Yates de Motor de Lujo en Florida<\/a><\/strong><\/p>\n<h3><strong>Catamaranes y Yates a Vela de Lujo Bahamas<\/strong><\/h3>\n<p>Navegar por las Bahamas: disfrute de las playas rosadas y otras bellezas de las Exumas, o de los Abacos y otros grupos de islas de las Bahamas y rel\u00e1jese a bordo de su catamar\u00e1n de lujo con tripulaci\u00f3n o yate de vela:<strong> <a href=\"https:\/\/yachtcharter-connection.com\/es\/catamaranes-y-yates-a-vela-de-lujo-bahamas\/\">Catamaranes y Yates a Vela de Lujo Bahamas<\/a><\/strong><\/p>\n<h3><strong>Yates de Lujo Oc\u00e9ano Indico &amp; Asia del Este<br \/>\n<\/strong><\/h3>\n<p>Pueblos ex\u00f3ticos, la maravillosa naturaleza y las playas de la costa de Tailandia y las islas del mar de Andam\u00e1n, los secretos ocultos de Myanmar y el archipielaego de Mergui le esperan durante su crucero en un yate de lujo en el Oc\u00e9ano \u00cdndico, o las fant\u00e1sticas islas\u00a0 de las Seychelles o los atolones de las Maldivas:<strong> <a href=\"https:\/\/yachtcharter-connection.com\/es\/yates-de-lujo-oceano-indico\/\">Yates de Lujo Oc\u00e9ano Indico<\/a><\/strong><\/p>\n<h3><strong>Alquiler de Yates de Lujo Polinesia Francesa<br \/>\n<\/strong><\/h3>\n<p>Tahit\u00ed, Moorea, Fiji y muchas m\u00e1s islas: haga realidad su sue\u00f1o de navegar por el Mar del Sur a bordo de su lujoso yate de alquiler.:<strong> <a href=\"https:\/\/yachtcharter-connection.com\/es\/alquiler-de-yates-de-lujo-polinesia-francesa\/\">Alquiler de Yates de Lujo Polinesia Francesa<\/a><\/strong><\/p>\n<h3><strong>Yates de Lujo Gal\u00e1pagos<\/strong><\/h3>\n<p>Para explorar las islas de Gal\u00e1pagos, hay una grande seleccion de yates de lujo con triplacion &#8211; lee m\u00e1s aqui: <strong><a href=\"https:\/\/yachtcharter-connection.com\/es\/galapagos-yates-con-tripulacion\/\" target=\"_blank\" rel=\"noopener noreferrer\">yates de lujo Galapagos <\/a><\/strong>y preguntenos por ofertas.<\/p>\n","protected":false},"excerpt":{"rendered":"<p>Ch\u00e1rter de Yates de Lujo Los yates de lujo con capit\u00e1n y tripuclaci\u00f3n &#8211; disfrute de vacaciones y descanse en el mar, navegando muy c\u00f3modamente con velas o motor. Usted determina el planeamiento del viaje junto con el capit\u00e1n de su yate de ch\u00e1rter, el men\u00fa con el cocinero &#8211;<\/p>\n","protected":false},"author":11,"featured_media":0,"parent":0,"menu_order":0,"comment_status":"open","ping_status":"open","template":"","meta":[],"aioseo_notices":[],"_links":{"self":[{"href":"https:\/\/yachtcharter-connection.com\/es\/wp-json\/wp\/v2\/pages\/173"}],"collection":[{"href":"https:\/\/yachtcharter-connection.com\/es\/wp-json\/wp\/v2\/pages"}],"about":[{"href":"https:\/\/yachtcharter-connection.com\/es\/wp-json\/wp\/v2\/types\/page"}],"author":[{"embeddable":true,"href":"https:\/\/yachtcharter-connection.com\/es\/wp-json\/wp\/v2\/users\/11"}],"replies":[{"embeddable":true,"href":"https:\/\/yachtcharter-connection.com\/es\/wp-json\/wp\/v2\/comments?post=173"}],"version-history":[{"count":33,"href":"https:\/\/yachtcharter-connection.com\/es\/wp-json\/wp\/v2\/pages\/173\/revisions"}],"predecessor-version":[{"id":30514,"href":"https:\/\/yachtcharter-connection.com\/es\/wp-json\/wp\/v2\/pages\/173\/revisions\/30514"}],"wp:attachment":[{"href":"https:\/\/yachtcharter-connection.com\/es\/wp-json\/wp\/v2\/media?parent=173"}],"curies":[{"name":"wp","href":"https:\/\/api.w.org\/{rel}","templated":true}]}}