{"id":1733,"date":"2015-08-10T05:53:50","date_gmt":"2015-08-10T05:53:50","guid":{"rendered":"http:\/\/yachtcharter-connection.com.w01e47c6.kasserver.com\/agropoli-845\/"},"modified":"2017-07-16T15:21:53","modified_gmt":"2017-07-16T13:21:53","slug":"agropoli-845","status":"publish","type":"page","link":"https:\/\/yachtcharter-connection.com\/es\/regiones\/mediterraneo\/alquiler-barcos-tirreno-centro-y-sur\/agropoli-845\/","title":{"rendered":"Agropoli"},"content":{"rendered":"<h3>Alquiler de barcos Agropoli<\/h3>\n<p>\n<img class=\"content-image\"  src=\"https:\/\/yachtcharter-connection.com\/wp-content\/uploads\/converted_files\/20299\/20299-5624e12bde5e8.jpg\" alt=\"alquiler de barcos agropoli - cilento.jpg\" style=\"width: 300px; height: 200px;\" \/>El destino de alquiler de barcos Agropoli se encuentra en la regi\u00f3n de Campania y pertenece a la provincia de Salerno. Agropoli es perfecto para navegar a lo largo de la costa del Cilento. Se trata de alrededor de 100 kil\u00f3metros de largo y est\u00e1 marcada por numerosos pueblos, que a menudo han conservado su encanto medieval. Monta\u00f1as, valles, un Parque Nacional y la historia forman la regi\u00f3n: En Paestum hay por ejemplo varios templos griegos, que tienen m\u00e1s de 2.500 a\u00f1os. Equipos de alquiler de yates podr\u00e1n disfrutar de las especialidades culinarias locales, as\u00ed como de los aceites de oliva y vinos locales. <\/p>\n<p><strong>Alquiler de barcos Agropoli:<\/strong> En el puerto deportivo moderno de Agropoli, varios veleros est\u00e1n disponibles para los cruceros en charter en la costa de Cilento.<\/p>\n<p><\/p>\n","protected":false},"excerpt":{"rendered":"<p>Alquiler de barcos Agropoli El destino de alquiler de barcos Agropoli se encuentra en la regi\u00f3n de Campania y pertenece a la provincia de Salerno. Agropoli es perfecto para navegar a lo largo de la costa del Cilento. Se trata de alrededor de 100 kil\u00f3metros de largo y est\u00e1 marcada<\/p>\n","protected":false},"author":11,"featured_media":0,"parent":643,"menu_order":0,"comment_status":"open","ping_status":"open","template":"","meta":[],"aioseo_notices":[],"_links":{"self":[{"href":"https:\/\/yachtcharter-connection.com\/es\/wp-json\/wp\/v2\/pages\/1733"}],"collection":[{"href":"https:\/\/yachtcharter-connection.com\/es\/wp-json\/wp\/v2\/pages"}],"about":[{"href":"https:\/\/yachtcharter-connection.com\/es\/wp-json\/wp\/v2\/types\/page"}],"author":[{"embeddable":true,"href":"https:\/\/yachtcharter-connection.com\/es\/wp-json\/wp\/v2\/users\/11"}],"replies":[{"embeddable":true,"href":"https:\/\/yachtcharter-connection.com\/es\/wp-json\/wp\/v2\/comments?post=1733"}],"version-history":[{"count":1,"href":"https:\/\/yachtcharter-connection.com\/es\/wp-json\/wp\/v2\/pages\/1733\/revisions"}],"predecessor-version":[{"id":14398,"href":"https:\/\/yachtcharter-connection.com\/es\/wp-json\/wp\/v2\/pages\/1733\/revisions\/14398"}],"up":[{"embeddable":true,"href":"https:\/\/yachtcharter-connection.com\/es\/wp-json\/wp\/v2\/pages\/643"}],"wp:attachment":[{"href":"https:\/\/yachtcharter-connection.com\/es\/wp-json\/wp\/v2\/media?parent=1733"}],"curies":[{"name":"wp","href":"https:\/\/api.w.org\/{rel}","templated":true}]}}