{"id":1738,"date":"2014-06-28T18:55:29","date_gmt":"2014-06-28T18:55:29","guid":{"rendered":"http:\/\/yachtcharter-connection.com.w01e47c6.kasserver.com\/cerdena-carloforte-1\/"},"modified":"2018-03-06T21:52:01","modified_gmt":"2018-03-06T19:52:01","slug":"cerdena-carloforte-1","status":"publish","type":"page","link":"https:\/\/yachtcharter-connection.com\/es\/regiones\/mediterraneo\/alquiler-barcos-cerdena\/cerdena-carloforte-1\/","title":{"rendered":"Cerde\u00f1a \/ Carloforte"},"content":{"rendered":"<h1><strong>Alquiler de barcos Cerde\u00f1a &#8211; Carloforte<\/strong><\/h1>\n<p><img loading=\"lazy\" class=\"alignleft size-full wp-image-26137\" src=\"https:\/\/yachtcharter-connection.com\/wp-content\/uploads\/2014\/05\/Carloforte.jpg\" alt=\"Alquiler de barcos Carloforte\" width=\"420\" height=\"279\" srcset=\"https:\/\/yachtcharter-connection.com\/wp-content\/uploads\/2014\/05\/Carloforte.jpg 420w, https:\/\/yachtcharter-connection.com\/wp-content\/uploads\/2014\/05\/Carloforte-300x199.jpg 300w\" sizes=\"(max-width: 420px) 100vw, 420px\" \/>El destino de alquiler de barcos Carloforte es una peque\u00f1a ciudad en la isla de San Pietro, en el suroeste de Cerde\u00f1a. La pintoresca ciudad pesquera, que tambi\u00e9n es un popular puerto de ferrys, es miembro de la Assiociation de los lugares m\u00e1s bellos de Italia (I borghi pi\u00f9 belli d&#8217;Italia). Las calles estrechas y las animadas plazas te invitan a dar un paseo, as\u00ed como al paseo junto al mar. Desde el antiguo barrio de Castello o la fortaleza Forte Carlo Emanuele III, tiene una hermosa vista de la ciudad. Los habitantes de Carloforte originalmente proven\u00edan de Liguria y hablan entre ellos un antiguo dialecto de Liguria hasta hoy. En el pasado, en su mayor\u00eda viv\u00edan de la pesca del at\u00fan.<\/p>\n<p>La Isola San Pietro en s\u00ed es predominantemente verde, con olivares y vides de uva. En los acantilados, peque\u00f1as bah\u00edas como la de Cala Fico est\u00e1n esperando nadadores y buceadores\u00a0 Los tripulantes de yates que navegan desde Carloforte tambi\u00e9n visitar\u00e1n la isla vecina de Sant&#8217;Antioco, la cuarta isla m\u00e1s grande de Italia con ruinas, rocas y edificios que datan de m\u00e1s de 7,000 a\u00f1os de historia. Otros destinos de navegaci\u00f3n en ch\u00e1rter en la costa sur de Cerde\u00f1a son por ejemplo Porto Pino, Capo Spartivento y, por supuesto, el Golfo de Cagliari.<\/p>\n<h1><strong>Yates de Ch\u00e1rter Carloforte<\/strong><\/h1>\n<p>En Carloforte hay una flota de veleros disponibles para su crucero de alquiler de barcos en el sur de Cerde\u00f1a. Alquile el mejor yate para su crucero de Carloforte en l\u00ednea o solicite una oferta &#8211;\u00a0 tambi\u00e9n para yates de lujo y catamaranes con tripulaci\u00f3n.<\/p>\n","protected":false},"excerpt":{"rendered":"<p>Alquiler de barcos Cerde\u00f1a &#8211; Carloforte El destino de alquiler de barcos Carloforte es una peque\u00f1a ciudad en la isla de San Pietro, en el suroeste de Cerde\u00f1a. La pintoresca ciudad pesquera, que tambi\u00e9n es un popular puerto de ferrys, es miembro de la Assiociation de los lugares m\u00e1s bellos<\/p>\n","protected":false},"author":11,"featured_media":0,"parent":665,"menu_order":0,"comment_status":"open","ping_status":"open","template":"","meta":[],"aioseo_notices":[],"_links":{"self":[{"href":"https:\/\/yachtcharter-connection.com\/es\/wp-json\/wp\/v2\/pages\/1738"}],"collection":[{"href":"https:\/\/yachtcharter-connection.com\/es\/wp-json\/wp\/v2\/pages"}],"about":[{"href":"https:\/\/yachtcharter-connection.com\/es\/wp-json\/wp\/v2\/types\/page"}],"author":[{"embeddable":true,"href":"https:\/\/yachtcharter-connection.com\/es\/wp-json\/wp\/v2\/users\/11"}],"replies":[{"embeddable":true,"href":"https:\/\/yachtcharter-connection.com\/es\/wp-json\/wp\/v2\/comments?post=1738"}],"version-history":[{"count":3,"href":"https:\/\/yachtcharter-connection.com\/es\/wp-json\/wp\/v2\/pages\/1738\/revisions"}],"predecessor-version":[{"id":26143,"href":"https:\/\/yachtcharter-connection.com\/es\/wp-json\/wp\/v2\/pages\/1738\/revisions\/26143"}],"up":[{"embeddable":true,"href":"https:\/\/yachtcharter-connection.com\/es\/wp-json\/wp\/v2\/pages\/665"}],"wp:attachment":[{"href":"https:\/\/yachtcharter-connection.com\/es\/wp-json\/wp\/v2\/media?parent=1738"}],"curies":[{"name":"wp","href":"https:\/\/api.w.org\/{rel}","templated":true}]}}