{"id":174,"date":"2015-02-26T21:19:48","date_gmt":"2015-02-26T21:19:48","guid":{"rendered":"http:\/\/yachtcharter-connection.com.w01e47c6.kasserver.com\/yates-de-lujo-con-tripulation\/"},"modified":"2017-10-31T16:27:03","modified_gmt":"2017-10-31T14:27:03","slug":"yates-de-lujo-con-tripulation","status":"publish","type":"page","link":"https:\/\/yachtcharter-connection.com\/es\/yates-de-lujo-con-tripulation\/","title":{"rendered":"Yates de Lujo con Tripulaci\u00f3n"},"content":{"rendered":"<h1><strong>Ch\u00e1rter de Yates de Lujo con Tripulaci\u00f3n<br \/>\n<\/strong><\/h1>\n<p><span id=\"result_box\" class=\"\" lang=\"es\"><br \/>\n<strong>La mejor experiencia de vacaciones: unas vacaciones a bordo de un yate con una tripulaci\u00f3n que se preocupa por usted y ofrece un servicio perfecto a bordo. Puede navegar donde quiere hacer un crucero: en todos los hermosos destinos del mundo. <span class=\"\">Ofrecemos todos los yates de lujo para charter:<\/span><\/strong><\/span><span id=\"result_box\" class=\"\" lang=\"es\"><\/span><\/p>\n<p><span id=\"result_box\" class=\"\" lang=\"es\"><br \/>\n&#8211;\u00a0 <span class=\"\">todo tipo de yates de lujo: yates a motor, yates de vela, catamaranes, goletas y motoveleros<\/span><br \/>\n&#8211;\u00a0 <span class=\"\">todos los tama\u00f1os de yates de lujo y con tripulaci\u00f3n: desde yates de lujo hasta superyates y megayates<\/span><br \/>\n&#8211; <span class=\"\">todos los destinos de ch\u00e1rter: en el Mediterr\u00e1neo, el Caribe, el Oc\u00e9ano \u00cdndico, el Mar del Sur, el Atl\u00e1ntico y el Oc\u00e9ano Pac\u00edfico y m\u00e1s<\/span><\/span><\/p>\n<p><strong><span class=\"\">Todos los tipos de yates de lujo: yates a motor, veleros, catamaranes, goletas &#8211; todos los tama\u00f1os, incluyendo superyates y megayates<\/span><\/strong><\/p>\n<p>&nbsp;<\/p>\n<p><a href=\"https:\/\/yachtcharter-connection.com\/wp-content\/uploads\/2014\/04\/Luxury-superyachts-Western-Med.jpg\"><img loading=\"lazy\" class=\"alignleft wp-image-25541 size-full\" src=\"https:\/\/yachtcharter-connection.com\/wp-content\/uploads\/2014\/04\/Luxury-superyachts-Western-Med.jpg\" alt=\"Superyates de lujo de ch\u00e1rter\" width=\"600\" height=\"399\" srcset=\"https:\/\/yachtcharter-connection.com\/wp-content\/uploads\/2014\/04\/Luxury-superyachts-Western-Med.jpg 600w, https:\/\/yachtcharter-connection.com\/wp-content\/uploads\/2014\/04\/Luxury-superyachts-Western-Med-300x200.jpg 300w\" sizes=\"(max-width: 600px) 100vw, 600px\" \/><\/a><\/p>\n<p><a href=\"https:\/\/yachtcharter-connection.com\/wp-content\/uploads\/2014\/04\/Luxury-catamarans-for-charter-Med-and-Caribbean.jpg\"><img loading=\"lazy\" class=\"alignleft wp-image-25543 size-full\" src=\"https:\/\/yachtcharter-connection.com\/wp-content\/uploads\/2014\/04\/Luxury-catamarans-for-charter-Med-and-Caribbean.jpg\" alt=\"Yates de lujo de alquiler - catamaranes Mediterraneo - Caribe\" width=\"600\" height=\"352\" srcset=\"https:\/\/yachtcharter-connection.com\/wp-content\/uploads\/2014\/04\/Luxury-catamarans-for-charter-Med-and-Caribbean.jpg 600w, https:\/\/yachtcharter-connection.com\/wp-content\/uploads\/2014\/04\/Luxury-catamarans-for-charter-Med-and-Caribbean-300x176.jpg 300w\" sizes=\"(max-width: 600px) 100vw, 600px\" \/><\/a><\/p>\n<p><a href=\"https:\/\/yachtcharter-connection.com\/wp-content\/uploads\/2014\/04\/Luxury-gulets-motorsailer-charters.jpg\"><img loading=\"lazy\" class=\"alignleft wp-image-25544 size-full\" src=\"https:\/\/yachtcharter-connection.com\/wp-content\/uploads\/2014\/04\/Luxury-gulets-motorsailer-charters.jpg\" alt=\"Yates de lujo - goletas y motoveleros de ch\u00e1rter\" width=\"600\" height=\"420\" srcset=\"https:\/\/yachtcharter-connection.com\/wp-content\/uploads\/2014\/04\/Luxury-gulets-motorsailer-charters.jpg 600w, https:\/\/yachtcharter-connection.com\/wp-content\/uploads\/2014\/04\/Luxury-gulets-motorsailer-charters-300x210.jpg 300w\" sizes=\"(max-width: 600px) 100vw, 600px\" \/><\/a><\/p>\n<h2><a href=\"https:\/\/yachtcharter-connection.com\/wp-content\/uploads\/2014\/04\/Luxury-megayachts-for-charter.jpg\"><img loading=\"lazy\" class=\"alignleft wp-image-25545\" src=\"https:\/\/yachtcharter-connection.com\/wp-content\/uploads\/2014\/04\/Luxury-megayachts-for-charter.jpg\" alt=\"Megayates de ch\u00e1rter\" width=\"598\" height=\"299\" srcset=\"https:\/\/yachtcharter-connection.com\/wp-content\/uploads\/2014\/04\/Luxury-megayachts-for-charter.jpg 600w, https:\/\/yachtcharter-connection.com\/wp-content\/uploads\/2014\/04\/Luxury-megayachts-for-charter-300x150.jpg 300w\" sizes=\"(max-width: 598px) 100vw, 598px\" \/><\/a><\/h2>\n<p><a href=\"https:\/\/yachtcharter-connection.com\/wp-content\/uploads\/2014\/04\/Luxury-sailing-yachts-1.jpg\"><img loading=\"lazy\" class=\"alignleft wp-image-25547\" src=\"https:\/\/yachtcharter-connection.com\/wp-content\/uploads\/2014\/04\/Luxury-sailing-yachts-1.jpg\" alt=\"Yates a vela - veleros de lujo de alquiler\" width=\"595\" height=\"350\" srcset=\"https:\/\/yachtcharter-connection.com\/wp-content\/uploads\/2014\/04\/Luxury-sailing-yachts-1.jpg 600w, https:\/\/yachtcharter-connection.com\/wp-content\/uploads\/2014\/04\/Luxury-sailing-yachts-1-300x177.jpg 300w\" sizes=\"(max-width: 595px) 100vw, 595px\" \/><\/a><\/p>\n<p><a href=\"https:\/\/yachtcharter-connection.com\/wp-content\/uploads\/2014\/04\/Luxury-Yacht-charters-Megayachts.jpg\"><img loading=\"lazy\" class=\"alignleft wp-image-25548 size-full\" src=\"https:\/\/yachtcharter-connection.com\/wp-content\/uploads\/2014\/04\/Luxury-Yacht-charters-Megayachts.jpg\" alt=\"Yates de lujo - ch\u00e1rter de megayates\" width=\"600\" height=\"377\" srcset=\"https:\/\/yachtcharter-connection.com\/wp-content\/uploads\/2014\/04\/Luxury-Yacht-charters-Megayachts.jpg 600w, https:\/\/yachtcharter-connection.com\/wp-content\/uploads\/2014\/04\/Luxury-Yacht-charters-Megayachts-300x189.jpg 300w\" sizes=\"(max-width: 600px) 100vw, 600px\" \/><\/a> <a href=\"https:\/\/yachtcharter-connection.com\/wp-content\/uploads\/2014\/04\/Luxury-sailing-yachts-for-charter.jpg\"><img loading=\"lazy\" class=\"alignleft wp-image-25549 size-full\" src=\"https:\/\/yachtcharter-connection.com\/wp-content\/uploads\/2014\/04\/Luxury-sailing-yachts-for-charter.jpg\" alt=\"Megayate a vela en ch\u00e1rter\" width=\"600\" height=\"421\" srcset=\"https:\/\/yachtcharter-connection.com\/wp-content\/uploads\/2014\/04\/Luxury-sailing-yachts-for-charter.jpg 600w, https:\/\/yachtcharter-connection.com\/wp-content\/uploads\/2014\/04\/Luxury-sailing-yachts-for-charter-300x211.jpg 300w\" sizes=\"(max-width: 600px) 100vw, 600px\" \/><\/a><\/p>\n","protected":false},"excerpt":{"rendered":"<p>Ch\u00e1rter de Yates de Lujo con Tripulaci\u00f3n La mejor experiencia de vacaciones: unas vacaciones a bordo de un yate con una tripulaci\u00f3n que se preocupa por usted y ofrece un servicio perfecto a bordo. Puede navegar donde quiere hacer un crucero: en todos los hermosos destinos del mundo. Ofrecemos todos<\/p>\n","protected":false},"author":11,"featured_media":0,"parent":0,"menu_order":0,"comment_status":"open","ping_status":"open","template":"","meta":[],"aioseo_notices":[],"_links":{"self":[{"href":"https:\/\/yachtcharter-connection.com\/es\/wp-json\/wp\/v2\/pages\/174"}],"collection":[{"href":"https:\/\/yachtcharter-connection.com\/es\/wp-json\/wp\/v2\/pages"}],"about":[{"href":"https:\/\/yachtcharter-connection.com\/es\/wp-json\/wp\/v2\/types\/page"}],"author":[{"embeddable":true,"href":"https:\/\/yachtcharter-connection.com\/es\/wp-json\/wp\/v2\/users\/11"}],"replies":[{"embeddable":true,"href":"https:\/\/yachtcharter-connection.com\/es\/wp-json\/wp\/v2\/comments?post=174"}],"version-history":[{"count":7,"href":"https:\/\/yachtcharter-connection.com\/es\/wp-json\/wp\/v2\/pages\/174\/revisions"}],"predecessor-version":[{"id":25560,"href":"https:\/\/yachtcharter-connection.com\/es\/wp-json\/wp\/v2\/pages\/174\/revisions\/25560"}],"wp:attachment":[{"href":"https:\/\/yachtcharter-connection.com\/es\/wp-json\/wp\/v2\/media?parent=174"}],"curies":[{"name":"wp","href":"https:\/\/api.w.org\/{rel}","templated":true}]}}